{"id":850,"date":"2018-09-19T09:00:03","date_gmt":"2018-09-19T09:00:03","guid":{"rendered":"http:\/\/www.glorialerin.com\/terapias\/como-liberar-el-cuerpo-perdido-en-sus-protecciones-en-sus-tensiones-3\/"},"modified":"2018-09-19T09:08:29","modified_gmt":"2018-09-19T09:08:29","slug":"recobrar-el-contacto-con-los-sentidos","status":"publish","type":"page","link":"https:\/\/www.glorialerin.com\/terapias\/recobrar-el-contacto-con-los-sentidos\/","title":{"rendered":"Recobrar el contacto con los sentidos"},"content":{"rendered":"<p>[et_pb_section bb_built=\u00bb1&#8243; fullwidth=\u00bbon\u00bb _builder_version=\u00bb3.0.92&#8243;][et_pb_fullwidth_slider _builder_version=\u00bb3.0.92&#8243; custom_padding=\u00bb|0px||0px\u00bb show_arrows=\u00bbon\u00bb show_pagination=\u00bbon\u00bb show_inner_shadow=\u00bbon\u00bb custom_button=\u00bboff\u00bb button_icon_placement=\u00bbright\u00bb show_content_on_mobile=\u00bbon\u00bb show_cta_on_mobile=\u00bbon\u00bb show_image_video_mobile=\u00bboff\u00bb][et_pb_slide heading=\u00bbRECOBRAR EL CONTACTO CON LOS SENTIDOS\u00bb use_bg_overlay=\u00bboff\u00bb use_text_overlay=\u00bboff\u00bb _builder_version=\u00bb3.0.92&#8243; header_font=\u00bbMontserrat|700|||||||\u00bb header_font_size=\u00bb50px\u00bb header_font_size_tablet=\u00bb50px\u00bb header_font_size_phone=\u00bb50px\u00bb body_font=\u00bbMontserrat||||||||\u00bb body_font_size=\u00bb20px\u00bb body_font_size_tablet=\u00bb20px\u00bb body_font_size_phone=\u00bb20px\u00bb use_background_color_gradient=\u00bbon\u00bb background_color_gradient_start=\u00bb#ffffff\u00bb background_color_gradient_end=\u00bb#ffffff\u00bb background_image=\u00bbhttp:\/\/www.glorialerin.com\/terapias\/wp-content\/uploads\/2018\/09\/recobrar-los-sentidos-gloria-lerin.png\u00bb background_color_gradient_type=\u00bblinear\u00bb background_color_gradient_direction=\u00bb180deg\u00bb background_color_gradient_direction_radial=\u00bbcenter\u00bb background_color_gradient_start_position=\u00bb0%\u00bb background_color_gradient_end_position=\u00bb100%\u00bb background_color_gradient_overlays_image=\u00bboff\u00bb parallax=\u00bboff\u00bb parallax_method=\u00bbon\u00bb background_size=\u00bbcover\u00bb background_position=\u00bbcenter\u00bb background_repeat=\u00bbno-repeat\u00bb background_blend=\u00bbnormal\u00bb allow_player_pause=\u00bboff\u00bb text_border_radius=\u00bb3&#8243; alignment=\u00bbcenter\u00bb child_filter_hue_rotate=\u00bb0deg\u00bb child_filter_saturate=\u00bb100%\u00bb child_filter_brightness=\u00bb100%\u00bb child_filter_contrast=\u00bb100%\u00bb child_filter_invert=\u00bb0%\u00bb child_filter_sepia=\u00bb0%\u00bb child_filter_opacity=\u00bb100%\u00bb child_filter_blur=\u00bb0px\u00bb child_mix_blend_mode=\u00bbnormal\u00bb background_layout=\u00bbdark\u00bb]<\/p>\n<p>BASADO EN LA CONSCIENCIA SENSORIAL<\/p>\n<p>[\/et_pb_slide][\/et_pb_fullwidth_slider][\/et_pb_section][et_pb_section bb_built=\u00bb1&#8243; _builder_version=\u00bb3.0.92&#8243;][et_pb_row _builder_version=\u00bb3.0.92&#8243;][et_pb_column type=\u00bb1_2&#8243;][et_pb_text _builder_version=\u00bb3.0.92&#8243; background_layout=\u00bblight\u00bb]<\/p>\n<p>La Consciencia Sensorial es una pr\u00e1ctica corporal que nos da la libertad de explorar sensitivamente un movimiento \u00a0y as\u00ed aprender de la experiencia vivida para conocernos mejor. Estamos abiertos a la esencia del momento que vivimos tal como se presente.<\/p>\n<p>En \u00e9ste taller vamos a explorar el contacto con nuestros\u00a0 sentidos. Cuanto m\u00e1s una persona est\u00e9 tensa, contra\u00edda, encerrada en s\u00ed misma m\u00e1s los sentidos se debilitan.\u00a0 Cuanto m\u00e1s nos liberamos de nuestras protecciones, \u00a0tanto m\u00e1s nos abrimos a vivir nuevas experiencias, nuestra respiraci\u00f3n \u00a0encuentra su ritmo natural, es m\u00e1s profunda \u00a0d\u00e1ndonos una sensaci\u00f3n de calma interior. Nuestros tejidos se ablandan y \u00a0estamos m\u00e1s receptivos \u00a0al mundo \u00a0que nos rodea.<\/p>\n<p>Nuestros sentidos act\u00faan como un filtro que facilita la comunicaci\u00f3n entre nuestro mundo interior y nuestro mundo exterior, nos dan una mejor percepci\u00f3n de nuestras sensaciones.<\/p>\n<p>Hay una tendencia en vivir precipitadamente, enredados en nuestros pensamientos y no nos damos el tiempo suficiente para estar en donde fluye la vida en cada instante.<\/p>\n<p>\u00bfSientes la calidez de un abrazo, el calor del sol en nuestra piel?<br \/>\n\u00bfPercibes la aroma de un perfume, el olor de la hierba mojada?<br \/>\n\u00bfDegustas con placer tu plato preferido? \u00bfHay una diferencia entre tragar y saborear?<br \/>\n\u00bfTe deleitas al escuchar una m\u00fasica sublime? \u00bfEst\u00e1s atento cuando escuchas lo que dice una persona?<br \/>\n\u00bfTe emociona ver una puesta del sol? \u00bfQu\u00e9 sientes cuando ves la sonrisa de un ni\u00f1o?<br \/>\n\u00bfQu\u00e9 sentido tienes m\u00e1s privilegiado?<\/p>\n<p>Recobrar el contacto con nuestros sentidos nos da la sensaci\u00f3n de estar vivos, de ser m\u00e1s creativos, de sorprendernos en \u00a0cada instante \u00a0de lo que la vida nos ofrece. Salimos del aislamiento, del estar separados de los dem\u00e1s para comunicarnos con m\u00e1s autenticidad. \u00a0Hay un intercambio m\u00e1s fluido entre lo que \u00a0damos y lo que recibimos.<\/p>\n<p>A trav\u00e9s de la\u00a0 Consciencia Sensorial los sentidos se despiertan devolvi\u00e9ndoles la dignidad que se merecen.<\/p>\n<p><strong>Impartido por Gloria Lerin<\/strong><br \/>\n<strong>Lugar: L\u2019eix-ample. C\/ Bruc 125 bajos. Barcelona<\/strong><br \/>\n<strong>Tel\u00e9fono: 93 457 61 40<\/strong><br \/>\n<strong>info@glorialerin.com \/ www.glorialerin.com<\/strong><\/p>\n<p>[\/et_pb_text][\/et_pb_column][et_pb_column type=\u00bb1_2&#8243;][et_pb_text _builder_version=\u00bb3.0.92&#8243; background_layout=\u00bblight\u00bb]<\/p>\n<p><strong>Fechas:<\/strong><\/p>\n<p>S\u00e1bado 15 de diciembre 2018 de 10h a 14h<\/p>\n<p>[\/et_pb_text][et_pb_text _builder_version=\u00bb3.0.92&#8243; background_layout=\u00bblight\u00bb]<\/p>\n<p><iframe loading=\"lazy\" src=\"https:\/\/www.youtube.com\/embed\/173NwwBMaXs?rel=0\" width=\"560\" height=\"315\" frameborder=\"0\" allowfullscreen=\"allowfullscreen\"><\/iframe><\/p>\n<p>[\/et_pb_text][\/et_pb_column][\/et_pb_row][et_pb_row _builder_version=\u00bb3.0.92&#8243;][et_pb_column type=\u00bb1_2&#8243;][et_pb_image src=\u00bbhttp:\/\/www.glorialerin.com\/terapias\/wp-content\/uploads\/2018\/01\/mandala-libertad-de-amar-gloria-lerin.jpg\u00bb _builder_version=\u00bb3.0.92&#8243; show_in_lightbox=\u00bboff\u00bb url_new_window=\u00bboff\u00bb use_overlay=\u00bboff\u00bb always_center_on_mobile=\u00bbon\u00bb force_fullwidth=\u00bboff\u00bb show_bottom_space=\u00bbon\u00bb]<\/p>\n<p>&nbsp;<\/p>\n<p>[\/et_pb_image][\/et_pb_column][et_pb_column type=\u00bb1_2&#8243;][et_pb_contact_form admin_label=\u00bbContacto parental\u00bb email=\u00bbinfo@glorialerin.com\u00bb title=\u00bb\u00bfTe interesa el Taller %22Recobrar el contacto con los sentidos%22?\u00bb module_id=\u00bbet_pb_contact_form_0&#8243; _builder_version=\u00bb3.0.92&#8243; title_font=\u00bbMontserrat|700|||||||\u00bb title_font_size=\u00bb16px\u00bb title_line_height=\u00bb2em\u00bb form_field_font=\u00bbMontserrat||||||||\u00bb custom_button=\u00bbon\u00bb button_text_color=\u00bb#626262&#8243; button_font=\u00bbMontserrat||||||||\u00bb captcha=\u00bbon\u00bb use_redirect=\u00bboff\u00bb button_icon_placement=\u00bbright\u00bb][et_pb_contact_field field_id=\u00bbNombre\u00bb field_title=\u00bbNombre*\u00bb fullwidth_field=\u00bbon\u00bb _builder_version=\u00bb3.0.92&#8243;][\/et_pb_contact_field][et_pb_contact_field field_id=\u00bbCorreo_electr\u00f3nico\u00bb field_title=\u00bbCorreo electr\u00f3nico*\u00bb fullwidth_field=\u00bbon\u00bb _builder_version=\u00bb3.0.92&#8243;][\/et_pb_contact_field][et_pb_contact_field field_id=\u00bbTel\u00e9fono\u00bb field_title=\u00bbTel\u00e9fono\u00bb required_mark=\u00bboff\u00bb fullwidth_field=\u00bbon\u00bb _builder_version=\u00bb3.0.92&#8243;][\/et_pb_contact_field][et_pb_contact_field field_id=\u00bbMensaje\u00bb field_title=\u00bbMensaje*\u00bb field_type=\u00bbtext\u00bb fullwidth_field=\u00bbon\u00bb _builder_version=\u00bb3.0.92&#8243; border_radii=\u00bbon||||\u00bb][\/et_pb_contact_field][et_pb_contact_field field_id=\u00bbPol\u00edtica_de_privacidad\u00bb field_title=\u00bb \u00bb field_type=\u00bbcheckbox\u00bb checkbox_options=\u00bb%91{%22value%22:%22He le\u00eddo y acepto la pol\u00edtica de privacidad.%22,%22checked%22:0}%93&#8243; fullwidth_field=\u00bbon\u00bb _builder_version=\u00bb3.0.92&#8243; form_field_font=\u00bb||||||||\u00bb][\/et_pb_contact_field][\/et_pb_contact_form][\/et_pb_column][\/et_pb_row][\/et_pb_section]<\/p>\n","protected":false},"excerpt":{"rendered":"<p>BASADO EN LA CONSCIENCIA SENSORIAL La Consciencia Sensorial es una pr\u00e1ctica corporal que nos da la libertad de explorar sensitivamente un movimiento \u00a0y as\u00ed aprender de la experiencia vivida para conocernos mejor. Estamos abiertos a la esencia del momento que vivimos tal como se presente. En \u00e9ste taller vamos a explorar el contacto con nuestros\u00a0 [&hellip;]<\/p>\n","protected":false},"author":1,"featured_media":0,"parent":0,"menu_order":0,"comment_status":"closed","ping_status":"closed","template":"","meta":{"_et_pb_use_builder":"on","_et_pb_old_content":"","_et_gb_content_width":"","footnotes":""},"class_list":["post-850","page","type-page","status-publish","hentry"],"yoast_head":"<!-- This site is optimized with the Yoast SEO plugin v26.2 - https:\/\/yoast.com\/wordpress\/plugins\/seo\/ -->\n<title>Recobrar el contacto con los sentidos - Glora Lerin<\/title>\n<meta name=\"robots\" content=\"index, follow, max-snippet:-1, max-image-preview:large, max-video-preview:-1\" \/>\n<link rel=\"canonical\" href=\"https:\/\/www.glorialerin.com\/terapias\/recobrar-el-contacto-con-los-sentidos\/\" \/>\n<meta property=\"og:locale\" content=\"es_ES\" \/>\n<meta property=\"og:type\" content=\"article\" \/>\n<meta property=\"og:title\" content=\"Recobrar el contacto con los sentidos - Glora Lerin\" \/>\n<meta property=\"og:description\" content=\"BASADO EN LA CONSCIENCIA SENSORIAL La Consciencia Sensorial es una pr\u00e1ctica corporal que nos da la libertad de explorar sensitivamente un movimiento \u00a0y as\u00ed aprender de la experiencia vivida para conocernos mejor. Estamos abiertos a la esencia del momento que vivimos tal como se presente. En \u00e9ste taller vamos a explorar el contacto con nuestros\u00a0 [&hellip;]\" \/>\n<meta property=\"og:url\" content=\"https:\/\/www.glorialerin.com\/terapias\/recobrar-el-contacto-con-los-sentidos\/\" \/>\n<meta property=\"og:site_name\" content=\"Glora Lerin\" \/>\n<meta property=\"article:modified_time\" content=\"2018-09-19T09:08:29+00:00\" \/>\n<meta name=\"twitter:card\" content=\"summary_large_image\" \/>\n<meta name=\"twitter:label1\" content=\"Tiempo de lectura\" \/>\n\t<meta name=\"twitter:data1\" content=\"5 minutos\" \/>\n<script type=\"application\/ld+json\" class=\"yoast-schema-graph\">{\"@context\":\"https:\/\/schema.org\",\"@graph\":[{\"@type\":\"WebPage\",\"@id\":\"https:\/\/www.glorialerin.com\/terapias\/recobrar-el-contacto-con-los-sentidos\/\",\"url\":\"https:\/\/www.glorialerin.com\/terapias\/recobrar-el-contacto-con-los-sentidos\/\",\"name\":\"Recobrar el contacto con los sentidos - Glora Lerin\",\"isPartOf\":{\"@id\":\"https:\/\/www.glorialerin.com\/terapias\/#website\"},\"datePublished\":\"2018-09-19T09:00:03+00:00\",\"dateModified\":\"2018-09-19T09:08:29+00:00\",\"breadcrumb\":{\"@id\":\"https:\/\/www.glorialerin.com\/terapias\/recobrar-el-contacto-con-los-sentidos\/#breadcrumb\"},\"inLanguage\":\"es\",\"potentialAction\":[{\"@type\":\"ReadAction\",\"target\":[\"https:\/\/www.glorialerin.com\/terapias\/recobrar-el-contacto-con-los-sentidos\/\"]}]},{\"@type\":\"BreadcrumbList\",\"@id\":\"https:\/\/www.glorialerin.com\/terapias\/recobrar-el-contacto-con-los-sentidos\/#breadcrumb\",\"itemListElement\":[{\"@type\":\"ListItem\",\"position\":1,\"name\":\"Portada\",\"item\":\"https:\/\/www.glorialerin.com\/terapias\/\"},{\"@type\":\"ListItem\",\"position\":2,\"name\":\"Recobrar el contacto con los sentidos\"}]},{\"@type\":\"WebSite\",\"@id\":\"https:\/\/www.glorialerin.com\/terapias\/#website\",\"url\":\"https:\/\/www.glorialerin.com\/terapias\/\",\"name\":\"Glora Lerin\",\"description\":\"\",\"potentialAction\":[{\"@type\":\"SearchAction\",\"target\":{\"@type\":\"EntryPoint\",\"urlTemplate\":\"https:\/\/www.glorialerin.com\/terapias\/?s={search_term_string}\"},\"query-input\":{\"@type\":\"PropertyValueSpecification\",\"valueRequired\":true,\"valueName\":\"search_term_string\"}}],\"inLanguage\":\"es\"}]}<\/script>\n<!-- \/ Yoast SEO plugin. -->","yoast_head_json":{"title":"Recobrar el contacto con los sentidos - Glora Lerin","robots":{"index":"index","follow":"follow","max-snippet":"max-snippet:-1","max-image-preview":"max-image-preview:large","max-video-preview":"max-video-preview:-1"},"canonical":"https:\/\/www.glorialerin.com\/terapias\/recobrar-el-contacto-con-los-sentidos\/","og_locale":"es_ES","og_type":"article","og_title":"Recobrar el contacto con los sentidos - Glora Lerin","og_description":"BASADO EN LA CONSCIENCIA SENSORIAL La Consciencia Sensorial es una pr\u00e1ctica corporal que nos da la libertad de explorar sensitivamente un movimiento \u00a0y as\u00ed aprender de la experiencia vivida para conocernos mejor. Estamos abiertos a la esencia del momento que vivimos tal como se presente. En \u00e9ste taller vamos a explorar el contacto con nuestros\u00a0 [&hellip;]","og_url":"https:\/\/www.glorialerin.com\/terapias\/recobrar-el-contacto-con-los-sentidos\/","og_site_name":"Glora Lerin","article_modified_time":"2018-09-19T09:08:29+00:00","twitter_card":"summary_large_image","twitter_misc":{"Tiempo de lectura":"5 minutos"},"schema":{"@context":"https:\/\/schema.org","@graph":[{"@type":"WebPage","@id":"https:\/\/www.glorialerin.com\/terapias\/recobrar-el-contacto-con-los-sentidos\/","url":"https:\/\/www.glorialerin.com\/terapias\/recobrar-el-contacto-con-los-sentidos\/","name":"Recobrar el contacto con los sentidos - Glora Lerin","isPartOf":{"@id":"https:\/\/www.glorialerin.com\/terapias\/#website"},"datePublished":"2018-09-19T09:00:03+00:00","dateModified":"2018-09-19T09:08:29+00:00","breadcrumb":{"@id":"https:\/\/www.glorialerin.com\/terapias\/recobrar-el-contacto-con-los-sentidos\/#breadcrumb"},"inLanguage":"es","potentialAction":[{"@type":"ReadAction","target":["https:\/\/www.glorialerin.com\/terapias\/recobrar-el-contacto-con-los-sentidos\/"]}]},{"@type":"BreadcrumbList","@id":"https:\/\/www.glorialerin.com\/terapias\/recobrar-el-contacto-con-los-sentidos\/#breadcrumb","itemListElement":[{"@type":"ListItem","position":1,"name":"Portada","item":"https:\/\/www.glorialerin.com\/terapias\/"},{"@type":"ListItem","position":2,"name":"Recobrar el contacto con los sentidos"}]},{"@type":"WebSite","@id":"https:\/\/www.glorialerin.com\/terapias\/#website","url":"https:\/\/www.glorialerin.com\/terapias\/","name":"Glora Lerin","description":"","potentialAction":[{"@type":"SearchAction","target":{"@type":"EntryPoint","urlTemplate":"https:\/\/www.glorialerin.com\/terapias\/?s={search_term_string}"},"query-input":{"@type":"PropertyValueSpecification","valueRequired":true,"valueName":"search_term_string"}}],"inLanguage":"es"}]}},"_links":{"self":[{"href":"https:\/\/www.glorialerin.com\/terapias\/wp-json\/wp\/v2\/pages\/850","targetHints":{"allow":["GET"]}}],"collection":[{"href":"https:\/\/www.glorialerin.com\/terapias\/wp-json\/wp\/v2\/pages"}],"about":[{"href":"https:\/\/www.glorialerin.com\/terapias\/wp-json\/wp\/v2\/types\/page"}],"author":[{"embeddable":true,"href":"https:\/\/www.glorialerin.com\/terapias\/wp-json\/wp\/v2\/users\/1"}],"replies":[{"embeddable":true,"href":"https:\/\/www.glorialerin.com\/terapias\/wp-json\/wp\/v2\/comments?post=850"}],"version-history":[{"count":2,"href":"https:\/\/www.glorialerin.com\/terapias\/wp-json\/wp\/v2\/pages\/850\/revisions"}],"predecessor-version":[{"id":854,"href":"https:\/\/www.glorialerin.com\/terapias\/wp-json\/wp\/v2\/pages\/850\/revisions\/854"}],"wp:attachment":[{"href":"https:\/\/www.glorialerin.com\/terapias\/wp-json\/wp\/v2\/media?parent=850"}],"curies":[{"name":"wp","href":"https:\/\/api.w.org\/{rel}","templated":true}]}}