{"id":729,"date":"2018-06-21T08:21:27","date_gmt":"2018-06-21T08:21:27","guid":{"rendered":"http:\/\/www.glorialerin.com\/terapias\/como-armonizar-nuestras-emociones-2\/"},"modified":"2018-09-03T21:13:30","modified_gmt":"2018-09-03T21:13:30","slug":"como-liberar-el-cuerpo-perdido-en-sus-protecciones-en-sus-tensiones","status":"publish","type":"page","link":"https:\/\/www.glorialerin.com\/terapias\/como-liberar-el-cuerpo-perdido-en-sus-protecciones-en-sus-tensiones\/","title":{"rendered":"Como liberar el cuerpo perdido en sus protecciones, en sus tensiones"},"content":{"rendered":"<p>[et_pb_section bb_built=\u00bb1&#8243; fullwidth=\u00bbon\u00bb _builder_version=\u00bb3.0.92&#8243;][et_pb_fullwidth_slider _builder_version=\u00bb3.0.92&#8243; custom_padding=\u00bb|0px||0px\u00bb show_arrows=\u00bbon\u00bb show_pagination=\u00bbon\u00bb show_inner_shadow=\u00bbon\u00bb custom_button=\u00bboff\u00bb button_icon_placement=\u00bbright\u00bb show_content_on_mobile=\u00bbon\u00bb show_cta_on_mobile=\u00bbon\u00bb show_image_video_mobile=\u00bboff\u00bb][et_pb_slide heading=\u00bbCOMO LIBERARSE DE LAS TENSIONES ACUMULADAS\u00bb use_bg_overlay=\u00bboff\u00bb use_text_overlay=\u00bboff\u00bb _builder_version=\u00bb3.0.92&#8243; header_font=\u00bbMontserrat|700|||||||\u00bb header_font_size=\u00bb50px\u00bb header_font_size_tablet=\u00bb50px\u00bb header_font_size_phone=\u00bb50px\u00bb body_font=\u00bbMontserrat||||||||\u00bb body_font_size=\u00bb20px\u00bb body_font_size_tablet=\u00bb20px\u00bb body_font_size_phone=\u00bb20px\u00bb use_background_color_gradient=\u00bbon\u00bb background_color_gradient_start=\u00bb#ffffff\u00bb background_color_gradient_end=\u00bb#ffffff\u00bb background_image=\u00bbhttp:\/\/www.glorialerin.com\/terapias\/wp-content\/uploads\/2018\/06\/como-liberar-el-cuerpo-perdido-en-sus-protecciones-en-sus-tensiones.png\u00bb background_color_gradient_type=\u00bblinear\u00bb background_color_gradient_direction=\u00bb180deg\u00bb background_color_gradient_direction_radial=\u00bbcenter\u00bb background_color_gradient_start_position=\u00bb0%\u00bb background_color_gradient_end_position=\u00bb100%\u00bb background_color_gradient_overlays_image=\u00bboff\u00bb parallax=\u00bboff\u00bb parallax_method=\u00bbon\u00bb background_size=\u00bbcover\u00bb background_position=\u00bbcenter\u00bb background_repeat=\u00bbno-repeat\u00bb background_blend=\u00bbnormal\u00bb allow_player_pause=\u00bboff\u00bb text_border_radius=\u00bb3&#8243; alignment=\u00bbcenter\u00bb child_filter_hue_rotate=\u00bb0deg\u00bb child_filter_saturate=\u00bb100%\u00bb child_filter_brightness=\u00bb100%\u00bb child_filter_contrast=\u00bb100%\u00bb child_filter_invert=\u00bb0%\u00bb child_filter_sepia=\u00bb0%\u00bb child_filter_opacity=\u00bb100%\u00bb child_filter_blur=\u00bb0px\u00bb child_mix_blend_mode=\u00bbnormal\u00bb background_layout=\u00bbdark\u00bb]<\/p>\n<p>TALLER SEPTIEMBRE<\/p>\n<p>[\/et_pb_slide][\/et_pb_fullwidth_slider][\/et_pb_section][et_pb_section bb_built=\u00bb1&#8243; _builder_version=\u00bb3.0.92&#8243;][et_pb_row _builder_version=\u00bb3.0.92&#8243;][et_pb_column type=\u00bb1_2&#8243;][et_pb_text _builder_version=\u00bb3.0.92&#8243;]<\/p>\n<p>La coraza est\u00e1 creada por tensiones musculares y rigideces articulares que alteran la fluidez de los movimientos naturales del cuerpo, dificultan la respiraci\u00f3n, bloquean la circulaci\u00f3n de nuestra energ\u00eda vital y del amor que nos habita.<\/p>\n<p>Nos encerramos en nuestro propio cuerpo dentro de las corazas f\u00edsicas que provocan dolores musculares, alteraci\u00f3n del sistema nerviosos, digestivo, inmunol\u00f3gico.., corazas afectivas que encierran las emociones y corazas ps\u00edquicas como las diferentes creencias y limitaciones que hemos integrado desde la infancia.<\/p>\n<p>En este taller vamos \u00a0a ir a encontrar en que corazas nuestro cuerpo \u00a0se ha perdido, se ha encarcelado con falsas identidades y explorar un camino de sanaci\u00f3n. La sanaci\u00f3n es un camino, una b\u00fasqueda interior profunda\u00a0 y est\u00e1 en nosotros no en el exterior.\u00a0 Este proceso se asemeja a una espiral. Hay un movimiento ascendente en donde hay un aumento de la energ\u00eda vital, de la energ\u00eda psicol\u00f3gica, hay cambios en la vida cotidiana. Uno se siente vivo, con proyectos, realiza sus anhelos , se da amor a si mismo. Y en \u00e9ste mismo proceso hay otra fase que es la involuci\u00f3n . Nos sentimos confusos, se recae en los s\u00edntomas, se vuelve a los comportamientos antiguos, a las falsas identidades, a las dependencias. Vamos a ver como las fases de involuci\u00f3n y de evoluci\u00f3n forman parte del movimiento de sanaci\u00f3n y adquirir las herramientas necesarias para fluir en \u00e9ste movimiento natural de la vida.<\/p>\n<p>Reencontrar nuestro cuerpo es equilibrar nuestra fuerza vital, sin influencias de los condicionamientos adquiridos y de las heridas que nos han transmitido transgeneracional.<\/p>\n<p>Vamos a armonizar el masculino y femenino en nosotros, la vertical y la horizontal en nuestros ejes enraiz\u00e1ndonos con los pies y piernas en la tierra.\u00a0 La inspiraci\u00f3n femenina y la acci\u00f3n masculina nos lleva a realizarnos en nuestro viaje. Cuando encontramos nuestro alineamiento interior las situaciones exteriores se posicionan a nuestro favor.<\/p>\n<p>Nacer al cuerpo reencontrado es nacer a la expresi\u00f3n de la alegr\u00eda, del amor y as\u00ed servir a nuestra misi\u00f3n aqu\u00ed en la tierra. Nacer al cuerpo es nacer al coraz\u00f3n, al amor, al alma, a la esencia que somos.<\/p>\n<p>Para viajar en nuestro proceso de llegar a ser una mismo, un individuo, necesitamos un c\u00f3digo \u00e9tico interior con las siguientes cualidades: la humanidad, la escucha, el compartir la intimidada con uno mismo, la apertura a lo desconocido, la seguridad en la inseguridad, el coraje, el compromiso, el cuidado y respeto por nuestro cuerpo.<\/p>\n<p>Ven a \u00e9ste taller a reencontrarte a trav\u00e9s del \u201cM\u00e9todo de Liberaci\u00f3n de las corazas\u201d y tambi\u00e9n con las corazas de\u00a0 Wilheim Reich Habr\u00e1n una exploraci\u00f3n de movimientos de despertar corporal y ense\u00f1anzas que nos ayudaran a comprender la dimensi\u00f3n psicol\u00f3gica del proceso<\/p>\n<p>&nbsp;<\/p>\n<p><strong>Impartido por Gloria Lerin<\/strong><br \/>\n<strong>Lugar: L\u2019eix-ample. C\/ Bruc 125 bajos. Barcelona<\/strong><br \/>\n<strong>Tel\u00e9fono: 93 457 61 40<\/strong><br \/>\n<strong>info@glorialerin.com \/ www.glorialerin.com<\/strong><\/p>\n<p>[\/et_pb_text][\/et_pb_column][et_pb_column type=\u00bb1_2&#8243;][et_pb_text _builder_version=\u00bb3.0.92&#8243; background_layout=\u00bblight\u00bb]<\/p>\n<div class=\"col-md-6 col-sm-12 col-md-offset-1 sm-padding-five sm-no-padding-bottom xs-margin-eleven xs-no-margin-lr xs-no-margin-bottom\">\n<div class=\"col-md-12 no-padding\">\n<p><strong>A escoger entre:<\/strong><\/p>\n<p>&#8211; Martes 18 y 25 de septiembre de 13:30 a 16:00h<br \/>\n&#8211; Mi\u00e9rcoles 19 y 26 de septiembre de 10:00 a 12:30h<br \/>\n&#8211; S\u00e1bado 22 de septiembre de 10:00 a 15:00h<\/p>\n<\/div>\n<\/div>\n<p>[\/et_pb_text][et_pb_text _builder_version=\u00bb3.0.92&#8243; background_layout=\u00bblight\u00bb]<\/p>\n<p><iframe loading=\"lazy\" src=\"https:\/\/www.youtube.com\/embed\/2_Vx3snOXbY\" width=\"560\" height=\"315\" frameborder=\"0\" allowfullscreen=\"allowfullscreen\"><\/iframe><\/p>\n<p>[\/et_pb_text][\/et_pb_column][\/et_pb_row][et_pb_row _builder_version=\u00bb3.0.92&#8243;][et_pb_column type=\u00bb1_2&#8243;][et_pb_image src=\u00bbhttp:\/\/www.glorialerin.com\/terapias\/wp-content\/uploads\/2018\/01\/mandala-consciencia-sensorial-gloria-lerin.jpg\u00bb _builder_version=\u00bb3.0.92&#8243;]<\/p>\n<p>&nbsp;<\/p>\n<p>[\/et_pb_image][\/et_pb_column][et_pb_column type=\u00bb1_2&#8243;][et_pb_contact_form admin_label=\u00bbContacto parental\u00bb email=\u00bbinfo@glorialerin.com\u00bb title=\u00bb\u00bfTe interesa el Taller %22Como liberarse de las tensiones acumuladas%22?\u00bb module_id=\u00bbet_pb_contact_form_0&#8243; _builder_version=\u00bb3.0.92&#8243; title_font=\u00bbMontserrat|700|||||||\u00bb title_font_size=\u00bb16px\u00bb title_line_height=\u00bb2em\u00bb form_field_font=\u00bbMontserrat||||||||\u00bb custom_button=\u00bbon\u00bb button_text_color=\u00bb#626262&#8243; button_font=\u00bbMontserrat||||||||\u00bb captcha=\u00bbon\u00bb use_redirect=\u00bboff\u00bb button_icon_placement=\u00bbright\u00bb][et_pb_contact_field field_id=\u00bbNombre\u00bb field_title=\u00bbNombre*\u00bb fullwidth_field=\u00bbon\u00bb _builder_version=\u00bb3.0.92&#8243;][\/et_pb_contact_field][et_pb_contact_field field_id=\u00bbCorreo_electr\u00f3nico\u00bb field_title=\u00bbCorreo electr\u00f3nico*\u00bb fullwidth_field=\u00bbon\u00bb _builder_version=\u00bb3.0.92&#8243;][\/et_pb_contact_field][et_pb_contact_field field_id=\u00bbTel\u00e9fono\u00bb field_title=\u00bbTel\u00e9fono\u00bb required_mark=\u00bboff\u00bb fullwidth_field=\u00bbon\u00bb _builder_version=\u00bb3.0.92&#8243;][\/et_pb_contact_field][et_pb_contact_field field_id=\u00bbMensaje\u00bb field_title=\u00bbMensaje*\u00bb field_type=\u00bbtext\u00bb fullwidth_field=\u00bbon\u00bb _builder_version=\u00bb3.0.92&#8243; border_radii=\u00bbon||||\u00bb][\/et_pb_contact_field][et_pb_contact_field field_id=\u00bbPol\u00edtica_de_privacidad\u00bb field_title=\u00bb \u00bb field_type=\u00bbcheckbox\u00bb checkbox_options=\u00bb%91{%22value%22:%22He le\u00eddo y acepto la pol\u00edtica de privacidad.%22,%22checked%22:0}%93&#8243; fullwidth_field=\u00bbon\u00bb _builder_version=\u00bb3.0.92&#8243; form_field_font=\u00bb||||||||\u00bb][\/et_pb_contact_field][\/et_pb_contact_form][\/et_pb_column][\/et_pb_row][\/et_pb_section]<\/p>\n","protected":false},"excerpt":{"rendered":"<p>TALLER SEPTIEMBRE La coraza est\u00e1 creada por tensiones musculares y rigideces articulares que alteran la fluidez de los movimientos naturales del cuerpo, dificultan la respiraci\u00f3n, bloquean la circulaci\u00f3n de nuestra energ\u00eda vital y del amor que nos habita. Nos encerramos en nuestro propio cuerpo dentro de las corazas f\u00edsicas que provocan dolores musculares, alteraci\u00f3n del [&hellip;]<\/p>\n","protected":false},"author":1,"featured_media":0,"parent":0,"menu_order":0,"comment_status":"closed","ping_status":"closed","template":"","meta":{"_et_pb_use_builder":"on","_et_pb_old_content":"","_et_gb_content_width":"","footnotes":""},"class_list":["post-729","page","type-page","status-publish","hentry"],"yoast_head":"<!-- This site is optimized with the Yoast SEO plugin v26.2 - https:\/\/yoast.com\/wordpress\/plugins\/seo\/ -->\n<title>Como liberar el cuerpo perdido en sus protecciones, en sus tensiones - Glora Lerin<\/title>\n<meta name=\"robots\" content=\"index, follow, max-snippet:-1, max-image-preview:large, max-video-preview:-1\" \/>\n<link rel=\"canonical\" href=\"https:\/\/www.glorialerin.com\/terapias\/como-liberar-el-cuerpo-perdido-en-sus-protecciones-en-sus-tensiones\/\" \/>\n<meta property=\"og:locale\" content=\"es_ES\" \/>\n<meta property=\"og:type\" content=\"article\" \/>\n<meta property=\"og:title\" content=\"Como liberar el cuerpo perdido en sus protecciones, en sus tensiones - Glora Lerin\" \/>\n<meta property=\"og:description\" content=\"TALLER SEPTIEMBRE La coraza est\u00e1 creada por tensiones musculares y rigideces articulares que alteran la fluidez de los movimientos naturales del cuerpo, dificultan la respiraci\u00f3n, bloquean la circulaci\u00f3n de nuestra energ\u00eda vital y del amor que nos habita. Nos encerramos en nuestro propio cuerpo dentro de las corazas f\u00edsicas que provocan dolores musculares, alteraci\u00f3n del [&hellip;]\" \/>\n<meta property=\"og:url\" content=\"https:\/\/www.glorialerin.com\/terapias\/como-liberar-el-cuerpo-perdido-en-sus-protecciones-en-sus-tensiones\/\" \/>\n<meta property=\"og:site_name\" content=\"Glora Lerin\" \/>\n<meta property=\"article:modified_time\" content=\"2018-09-03T21:13:30+00:00\" \/>\n<meta name=\"twitter:card\" content=\"summary_large_image\" \/>\n<meta name=\"twitter:label1\" content=\"Tiempo de lectura\" \/>\n\t<meta name=\"twitter:data1\" content=\"5 minutos\" \/>\n<script type=\"application\/ld+json\" class=\"yoast-schema-graph\">{\"@context\":\"https:\/\/schema.org\",\"@graph\":[{\"@type\":\"WebPage\",\"@id\":\"https:\/\/www.glorialerin.com\/terapias\/como-liberar-el-cuerpo-perdido-en-sus-protecciones-en-sus-tensiones\/\",\"url\":\"https:\/\/www.glorialerin.com\/terapias\/como-liberar-el-cuerpo-perdido-en-sus-protecciones-en-sus-tensiones\/\",\"name\":\"Como liberar el cuerpo perdido en sus protecciones, en sus tensiones - Glora Lerin\",\"isPartOf\":{\"@id\":\"https:\/\/www.glorialerin.com\/terapias\/#website\"},\"datePublished\":\"2018-06-21T08:21:27+00:00\",\"dateModified\":\"2018-09-03T21:13:30+00:00\",\"breadcrumb\":{\"@id\":\"https:\/\/www.glorialerin.com\/terapias\/como-liberar-el-cuerpo-perdido-en-sus-protecciones-en-sus-tensiones\/#breadcrumb\"},\"inLanguage\":\"es\",\"potentialAction\":[{\"@type\":\"ReadAction\",\"target\":[\"https:\/\/www.glorialerin.com\/terapias\/como-liberar-el-cuerpo-perdido-en-sus-protecciones-en-sus-tensiones\/\"]}]},{\"@type\":\"BreadcrumbList\",\"@id\":\"https:\/\/www.glorialerin.com\/terapias\/como-liberar-el-cuerpo-perdido-en-sus-protecciones-en-sus-tensiones\/#breadcrumb\",\"itemListElement\":[{\"@type\":\"ListItem\",\"position\":1,\"name\":\"Portada\",\"item\":\"https:\/\/www.glorialerin.com\/terapias\/\"},{\"@type\":\"ListItem\",\"position\":2,\"name\":\"Como liberar el cuerpo perdido en sus protecciones, en sus tensiones\"}]},{\"@type\":\"WebSite\",\"@id\":\"https:\/\/www.glorialerin.com\/terapias\/#website\",\"url\":\"https:\/\/www.glorialerin.com\/terapias\/\",\"name\":\"Glora Lerin\",\"description\":\"\",\"potentialAction\":[{\"@type\":\"SearchAction\",\"target\":{\"@type\":\"EntryPoint\",\"urlTemplate\":\"https:\/\/www.glorialerin.com\/terapias\/?s={search_term_string}\"},\"query-input\":{\"@type\":\"PropertyValueSpecification\",\"valueRequired\":true,\"valueName\":\"search_term_string\"}}],\"inLanguage\":\"es\"}]}<\/script>\n<!-- \/ Yoast SEO plugin. -->","yoast_head_json":{"title":"Como liberar el cuerpo perdido en sus protecciones, en sus tensiones - Glora Lerin","robots":{"index":"index","follow":"follow","max-snippet":"max-snippet:-1","max-image-preview":"max-image-preview:large","max-video-preview":"max-video-preview:-1"},"canonical":"https:\/\/www.glorialerin.com\/terapias\/como-liberar-el-cuerpo-perdido-en-sus-protecciones-en-sus-tensiones\/","og_locale":"es_ES","og_type":"article","og_title":"Como liberar el cuerpo perdido en sus protecciones, en sus tensiones - Glora Lerin","og_description":"TALLER SEPTIEMBRE La coraza est\u00e1 creada por tensiones musculares y rigideces articulares que alteran la fluidez de los movimientos naturales del cuerpo, dificultan la respiraci\u00f3n, bloquean la circulaci\u00f3n de nuestra energ\u00eda vital y del amor que nos habita. Nos encerramos en nuestro propio cuerpo dentro de las corazas f\u00edsicas que provocan dolores musculares, alteraci\u00f3n del [&hellip;]","og_url":"https:\/\/www.glorialerin.com\/terapias\/como-liberar-el-cuerpo-perdido-en-sus-protecciones-en-sus-tensiones\/","og_site_name":"Glora Lerin","article_modified_time":"2018-09-03T21:13:30+00:00","twitter_card":"summary_large_image","twitter_misc":{"Tiempo de lectura":"5 minutos"},"schema":{"@context":"https:\/\/schema.org","@graph":[{"@type":"WebPage","@id":"https:\/\/www.glorialerin.com\/terapias\/como-liberar-el-cuerpo-perdido-en-sus-protecciones-en-sus-tensiones\/","url":"https:\/\/www.glorialerin.com\/terapias\/como-liberar-el-cuerpo-perdido-en-sus-protecciones-en-sus-tensiones\/","name":"Como liberar el cuerpo perdido en sus protecciones, en sus tensiones - Glora Lerin","isPartOf":{"@id":"https:\/\/www.glorialerin.com\/terapias\/#website"},"datePublished":"2018-06-21T08:21:27+00:00","dateModified":"2018-09-03T21:13:30+00:00","breadcrumb":{"@id":"https:\/\/www.glorialerin.com\/terapias\/como-liberar-el-cuerpo-perdido-en-sus-protecciones-en-sus-tensiones\/#breadcrumb"},"inLanguage":"es","potentialAction":[{"@type":"ReadAction","target":["https:\/\/www.glorialerin.com\/terapias\/como-liberar-el-cuerpo-perdido-en-sus-protecciones-en-sus-tensiones\/"]}]},{"@type":"BreadcrumbList","@id":"https:\/\/www.glorialerin.com\/terapias\/como-liberar-el-cuerpo-perdido-en-sus-protecciones-en-sus-tensiones\/#breadcrumb","itemListElement":[{"@type":"ListItem","position":1,"name":"Portada","item":"https:\/\/www.glorialerin.com\/terapias\/"},{"@type":"ListItem","position":2,"name":"Como liberar el cuerpo perdido en sus protecciones, en sus tensiones"}]},{"@type":"WebSite","@id":"https:\/\/www.glorialerin.com\/terapias\/#website","url":"https:\/\/www.glorialerin.com\/terapias\/","name":"Glora Lerin","description":"","potentialAction":[{"@type":"SearchAction","target":{"@type":"EntryPoint","urlTemplate":"https:\/\/www.glorialerin.com\/terapias\/?s={search_term_string}"},"query-input":{"@type":"PropertyValueSpecification","valueRequired":true,"valueName":"search_term_string"}}],"inLanguage":"es"}]}},"_links":{"self":[{"href":"https:\/\/www.glorialerin.com\/terapias\/wp-json\/wp\/v2\/pages\/729","targetHints":{"allow":["GET"]}}],"collection":[{"href":"https:\/\/www.glorialerin.com\/terapias\/wp-json\/wp\/v2\/pages"}],"about":[{"href":"https:\/\/www.glorialerin.com\/terapias\/wp-json\/wp\/v2\/types\/page"}],"author":[{"embeddable":true,"href":"https:\/\/www.glorialerin.com\/terapias\/wp-json\/wp\/v2\/users\/1"}],"replies":[{"embeddable":true,"href":"https:\/\/www.glorialerin.com\/terapias\/wp-json\/wp\/v2\/comments?post=729"}],"version-history":[{"count":10,"href":"https:\/\/www.glorialerin.com\/terapias\/wp-json\/wp\/v2\/pages\/729\/revisions"}],"predecessor-version":[{"id":779,"href":"https:\/\/www.glorialerin.com\/terapias\/wp-json\/wp\/v2\/pages\/729\/revisions\/779"}],"wp:attachment":[{"href":"https:\/\/www.glorialerin.com\/terapias\/wp-json\/wp\/v2\/media?parent=729"}],"curies":[{"name":"wp","href":"https:\/\/api.w.org\/{rel}","templated":true}]}}