{"id":718,"date":"2018-06-21T08:04:00","date_gmt":"2018-06-21T08:04:00","guid":{"rendered":"http:\/\/www.glorialerin.com\/terapias\/como-armonizar-nuestras-emociones-2\/"},"modified":"2018-08-01T13:42:26","modified_gmt":"2018-08-01T13:42:26","slug":"del-amor-infantil-al-amor-creador","status":"publish","type":"page","link":"https:\/\/www.glorialerin.com\/terapias\/del-amor-infantil-al-amor-creador\/","title":{"rendered":"Del Amor infantil al Amor creador"},"content":{"rendered":"<p>[et_pb_section bb_built=\u00bb1&#8243; fullwidth=\u00bbon\u00bb _builder_version=\u00bb3.0.92&#8243;][et_pb_fullwidth_slider _builder_version=\u00bb3.0.92&#8243; custom_padding=\u00bb|0px||0px\u00bb show_arrows=\u00bbon\u00bb show_pagination=\u00bbon\u00bb show_inner_shadow=\u00bbon\u00bb custom_button=\u00bboff\u00bb button_icon_placement=\u00bbright\u00bb show_content_on_mobile=\u00bbon\u00bb show_cta_on_mobile=\u00bbon\u00bb show_image_video_mobile=\u00bboff\u00bb][et_pb_slide heading=\u00bbDEL AMOR INFANTIL AL AMOR CREADOR\u00bb use_bg_overlay=\u00bboff\u00bb use_text_overlay=\u00bboff\u00bb _builder_version=\u00bb3.0.92&#8243; header_font=\u00bbMontserrat|700|||||||\u00bb header_font_size=\u00bb50px\u00bb header_font_size_tablet=\u00bb50px\u00bb header_font_size_phone=\u00bb50px\u00bb body_font=\u00bbMontserrat||||||||\u00bb body_font_size=\u00bb20px\u00bb body_font_size_tablet=\u00bb20px\u00bb body_font_size_phone=\u00bb20px\u00bb use_background_color_gradient=\u00bbon\u00bb background_color_gradient_start=\u00bb#ffffff\u00bb background_color_gradient_end=\u00bb#ffffff\u00bb background_image=\u00bbhttp:\/\/www.glorialerin.com\/terapias\/wp-content\/uploads\/2018\/06\/del-amor-infantil-al-amor-creador-gloria-lerin.png\u00bb background_color_gradient_type=\u00bblinear\u00bb background_color_gradient_direction=\u00bb180deg\u00bb background_color_gradient_direction_radial=\u00bbcenter\u00bb background_color_gradient_start_position=\u00bb0%\u00bb background_color_gradient_end_position=\u00bb100%\u00bb background_color_gradient_overlays_image=\u00bboff\u00bb parallax=\u00bboff\u00bb parallax_method=\u00bbon\u00bb background_size=\u00bbcover\u00bb background_position=\u00bbcenter\u00bb background_repeat=\u00bbno-repeat\u00bb background_blend=\u00bbnormal\u00bb allow_player_pause=\u00bboff\u00bb text_border_radius=\u00bb3&#8243; alignment=\u00bbcenter\u00bb child_filter_hue_rotate=\u00bb0deg\u00bb child_filter_saturate=\u00bb100%\u00bb child_filter_brightness=\u00bb100%\u00bb child_filter_contrast=\u00bb100%\u00bb child_filter_invert=\u00bb0%\u00bb child_filter_sepia=\u00bb0%\u00bb child_filter_opacity=\u00bb100%\u00bb child_filter_blur=\u00bb0px\u00bb child_mix_blend_mode=\u00bbnormal\u00bb background_layout=\u00bbdark\u00bb]<\/p>\n<p>TALLER OCTUBRE<\/p>\n<p>[\/et_pb_slide][\/et_pb_fullwidth_slider][\/et_pb_section][et_pb_section bb_built=\u00bb1&#8243; _builder_version=\u00bb3.0.92&#8243;][et_pb_row _builder_version=\u00bb3.0.92&#8243;][et_pb_column type=\u00bb1_2&#8243;][et_pb_text _builder_version=\u00bb3.0.92&#8243;]<\/p>\n<p style=\"text-align: center;\"><em>\u00bfQu\u00e9 es el amor infantil?<\/em><\/p>\n<p style=\"text-align: center;\"><em>\u00bfC\u00f3mo reconocer que amamos de una manera infantil y como nos podemos liberar?<\/em><\/p>\n<p style=\"text-align: center;\"><em>\u00bfHay emociones, esquemas, comportamientos, creencias que sostienen \u00e9ste amor?<\/em><\/p>\n<p style=\"text-align: center;\"><em>\u00bfConoces tus necesidades afectivas?<\/em><\/p>\n<p style=\"text-align: center;\"><em>\u00bfNos ponemos en una posici\u00f3n de v\u00edctima en las relaciones amorosos?<\/em><\/p>\n<p style=\"text-align: center;\"><em>\u00bfC\u00f3mo transformar este amor para que sea una amor creador?<\/em><br \/>\n<em>\u00bfQu\u00e9 es el amor creador?<\/em><\/p>\n<p style=\"text-align: center;\"><em>\u00bfCu\u00e1les son sus cualidades, actitudes\u2026?<\/em><\/p>\n<p>Reconocer que ponemos mucha energ\u00eda hacia los dem\u00e1s y poca energ\u00eda hacia uno mismo.<\/p>\n<p>\u00bfC\u00f3mo podemos responder a nuestras necesidades afectivas sin esperar que la otra persona adivine lo que necesitamos?<\/p>\n<p>En nuestro camino de individuaci\u00f3n no dependemos de los dem\u00e1s para ser feliz, llegamos a ser nuestra propia fuente de creatividad, de alegr\u00eda, de amor. Osamos amar sin perdernos en el otro y sin sufrir.<\/p>\n<p>El amor creador es el que compartimos con nosotros mismos, en nuestro interior, en donde tenemos la llave que abre la puerta de nuestra sanaci\u00f3n.<\/p>\n<p>El m\u00e9todo de Liberaci\u00f3n de las Corazas, MLC \u00a9 es la herramienta de exploraci\u00f3n que vamos a utilizar.<\/p>\n<p>[\/et_pb_text][\/et_pb_column][et_pb_column type=\u00bb1_2&#8243;][et_pb_text _builder_version=\u00bb3.0.92&#8243;]<\/p>\n<p><strong><span class=\"text-extra-large margin-eleven no-margin-lr no-margin-top display-inline-block fontDark black-text xs-margin-eleven xs-no-margin-lr xs-no-margin-top\">Fechas<\/span><\/strong><\/p>\n<p class=\"fontDark text-large width-90 xs-width-100\">S\u00e1bado 20 de octubre de 10 a 14h<\/p>\n<p>[\/et_pb_text][et_pb_image src=\u00bbhttp:\/\/www.glorialerin.com\/terapias\/wp-content\/uploads\/2018\/01\/mandala-metodo-liberacion-corazas-gloria-lerin.jpg\u00bb _builder_version=\u00bb3.0.92&#8243;]<\/p>\n<p>&nbsp;<\/p>\n<p>[\/et_pb_image][\/et_pb_column][\/et_pb_row][et_pb_row _builder_version=\u00bb3.0.92&#8243;][et_pb_column type=\u00bb1_2&#8243;][\/et_pb_column][et_pb_column type=\u00bb1_2&#8243;][et_pb_contact_form admin_label=\u00bbContacto parental\u00bb email=\u00bbinfo@glorialerin.com\u00bb title=\u00bb\u00bfTe interesa el Taller %22Del amor infantil al amor creador%22?\u00bb module_id=\u00bbet_pb_contact_form_0&#8243; _builder_version=\u00bb3.0.92&#8243; title_font=\u00bbMontserrat|700|||||||\u00bb title_font_size=\u00bb16px\u00bb title_line_height=\u00bb2em\u00bb form_field_font=\u00bbMontserrat||||||||\u00bb custom_button=\u00bbon\u00bb button_text_size=\u00bb16&#8243; button_text_color=\u00bb#626262&#8243; button_font=\u00bbMontserrat||||||||\u00bb][et_pb_contact_field field_id=\u00bbNombre\u00bb field_title=\u00bbNombre*\u00bb fullwidth_field=\u00bbon\u00bb _builder_version=\u00bb3.0.92&#8243;][\/et_pb_contact_field][et_pb_contact_field field_id=\u00bbCorreo_electr\u00f3nico\u00bb field_title=\u00bbCorreo electr\u00f3nico*\u00bb fullwidth_field=\u00bbon\u00bb _builder_version=\u00bb3.0.92&#8243;][\/et_pb_contact_field][et_pb_contact_field field_id=\u00bbTel\u00e9fono\u00bb field_title=\u00bbTel\u00e9fono\u00bb required_mark=\u00bboff\u00bb fullwidth_field=\u00bbon\u00bb _builder_version=\u00bb3.0.92&#8243;][\/et_pb_contact_field][et_pb_contact_field field_id=\u00bbMensaje\u00bb field_title=\u00bbMensaje*\u00bb field_type=\u00bbtext\u00bb fullwidth_field=\u00bbon\u00bb _builder_version=\u00bb3.0.92&#8243; border_radii=\u00bbon||||\u00bb][\/et_pb_contact_field][et_pb_contact_field field_id=\u00bbPol\u00edtica_de_privacidad\u00bb field_title=\u00bb \u00bb field_type=\u00bbcheckbox\u00bb checkbox_options=\u00bb%91{%22value%22:%22He le\u00eddo y acepto la pol\u00edtica de privacidad.%22,%22checked%22:0}%93&#8243; fullwidth_field=\u00bbon\u00bb _builder_version=\u00bb3.0.92&#8243; form_field_font=\u00bb||||||||\u00bb][\/et_pb_contact_field][\/et_pb_contact_form][\/et_pb_column][\/et_pb_row][\/et_pb_section]<\/p>\n","protected":false},"excerpt":{"rendered":"<p>TALLER OCTUBRE \u00bfQu\u00e9 es el amor infantil? \u00bfC\u00f3mo reconocer que amamos de una manera infantil y como nos podemos liberar? \u00bfHay emociones, esquemas, comportamientos, creencias que sostienen \u00e9ste amor? \u00bfConoces tus necesidades afectivas? \u00bfNos ponemos en una posici\u00f3n de v\u00edctima en las relaciones amorosos? \u00bfC\u00f3mo transformar este amor para que sea una amor creador? \u00bfQu\u00e9 [&hellip;]<\/p>\n","protected":false},"author":1,"featured_media":0,"parent":0,"menu_order":0,"comment_status":"closed","ping_status":"closed","template":"","meta":{"_et_pb_use_builder":"on","_et_pb_old_content":"","_et_gb_content_width":"","footnotes":""},"class_list":["post-718","page","type-page","status-publish","hentry"],"yoast_head":"<!-- This site is optimized with the Yoast SEO plugin v26.2 - https:\/\/yoast.com\/wordpress\/plugins\/seo\/ -->\n<title>Del Amor infantil al Amor creador - Glora Lerin<\/title>\n<meta name=\"robots\" content=\"index, follow, max-snippet:-1, max-image-preview:large, max-video-preview:-1\" \/>\n<link rel=\"canonical\" href=\"https:\/\/www.glorialerin.com\/terapias\/del-amor-infantil-al-amor-creador\/\" \/>\n<meta property=\"og:locale\" content=\"es_ES\" \/>\n<meta property=\"og:type\" content=\"article\" \/>\n<meta property=\"og:title\" content=\"Del Amor infantil al Amor creador - Glora Lerin\" \/>\n<meta property=\"og:description\" content=\"TALLER OCTUBRE \u00bfQu\u00e9 es el amor infantil? \u00bfC\u00f3mo reconocer que amamos de una manera infantil y como nos podemos liberar? \u00bfHay emociones, esquemas, comportamientos, creencias que sostienen \u00e9ste amor? \u00bfConoces tus necesidades afectivas? \u00bfNos ponemos en una posici\u00f3n de v\u00edctima en las relaciones amorosos? \u00bfC\u00f3mo transformar este amor para que sea una amor creador? \u00bfQu\u00e9 [&hellip;]\" \/>\n<meta property=\"og:url\" content=\"https:\/\/www.glorialerin.com\/terapias\/del-amor-infantil-al-amor-creador\/\" \/>\n<meta property=\"og:site_name\" content=\"Glora Lerin\" \/>\n<meta property=\"article:modified_time\" content=\"2018-08-01T13:42:26+00:00\" \/>\n<meta name=\"twitter:card\" content=\"summary_large_image\" \/>\n<meta name=\"twitter:label1\" content=\"Tiempo de lectura\" \/>\n\t<meta name=\"twitter:data1\" content=\"4 minutos\" \/>\n<script type=\"application\/ld+json\" class=\"yoast-schema-graph\">{\"@context\":\"https:\/\/schema.org\",\"@graph\":[{\"@type\":\"WebPage\",\"@id\":\"https:\/\/www.glorialerin.com\/terapias\/del-amor-infantil-al-amor-creador\/\",\"url\":\"https:\/\/www.glorialerin.com\/terapias\/del-amor-infantil-al-amor-creador\/\",\"name\":\"Del Amor infantil al Amor creador - Glora Lerin\",\"isPartOf\":{\"@id\":\"https:\/\/www.glorialerin.com\/terapias\/#website\"},\"datePublished\":\"2018-06-21T08:04:00+00:00\",\"dateModified\":\"2018-08-01T13:42:26+00:00\",\"breadcrumb\":{\"@id\":\"https:\/\/www.glorialerin.com\/terapias\/del-amor-infantil-al-amor-creador\/#breadcrumb\"},\"inLanguage\":\"es\",\"potentialAction\":[{\"@type\":\"ReadAction\",\"target\":[\"https:\/\/www.glorialerin.com\/terapias\/del-amor-infantil-al-amor-creador\/\"]}]},{\"@type\":\"BreadcrumbList\",\"@id\":\"https:\/\/www.glorialerin.com\/terapias\/del-amor-infantil-al-amor-creador\/#breadcrumb\",\"itemListElement\":[{\"@type\":\"ListItem\",\"position\":1,\"name\":\"Portada\",\"item\":\"https:\/\/www.glorialerin.com\/terapias\/\"},{\"@type\":\"ListItem\",\"position\":2,\"name\":\"Del Amor infantil al Amor creador\"}]},{\"@type\":\"WebSite\",\"@id\":\"https:\/\/www.glorialerin.com\/terapias\/#website\",\"url\":\"https:\/\/www.glorialerin.com\/terapias\/\",\"name\":\"Glora Lerin\",\"description\":\"\",\"potentialAction\":[{\"@type\":\"SearchAction\",\"target\":{\"@type\":\"EntryPoint\",\"urlTemplate\":\"https:\/\/www.glorialerin.com\/terapias\/?s={search_term_string}\"},\"query-input\":{\"@type\":\"PropertyValueSpecification\",\"valueRequired\":true,\"valueName\":\"search_term_string\"}}],\"inLanguage\":\"es\"}]}<\/script>\n<!-- \/ Yoast SEO plugin. -->","yoast_head_json":{"title":"Del Amor infantil al Amor creador - Glora Lerin","robots":{"index":"index","follow":"follow","max-snippet":"max-snippet:-1","max-image-preview":"max-image-preview:large","max-video-preview":"max-video-preview:-1"},"canonical":"https:\/\/www.glorialerin.com\/terapias\/del-amor-infantil-al-amor-creador\/","og_locale":"es_ES","og_type":"article","og_title":"Del Amor infantil al Amor creador - Glora Lerin","og_description":"TALLER OCTUBRE \u00bfQu\u00e9 es el amor infantil? \u00bfC\u00f3mo reconocer que amamos de una manera infantil y como nos podemos liberar? \u00bfHay emociones, esquemas, comportamientos, creencias que sostienen \u00e9ste amor? \u00bfConoces tus necesidades afectivas? \u00bfNos ponemos en una posici\u00f3n de v\u00edctima en las relaciones amorosos? \u00bfC\u00f3mo transformar este amor para que sea una amor creador? \u00bfQu\u00e9 [&hellip;]","og_url":"https:\/\/www.glorialerin.com\/terapias\/del-amor-infantil-al-amor-creador\/","og_site_name":"Glora Lerin","article_modified_time":"2018-08-01T13:42:26+00:00","twitter_card":"summary_large_image","twitter_misc":{"Tiempo de lectura":"4 minutos"},"schema":{"@context":"https:\/\/schema.org","@graph":[{"@type":"WebPage","@id":"https:\/\/www.glorialerin.com\/terapias\/del-amor-infantil-al-amor-creador\/","url":"https:\/\/www.glorialerin.com\/terapias\/del-amor-infantil-al-amor-creador\/","name":"Del Amor infantil al Amor creador - Glora Lerin","isPartOf":{"@id":"https:\/\/www.glorialerin.com\/terapias\/#website"},"datePublished":"2018-06-21T08:04:00+00:00","dateModified":"2018-08-01T13:42:26+00:00","breadcrumb":{"@id":"https:\/\/www.glorialerin.com\/terapias\/del-amor-infantil-al-amor-creador\/#breadcrumb"},"inLanguage":"es","potentialAction":[{"@type":"ReadAction","target":["https:\/\/www.glorialerin.com\/terapias\/del-amor-infantil-al-amor-creador\/"]}]},{"@type":"BreadcrumbList","@id":"https:\/\/www.glorialerin.com\/terapias\/del-amor-infantil-al-amor-creador\/#breadcrumb","itemListElement":[{"@type":"ListItem","position":1,"name":"Portada","item":"https:\/\/www.glorialerin.com\/terapias\/"},{"@type":"ListItem","position":2,"name":"Del Amor infantil al Amor creador"}]},{"@type":"WebSite","@id":"https:\/\/www.glorialerin.com\/terapias\/#website","url":"https:\/\/www.glorialerin.com\/terapias\/","name":"Glora Lerin","description":"","potentialAction":[{"@type":"SearchAction","target":{"@type":"EntryPoint","urlTemplate":"https:\/\/www.glorialerin.com\/terapias\/?s={search_term_string}"},"query-input":{"@type":"PropertyValueSpecification","valueRequired":true,"valueName":"search_term_string"}}],"inLanguage":"es"}]}},"_links":{"self":[{"href":"https:\/\/www.glorialerin.com\/terapias\/wp-json\/wp\/v2\/pages\/718","targetHints":{"allow":["GET"]}}],"collection":[{"href":"https:\/\/www.glorialerin.com\/terapias\/wp-json\/wp\/v2\/pages"}],"about":[{"href":"https:\/\/www.glorialerin.com\/terapias\/wp-json\/wp\/v2\/types\/page"}],"author":[{"embeddable":true,"href":"https:\/\/www.glorialerin.com\/terapias\/wp-json\/wp\/v2\/users\/1"}],"replies":[{"embeddable":true,"href":"https:\/\/www.glorialerin.com\/terapias\/wp-json\/wp\/v2\/comments?post=718"}],"version-history":[{"count":10,"href":"https:\/\/www.glorialerin.com\/terapias\/wp-json\/wp\/v2\/pages\/718\/revisions"}],"predecessor-version":[{"id":748,"href":"https:\/\/www.glorialerin.com\/terapias\/wp-json\/wp\/v2\/pages\/718\/revisions\/748"}],"wp:attachment":[{"href":"https:\/\/www.glorialerin.com\/terapias\/wp-json\/wp\/v2\/media?parent=718"}],"curies":[{"name":"wp","href":"https:\/\/api.w.org\/{rel}","templated":true}]}}