{"id":673,"date":"2018-06-01T08:51:28","date_gmt":"2018-06-01T08:51:28","guid":{"rendered":"http:\/\/www.glorialerin.com\/terapias\/?page_id=673"},"modified":"2018-06-01T08:52:21","modified_gmt":"2018-06-01T08:52:21","slug":"politica-de-cookies","status":"publish","type":"page","link":"https:\/\/www.glorialerin.com\/terapias\/politica-de-cookies\/","title":{"rendered":"Pol\u00edtica de Cookies"},"content":{"rendered":"<p>Desde l\u2019Eix-ample queremos informarte de qu\u00e9 es una cookie, que nuestra p\u00e1gina web utiliza cookies, cu\u00e1les utiliza y ayudarte a poderlas gestionar seg\u00fan sea tu inter\u00e9s. Con la mera navegaci\u00f3n por nuestro sitio web aceptas el uso de cookies de conformidad con la presente Pol\u00edtica de Cookies. Si no aceptas el uso de estas cookies, puedes desactivarlas siguiendo las indicaciones previstas en este apartado, cambiando la configuraci\u00f3n del navegador para que las cookies de este sitio web no puedan ser colocadas en tu ordenador o dispositivo m\u00f3vil.<\/p>\n<p><strong>\u00bfQue son las cookies? <\/strong><\/p>\n<p>Las cookies son archivo de texto que contienen peque\u00f1as cantidades de informaci\u00f3n que se descargan en tu ordenador o dispositivo m\u00f3vil cuando visitas un sitio web. Las cookies facilitan el uso y la navegaci\u00f3n por una p\u00e1gina web, y permiten comparar y entender como nuestros usuarios navegan a trav\u00e9s de nuestro sitio web y, en consecuencia, nos permiten poder mejorar los procesos de navegaci\u00f3n. Estas herramientas no obtienen datos sobre tu nombre o apellidos ni la direcci\u00f3n postal desde la que te conectas. La informaci\u00f3n que obtienen est\u00e1 relacionada con el n\u00famero de p\u00e1ginas visitadas, el idioma, red social en la que se publican nuestras noticias, la ciudad a la que est\u00e1 asignada la direcci\u00f3n IP desde la que accedes, el n\u00famero de nuevos usuarios, la frecuencia y reincidencia de las visitas, el tiempo de visita, el navegador y el operador o tipo de terminal desde el que se realiza la visita. Esta informaci\u00f3n la utilizamos para mejorar nuestras p\u00e1ginas, detectar nuevas necesidades y valorar las mejoras a introducir con la finalidad de prestar un mejor servicio a los usuarios que nos visiten adapt\u00e1ndolas, por ejemplo, a los navegadores o terminales m\u00e1s utilizados. Las cookies que utilizamos en <a href=\"http:\/\/www.glorialerin.com\">www.glorialerin.com<\/a> son:<\/p>\n<ul>\n<li>Cookies propias: son aquellas que se env\u00edan a tu equipo desde un dominio gestionado por nosotros.<\/li>\n<li>Cookies de terceros: son aquellas que se env\u00edan a tu equipo desde un equipo o dominio que no gestionamos nosotros sino que se env\u00edan por un equipo o dominio gestionado por proveedores de servicios contratados por l\u2019Eix-ample.<\/li>\n<li>Cookies de sesi\u00f3n: son un tipo de cookies que caducaran al salir de nuestro sitio web o cerrar la aplicaci\u00f3n.<\/li>\n<li>Cookies persistentes: son un tipo de cookies que siguen almacenadas en tu equipo durante un periodo de tiempo superior, que puede ser desde un minuto a varios a\u00f1os. \u00d8 Cookies de an\u00e1lisis: son aquellas que sean tratadas por l\u2019Eix-ample o por terceros, nos permiten cuantificar el n\u00famero de visitas i el uso que hacen los usuarios de nuestro sitio web o aplicaci\u00f3n m\u00f3vil, con la finalidad de hacer medici\u00f3n y an\u00e1lisis estad\u00edsticos de su utilizaci\u00f3n y poder corregir las deficiencias que detectamos y facilitar el uso de nuestra web o aplicaci\u00f3n.<\/li>\n<li>Cookies de publicidad: son un tipo de cookie que se obtiene al visitar las p\u00e1ginas web, abrir correos electr\u00f3nicos o ejecutar una aplicaci\u00f3n en la que publicamos anuncios de nuestros servicios, y recaba informaci\u00f3n con la finalidad de realizar un control y seguimiento de la eficacia de la publicidad, de manera que podamos medir, por ejemplo, el n\u00famero de veces que se visualizan los anuncios, donde aparecen, a qu\u00e9 hora pueden verse, desde donde o si los has visto antes.<\/li>\n<li>Cookies de publicidad comportamental: son un tipo de cookies publicitaria que se utiliza para almacenar y recuperar la informaci\u00f3n de comportamiento de los usuarios obtenida a trav\u00e9s de la observaci\u00f3n continuada de h\u00e1bitos de navegaci\u00f3n, lo que permite desarrollar un perfil espec\u00edfico para mostrarle publicidad en funci\u00f3n de \u00e9sta. Si quieres m\u00e1s informaci\u00f3n sobre qu\u00e9 hacemos con las cookies, env\u00edanos un email a <a href=\"mailto:info@glorialerin.com\">info@glorialerin.com<\/a>.<\/li>\n<\/ul>\n<p><strong>\u00bfC\u00f3mo controlar y eliminar las cookies a trav\u00e9s del navegador? <\/strong><\/p>\n<p>La capacidad de activar, desactivar o eliminar cookies se puede realizar a trav\u00e9s de tu navegador o desde las opciones de privacidad del equipo desde el que visitas el sitio web. Para hacerlo, sigue las instrucciones de tu navegador (normalmente se encuentra dentro de la \u201cAyuda\u201d, \u201cHerramientas\u201d o las instalaciones \u201cEdit\u201d). Si quieres puedes ver los v\u00eddeos de la Agencia Espa\u00f1ola de Protecci\u00f3n de Datos que explican c\u00f3mo configurar las opciones de privacidad desde las diferentes plataformas y equipos.<\/p>\n<p>&nbsp;<\/p>\n","protected":false},"excerpt":{"rendered":"<p>Desde l\u2019Eix-ample queremos informarte de qu\u00e9 es una cookie, que nuestra p\u00e1gina web utiliza cookies, cu\u00e1les utiliza y ayudarte a poderlas gestionar seg\u00fan sea tu inter\u00e9s. Con la mera navegaci\u00f3n por nuestro sitio web aceptas el uso de cookies de conformidad con la presente Pol\u00edtica de Cookies. Si no aceptas el uso de estas cookies, [&hellip;]<\/p>\n","protected":false},"author":1,"featured_media":0,"parent":0,"menu_order":0,"comment_status":"closed","ping_status":"closed","template":"","meta":{"_et_pb_use_builder":"","_et_pb_old_content":"","_et_gb_content_width":"","footnotes":""},"class_list":["post-673","page","type-page","status-publish","hentry"],"yoast_head":"<!-- This site is optimized with the Yoast SEO plugin v26.2 - https:\/\/yoast.com\/wordpress\/plugins\/seo\/ -->\n<title>Pol\u00edtica de Cookies - Glora Lerin<\/title>\n<meta name=\"robots\" content=\"index, follow, max-snippet:-1, max-image-preview:large, max-video-preview:-1\" \/>\n<link rel=\"canonical\" href=\"https:\/\/www.glorialerin.com\/terapias\/politica-de-cookies\/\" \/>\n<meta property=\"og:locale\" content=\"es_ES\" \/>\n<meta property=\"og:type\" content=\"article\" \/>\n<meta property=\"og:title\" content=\"Pol\u00edtica de Cookies - Glora Lerin\" \/>\n<meta property=\"og:description\" content=\"Desde l\u2019Eix-ample queremos informarte de qu\u00e9 es una cookie, que nuestra p\u00e1gina web utiliza cookies, cu\u00e1les utiliza y ayudarte a poderlas gestionar seg\u00fan sea tu inter\u00e9s. Con la mera navegaci\u00f3n por nuestro sitio web aceptas el uso de cookies de conformidad con la presente Pol\u00edtica de Cookies. Si no aceptas el uso de estas cookies, [&hellip;]\" \/>\n<meta property=\"og:url\" content=\"https:\/\/www.glorialerin.com\/terapias\/politica-de-cookies\/\" \/>\n<meta property=\"og:site_name\" content=\"Glora Lerin\" \/>\n<meta property=\"article:modified_time\" content=\"2018-06-01T08:52:21+00:00\" \/>\n<meta name=\"twitter:card\" content=\"summary_large_image\" \/>\n<meta name=\"twitter:label1\" content=\"Tiempo de lectura\" \/>\n\t<meta name=\"twitter:data1\" content=\"4 minutos\" \/>\n<script type=\"application\/ld+json\" class=\"yoast-schema-graph\">{\"@context\":\"https:\/\/schema.org\",\"@graph\":[{\"@type\":\"WebPage\",\"@id\":\"https:\/\/www.glorialerin.com\/terapias\/politica-de-cookies\/\",\"url\":\"https:\/\/www.glorialerin.com\/terapias\/politica-de-cookies\/\",\"name\":\"Pol\u00edtica de Cookies - Glora Lerin\",\"isPartOf\":{\"@id\":\"https:\/\/www.glorialerin.com\/terapias\/#website\"},\"datePublished\":\"2018-06-01T08:51:28+00:00\",\"dateModified\":\"2018-06-01T08:52:21+00:00\",\"breadcrumb\":{\"@id\":\"https:\/\/www.glorialerin.com\/terapias\/politica-de-cookies\/#breadcrumb\"},\"inLanguage\":\"es\",\"potentialAction\":[{\"@type\":\"ReadAction\",\"target\":[\"https:\/\/www.glorialerin.com\/terapias\/politica-de-cookies\/\"]}]},{\"@type\":\"BreadcrumbList\",\"@id\":\"https:\/\/www.glorialerin.com\/terapias\/politica-de-cookies\/#breadcrumb\",\"itemListElement\":[{\"@type\":\"ListItem\",\"position\":1,\"name\":\"Portada\",\"item\":\"https:\/\/www.glorialerin.com\/terapias\/\"},{\"@type\":\"ListItem\",\"position\":2,\"name\":\"Pol\u00edtica de Cookies\"}]},{\"@type\":\"WebSite\",\"@id\":\"https:\/\/www.glorialerin.com\/terapias\/#website\",\"url\":\"https:\/\/www.glorialerin.com\/terapias\/\",\"name\":\"Glora Lerin\",\"description\":\"\",\"potentialAction\":[{\"@type\":\"SearchAction\",\"target\":{\"@type\":\"EntryPoint\",\"urlTemplate\":\"https:\/\/www.glorialerin.com\/terapias\/?s={search_term_string}\"},\"query-input\":{\"@type\":\"PropertyValueSpecification\",\"valueRequired\":true,\"valueName\":\"search_term_string\"}}],\"inLanguage\":\"es\"}]}<\/script>\n<!-- \/ Yoast SEO plugin. -->","yoast_head_json":{"title":"Pol\u00edtica de Cookies - Glora Lerin","robots":{"index":"index","follow":"follow","max-snippet":"max-snippet:-1","max-image-preview":"max-image-preview:large","max-video-preview":"max-video-preview:-1"},"canonical":"https:\/\/www.glorialerin.com\/terapias\/politica-de-cookies\/","og_locale":"es_ES","og_type":"article","og_title":"Pol\u00edtica de Cookies - Glora Lerin","og_description":"Desde l\u2019Eix-ample queremos informarte de qu\u00e9 es una cookie, que nuestra p\u00e1gina web utiliza cookies, cu\u00e1les utiliza y ayudarte a poderlas gestionar seg\u00fan sea tu inter\u00e9s. Con la mera navegaci\u00f3n por nuestro sitio web aceptas el uso de cookies de conformidad con la presente Pol\u00edtica de Cookies. Si no aceptas el uso de estas cookies, [&hellip;]","og_url":"https:\/\/www.glorialerin.com\/terapias\/politica-de-cookies\/","og_site_name":"Glora Lerin","article_modified_time":"2018-06-01T08:52:21+00:00","twitter_card":"summary_large_image","twitter_misc":{"Tiempo de lectura":"4 minutos"},"schema":{"@context":"https:\/\/schema.org","@graph":[{"@type":"WebPage","@id":"https:\/\/www.glorialerin.com\/terapias\/politica-de-cookies\/","url":"https:\/\/www.glorialerin.com\/terapias\/politica-de-cookies\/","name":"Pol\u00edtica de Cookies - Glora Lerin","isPartOf":{"@id":"https:\/\/www.glorialerin.com\/terapias\/#website"},"datePublished":"2018-06-01T08:51:28+00:00","dateModified":"2018-06-01T08:52:21+00:00","breadcrumb":{"@id":"https:\/\/www.glorialerin.com\/terapias\/politica-de-cookies\/#breadcrumb"},"inLanguage":"es","potentialAction":[{"@type":"ReadAction","target":["https:\/\/www.glorialerin.com\/terapias\/politica-de-cookies\/"]}]},{"@type":"BreadcrumbList","@id":"https:\/\/www.glorialerin.com\/terapias\/politica-de-cookies\/#breadcrumb","itemListElement":[{"@type":"ListItem","position":1,"name":"Portada","item":"https:\/\/www.glorialerin.com\/terapias\/"},{"@type":"ListItem","position":2,"name":"Pol\u00edtica de Cookies"}]},{"@type":"WebSite","@id":"https:\/\/www.glorialerin.com\/terapias\/#website","url":"https:\/\/www.glorialerin.com\/terapias\/","name":"Glora Lerin","description":"","potentialAction":[{"@type":"SearchAction","target":{"@type":"EntryPoint","urlTemplate":"https:\/\/www.glorialerin.com\/terapias\/?s={search_term_string}"},"query-input":{"@type":"PropertyValueSpecification","valueRequired":true,"valueName":"search_term_string"}}],"inLanguage":"es"}]}},"_links":{"self":[{"href":"https:\/\/www.glorialerin.com\/terapias\/wp-json\/wp\/v2\/pages\/673","targetHints":{"allow":["GET"]}}],"collection":[{"href":"https:\/\/www.glorialerin.com\/terapias\/wp-json\/wp\/v2\/pages"}],"about":[{"href":"https:\/\/www.glorialerin.com\/terapias\/wp-json\/wp\/v2\/types\/page"}],"author":[{"embeddable":true,"href":"https:\/\/www.glorialerin.com\/terapias\/wp-json\/wp\/v2\/users\/1"}],"replies":[{"embeddable":true,"href":"https:\/\/www.glorialerin.com\/terapias\/wp-json\/wp\/v2\/comments?post=673"}],"version-history":[{"count":3,"href":"https:\/\/www.glorialerin.com\/terapias\/wp-json\/wp\/v2\/pages\/673\/revisions"}],"predecessor-version":[{"id":676,"href":"https:\/\/www.glorialerin.com\/terapias\/wp-json\/wp\/v2\/pages\/673\/revisions\/676"}],"wp:attachment":[{"href":"https:\/\/www.glorialerin.com\/terapias\/wp-json\/wp\/v2\/media?parent=673"}],"curies":[{"name":"wp","href":"https:\/\/api.w.org\/{rel}","templated":true}]}}