{"id":630,"date":"2018-05-15T11:14:21","date_gmt":"2018-05-15T11:14:21","guid":{"rendered":"http:\/\/www.glorialerin.com\/terapias\/como-armonizar-nuestras-emociones-2\/"},"modified":"2018-06-01T13:35:10","modified_gmt":"2018-06-01T13:35:10","slug":"como-encontrar-el-alineamiento-entre-la-cabeza-y-el-cuello","status":"publish","type":"page","link":"https:\/\/www.glorialerin.com\/terapias\/como-encontrar-el-alineamiento-entre-la-cabeza-y-el-cuello\/","title":{"rendered":"Como encontrar el alineamiento entre la cabeza y el cuello"},"content":{"rendered":"<p>[et_pb_section bb_built=\u00bb1&#8243; fullwidth=\u00bbon\u00bb _builder_version=\u00bb3.0.92&#8243;][et_pb_fullwidth_slider _builder_version=\u00bb3.0.92&#8243; custom_padding=\u00bb|0px||0px\u00bb show_arrows=\u00bbon\u00bb show_pagination=\u00bbon\u00bb show_inner_shadow=\u00bbon\u00bb custom_button=\u00bboff\u00bb button_icon_placement=\u00bbright\u00bb show_content_on_mobile=\u00bbon\u00bb show_cta_on_mobile=\u00bbon\u00bb show_image_video_mobile=\u00bboff\u00bb][et_pb_slide heading=\u00bbCOMO ENCONTRAR EL ALINEAMIENTO ENTRE LA CABEZA Y EL CUELLO\u00bb use_bg_overlay=\u00bboff\u00bb use_text_overlay=\u00bboff\u00bb _builder_version=\u00bb3.0.92&#8243; header_font=\u00bbMontserrat|700|||||||\u00bb header_font_size=\u00bb50px\u00bb header_font_size_tablet=\u00bb50px\u00bb header_font_size_phone=\u00bb50px\u00bb body_font=\u00bbMontserrat||||||||\u00bb body_font_size=\u00bb20px\u00bb body_font_size_tablet=\u00bb20px\u00bb body_font_size_phone=\u00bb20px\u00bb use_background_color_gradient=\u00bbon\u00bb background_color_gradient_start=\u00bb#ffffff\u00bb background_color_gradient_end=\u00bb#ffffff\u00bb background_image=\u00bbhttp:\/\/www.glorialerin.com\/terapias\/wp-content\/uploads\/2018\/05\/cabeza-cuello.png\u00bb background_color=\u00bb#ffffff\u00bb background_color_gradient_type=\u00bblinear\u00bb background_color_gradient_direction=\u00bb180deg\u00bb background_color_gradient_direction_radial=\u00bbcenter\u00bb background_color_gradient_start_position=\u00bb0%\u00bb background_color_gradient_end_position=\u00bb100%\u00bb background_color_gradient_overlays_image=\u00bboff\u00bb parallax=\u00bboff\u00bb parallax_method=\u00bbon\u00bb background_size=\u00bbcover\u00bb background_position=\u00bbcenter\u00bb background_repeat=\u00bbno-repeat\u00bb background_blend=\u00bbnormal\u00bb allow_player_pause=\u00bboff\u00bb text_border_radius=\u00bb3&#8243; alignment=\u00bbcenter\u00bb child_filter_hue_rotate=\u00bb0deg\u00bb child_filter_saturate=\u00bb100%\u00bb child_filter_brightness=\u00bb100%\u00bb child_filter_contrast=\u00bb100%\u00bb child_filter_invert=\u00bb0%\u00bb child_filter_sepia=\u00bb0%\u00bb child_filter_opacity=\u00bb100%\u00bb child_filter_blur=\u00bb0px\u00bb child_mix_blend_mode=\u00bbnormal\u00bb background_layout=\u00bbdark\u00bb]<\/p>\n<p>TALLER TE\u00d3RICO-PR\u00c1CTICO<\/p>\n<p>[\/et_pb_slide][\/et_pb_fullwidth_slider][\/et_pb_section][et_pb_section bb_built=\u00bb1&#8243; _builder_version=\u00bb3.0.92&#8243;][et_pb_row _builder_version=\u00bb3.0.92&#8243;][et_pb_column type=\u00bb1_2&#8243;][et_pb_text _builder_version=\u00bb3.0.92&#8243; background_layout=\u00bblight\u00bb]<\/p>\n<p>La nuca es la prolongaci\u00f3n de nuestra columna vertebral y conecta con la cabeza y el t\u00f3rax. Para mantener la cabeza alineada al cuello y sin esfuerzo depende de varios factores.<\/p>\n<p><strong>A nivel f\u00edsico:<\/strong><\/p>\n<ul>\n<li><em>\u00bf Tenemos un tono \u00a0equilibrado entre la musculatura profunda y superficial?<\/em><\/li>\n<li><em>\u00bf Hay espacio intervertebral en nuestra columna cervical?<\/em><\/li>\n<li><em>\u00bf Sientes tensi\u00f3n en el cuello y hombros, opresi\u00f3n en la articulaci\u00f3n de la mand\u00edbula?<\/em><\/li>\n<li><em>\u00bf Como estas en las cuerdas vocales, en la tiroides, en las am\u00edgdalas?<\/em><\/li>\n<li><em>\u00bf Sientes un nudo en la garganta?<\/em><\/li>\n<li><em>\u00bfTienes los sentidos despiertos<\/em>?<\/li>\n<\/ul>\n<p><strong>A nivel emocional:<\/strong><\/p>\n<ul>\n<li><em>\u00bf Reprimes la rabia? \u00bf En d\u00f3nde?<\/em><\/li>\n<li><em>\u00bf Sientes que te tragas tus emociones?<\/em><\/li>\n<li><em>\u00bf Retienes lo que necesitas expresar?<\/em><\/li>\n<li><em>\u00bf Te sientes irritado, enfadado, sinti\u00e9ndote insatisfecho en c\u00f3mo te comunicas?<\/em><\/li>\n<\/ul>\n<p><strong>A nivel ps\u00edquico<em>:<\/em><\/strong><\/p>\n<ul>\n<li><em>\u00bf Te cuesta pasar a hacer cambios, a pasar a la acci\u00f3n?<\/em><\/li>\n<li><em>\u00bf Sientes impotencia en seg\u00fan qu\u00e9 situaciones?<\/em><\/li>\n<li><em>\u00bf Sientes angustia ante la vida\u00a0 que te impide vivir con alegr\u00eda y la espontaneidad?<\/em><\/li>\n<li><em>\u00bf Te sientes abandonado, rechazado?<\/em><\/li>\n<\/ul>\n<p>A partir de propuestas de movimientos vamos a explorar como encontrar la movilidad y la estabilidad de la cabeza y el cuello, a dar la elasticidad al tend\u00f3n del diafragma, a encontrar el enraizamiento de los pies en la tierra para sostener la parte alta del cuerpo, a liberar las protecciones para podernos expresar y a relajar la cabeza de las tensiones acumuladas. El cuerpo humano tiene la sabidur\u00eda innata que colabora en colocar cada elemento de su estructura en su lugar cuando se le da la m\u00e1s m\u00ednima posibilidad. La acci\u00f3n en una parte del cuerpo tiene una repercusi\u00f3n en la globalidad del organismo.<\/p>\n<p>El alineamiento de nuestra estructura \u00f3seo-muscular nos permite tener un alineamiento de nuestro cuerpo y nuestra mente . Creamos un\u00a0 espacio interior para que nuestra energ\u00eda vital pueda empezar a circular con fluidez, liberamos lo que hemos reprimido, rechazado para conectar con nuestro impulso vital , nuestro potencial y nuestra expresi\u00f3n creativa en la vida.<\/p>\n<p>En \u00e9ste taller vamos a explorar como liberarnos de las corazas: fundamental, ocular, oral y del cuello a trav\u00e9s de movimientos basados en el M\u00e9todo de liberaci\u00f3n de las corazas de Marie Lise Labont\u00e9, de la Consciencia Sensorial de Charlotte Selver . Tambi\u00e9n vamos a adquirir unos conocimientos b\u00e1sicos de anatom\u00eda basados en la Anatom\u00eda para el movimiento de Blandine Calais Germain.<\/p>\n<p>&nbsp;<\/p>\n<p><strong>Impartido por Gloria Lerin<\/strong><br \/>\n<strong>Lugar: L\u2019eix-ample. C\/ Bruc 125 bajos. Barcelona<\/strong><br \/>\n<strong>Tel\u00e9fono: 93 457 61 40<\/strong><br \/>\n<strong>info@glorialerin.com \/ www.glorialerin.com<\/strong><\/p>\n<p>[\/et_pb_text][\/et_pb_column][et_pb_column type=\u00bb1_2&#8243;][et_pb_text _builder_version=\u00bb3.0.92&#8243; background_layout=\u00bblight\u00bb]<\/p>\n<div class=\"col-md-6 col-sm-12 col-md-offset-1 sm-padding-five sm-no-padding-bottom xs-margin-eleven xs-no-margin-lr xs-no-margin-bottom\">\n<div class=\"col-md-12 no-padding\">\n<p><strong><span class=\"text-extra-large margin-eleven no-margin-lr no-margin-top display-inline-block fontDark black-text xs-margin-eleven xs-no-margin-lr xs-no-margin-top\">Fechas<\/span><\/strong><\/p>\n<p class=\"fontDark text-large width-90 xs-width-100\">Martes 3 y Jueves 5 de julio de 13:30 a 16h o de 18 a 20:30h<\/p>\n<\/div>\n<\/div>\n<p>[\/et_pb_text][et_pb_text _builder_version=\u00bb3.0.92&#8243; background_layout=\u00bblight\u00bb]<\/p>\n<p><iframe loading=\"lazy\" src=\"https:\/\/www.youtube.com\/embed\/prPrCwinrZM\" width=\"560\" height=\"315\" frameborder=\"0\" allowfullscreen=\"allowfullscreen\"><\/iframe><\/p>\n<p>[\/et_pb_text][\/et_pb_column][\/et_pb_row][et_pb_row _builder_version=\u00bb3.0.92&#8243;][et_pb_column type=\u00bb1_2&#8243;][et_pb_image src=\u00bbhttp:\/\/www.glorialerin.com\/terapias\/wp-content\/uploads\/2018\/01\/mandala-parental-gloria-lerin.jpg\u00bb _builder_version=\u00bb3.0.92&#8243; show_in_lightbox=\u00bboff\u00bb url_new_window=\u00bboff\u00bb use_overlay=\u00bboff\u00bb always_center_on_mobile=\u00bbon\u00bb force_fullwidth=\u00bboff\u00bb show_bottom_space=\u00bbon\u00bb]<\/p>\n<p>&nbsp;<\/p>\n<p>[\/et_pb_image][\/et_pb_column][et_pb_column type=\u00bb1_2&#8243;][et_pb_contact_form admin_label=\u00bbContacto parental\u00bb email=\u00bbinfo@glorialerin.com\u00bb title=\u00bb\u00bfTe interesa el Taller %22Como encontrar el alineamiento entre la cabeza y el cuello%22?\u00bb module_id=\u00bbet_pb_contact_form_0&#8243; _builder_version=\u00bb3.0.92&#8243; title_font=\u00bbMontserrat|700|||||||\u00bb title_font_size=\u00bb16px\u00bb title_line_height=\u00bb2em\u00bb form_field_font=\u00bbMontserrat||||||||\u00bb custom_button=\u00bbon\u00bb button_text_color=\u00bb#626262&#8243; button_font=\u00bbMontserrat||||||||\u00bb captcha=\u00bbon\u00bb use_redirect=\u00bboff\u00bb button_icon_placement=\u00bbright\u00bb][et_pb_contact_field field_id=\u00bbNombre\u00bb field_title=\u00bbNombre*\u00bb fullwidth_field=\u00bbon\u00bb _builder_version=\u00bb3.0.92&#8243; \/][et_pb_contact_field field_id=\u00bbCorreo_electr\u00f3nico\u00bb field_title=\u00bbCorreo electr\u00f3nico*\u00bb fullwidth_field=\u00bbon\u00bb _builder_version=\u00bb3.0.92&#8243; \/][et_pb_contact_field field_id=\u00bbTel\u00e9fono\u00bb field_title=\u00bbTel\u00e9fono\u00bb required_mark=\u00bboff\u00bb fullwidth_field=\u00bbon\u00bb _builder_version=\u00bb3.0.92&#8243; \/][et_pb_contact_field field_id=\u00bbMensaje\u00bb field_title=\u00bbMensaje*\u00bb field_type=\u00bbtext\u00bb fullwidth_field=\u00bbon\u00bb _builder_version=\u00bb3.0.92&#8243; border_radii=\u00bbon||||\u00bb \/][et_pb_contact_field _builder_version=\u00bb3.0.92&#8243; field_id=\u00bbPol\u00edtica_de_privacidad\u00bb field_title=\u00bb \u00bb field_type=\u00bbcheckbox\u00bb checkbox_checked=\u00bboff\u00bb checkbox_options=\u00bb%91{%22value%22:%22He le\u00eddo y acepto la pol\u00edtica de privacidad.%22,%22checked%22:0}%93&#8243; radio_options=\u00bb%91{%22value%22:%22%22,%22checked%22:0}%93&#8243; select_options=\u00bb%91{%22value%22:%22%22,%22checked%22:0}%93&#8243; min_length=\u00bb0&#8243; max_length=\u00bb0&#8243; allowed_symbols=\u00bball\u00bb required_mark=\u00bbon\u00bb conditional_logic=\u00bboff\u00bb conditional_logic_relation=\u00bboff\u00bb conditional_logic_rules=\u00bb%91{%22field%22:%22nombre%22,%22condition%22:%22is%22,%22value%22:%22%22}%93&#8243; use_background_color_gradient=\u00bboff\u00bb background_color_gradient_start=\u00bb#2b87da\u00bb background_color_gradient_end=\u00bb#29c4a9&#8243; background_color_gradient_type=\u00bblinear\u00bb background_color_gradient_direction=\u00bb180deg\u00bb background_color_gradient_direction_radial=\u00bbcenter\u00bb background_color_gradient_start_position=\u00bb0%\u00bb background_color_gradient_end_position=\u00bb100%\u00bb background_color_gradient_overlays_image=\u00bboff\u00bb parallax=\u00bboff\u00bb parallax_method=\u00bbon\u00bb background_size=\u00bbcover\u00bb background_position=\u00bbcenter\u00bb background_repeat=\u00bbno-repeat\u00bb background_blend=\u00bbnormal\u00bb allow_player_pause=\u00bboff\u00bb fullwidth_field=\u00bbon\u00bb form_field_font=\u00bb||||||||\u00bb \/][\/et_pb_contact_form][\/et_pb_column][\/et_pb_row][\/et_pb_section]<\/p>\n","protected":false},"excerpt":{"rendered":"<p>TALLER TE\u00d3RICO-PR\u00c1CTICO La nuca es la prolongaci\u00f3n de nuestra columna vertebral y conecta con la cabeza y el t\u00f3rax. Para mantener la cabeza alineada al cuello y sin esfuerzo depende de varios factores. A nivel f\u00edsico: \u00bf Tenemos un tono \u00a0equilibrado entre la musculatura profunda y superficial? \u00bf Hay espacio intervertebral en nuestra columna cervical? [&hellip;]<\/p>\n","protected":false},"author":1,"featured_media":0,"parent":0,"menu_order":0,"comment_status":"closed","ping_status":"closed","template":"","meta":{"_et_pb_use_builder":"on","_et_pb_old_content":"","_et_gb_content_width":"","footnotes":""},"class_list":["post-630","page","type-page","status-publish","hentry"],"yoast_head":"<!-- This site is optimized with the Yoast SEO plugin v26.2 - https:\/\/yoast.com\/wordpress\/plugins\/seo\/ -->\n<title>Como encontrar el alineamiento entre la cabeza y el cuello - Glora Lerin<\/title>\n<meta name=\"robots\" content=\"index, follow, max-snippet:-1, max-image-preview:large, max-video-preview:-1\" \/>\n<link rel=\"canonical\" href=\"https:\/\/www.glorialerin.com\/terapias\/como-encontrar-el-alineamiento-entre-la-cabeza-y-el-cuello\/\" \/>\n<meta property=\"og:locale\" content=\"es_ES\" \/>\n<meta property=\"og:type\" content=\"article\" \/>\n<meta property=\"og:title\" content=\"Como encontrar el alineamiento entre la cabeza y el cuello - Glora Lerin\" \/>\n<meta property=\"og:description\" content=\"TALLER TE\u00d3RICO-PR\u00c1CTICO La nuca es la prolongaci\u00f3n de nuestra columna vertebral y conecta con la cabeza y el t\u00f3rax. Para mantener la cabeza alineada al cuello y sin esfuerzo depende de varios factores. A nivel f\u00edsico: \u00bf Tenemos un tono \u00a0equilibrado entre la musculatura profunda y superficial? \u00bf Hay espacio intervertebral en nuestra columna cervical? [&hellip;]\" \/>\n<meta property=\"og:url\" content=\"https:\/\/www.glorialerin.com\/terapias\/como-encontrar-el-alineamiento-entre-la-cabeza-y-el-cuello\/\" \/>\n<meta property=\"og:site_name\" content=\"Glora Lerin\" \/>\n<meta property=\"article:modified_time\" content=\"2018-06-01T13:35:10+00:00\" \/>\n<meta name=\"twitter:card\" content=\"summary_large_image\" \/>\n<meta name=\"twitter:label1\" content=\"Tiempo de lectura\" \/>\n\t<meta name=\"twitter:data1\" content=\"6 minutos\" \/>\n<script type=\"application\/ld+json\" class=\"yoast-schema-graph\">{\"@context\":\"https:\/\/schema.org\",\"@graph\":[{\"@type\":\"WebPage\",\"@id\":\"https:\/\/www.glorialerin.com\/terapias\/como-encontrar-el-alineamiento-entre-la-cabeza-y-el-cuello\/\",\"url\":\"https:\/\/www.glorialerin.com\/terapias\/como-encontrar-el-alineamiento-entre-la-cabeza-y-el-cuello\/\",\"name\":\"Como encontrar el alineamiento entre la cabeza y el cuello - Glora Lerin\",\"isPartOf\":{\"@id\":\"https:\/\/www.glorialerin.com\/terapias\/#website\"},\"datePublished\":\"2018-05-15T11:14:21+00:00\",\"dateModified\":\"2018-06-01T13:35:10+00:00\",\"breadcrumb\":{\"@id\":\"https:\/\/www.glorialerin.com\/terapias\/como-encontrar-el-alineamiento-entre-la-cabeza-y-el-cuello\/#breadcrumb\"},\"inLanguage\":\"es\",\"potentialAction\":[{\"@type\":\"ReadAction\",\"target\":[\"https:\/\/www.glorialerin.com\/terapias\/como-encontrar-el-alineamiento-entre-la-cabeza-y-el-cuello\/\"]}]},{\"@type\":\"BreadcrumbList\",\"@id\":\"https:\/\/www.glorialerin.com\/terapias\/como-encontrar-el-alineamiento-entre-la-cabeza-y-el-cuello\/#breadcrumb\",\"itemListElement\":[{\"@type\":\"ListItem\",\"position\":1,\"name\":\"Portada\",\"item\":\"https:\/\/www.glorialerin.com\/terapias\/\"},{\"@type\":\"ListItem\",\"position\":2,\"name\":\"Como encontrar el alineamiento entre la cabeza y el cuello\"}]},{\"@type\":\"WebSite\",\"@id\":\"https:\/\/www.glorialerin.com\/terapias\/#website\",\"url\":\"https:\/\/www.glorialerin.com\/terapias\/\",\"name\":\"Glora Lerin\",\"description\":\"\",\"potentialAction\":[{\"@type\":\"SearchAction\",\"target\":{\"@type\":\"EntryPoint\",\"urlTemplate\":\"https:\/\/www.glorialerin.com\/terapias\/?s={search_term_string}\"},\"query-input\":{\"@type\":\"PropertyValueSpecification\",\"valueRequired\":true,\"valueName\":\"search_term_string\"}}],\"inLanguage\":\"es\"}]}<\/script>\n<!-- \/ Yoast SEO plugin. -->","yoast_head_json":{"title":"Como encontrar el alineamiento entre la cabeza y el cuello - Glora Lerin","robots":{"index":"index","follow":"follow","max-snippet":"max-snippet:-1","max-image-preview":"max-image-preview:large","max-video-preview":"max-video-preview:-1"},"canonical":"https:\/\/www.glorialerin.com\/terapias\/como-encontrar-el-alineamiento-entre-la-cabeza-y-el-cuello\/","og_locale":"es_ES","og_type":"article","og_title":"Como encontrar el alineamiento entre la cabeza y el cuello - Glora Lerin","og_description":"TALLER TE\u00d3RICO-PR\u00c1CTICO La nuca es la prolongaci\u00f3n de nuestra columna vertebral y conecta con la cabeza y el t\u00f3rax. Para mantener la cabeza alineada al cuello y sin esfuerzo depende de varios factores. A nivel f\u00edsico: \u00bf Tenemos un tono \u00a0equilibrado entre la musculatura profunda y superficial? \u00bf Hay espacio intervertebral en nuestra columna cervical? [&hellip;]","og_url":"https:\/\/www.glorialerin.com\/terapias\/como-encontrar-el-alineamiento-entre-la-cabeza-y-el-cuello\/","og_site_name":"Glora Lerin","article_modified_time":"2018-06-01T13:35:10+00:00","twitter_card":"summary_large_image","twitter_misc":{"Tiempo de lectura":"6 minutos"},"schema":{"@context":"https:\/\/schema.org","@graph":[{"@type":"WebPage","@id":"https:\/\/www.glorialerin.com\/terapias\/como-encontrar-el-alineamiento-entre-la-cabeza-y-el-cuello\/","url":"https:\/\/www.glorialerin.com\/terapias\/como-encontrar-el-alineamiento-entre-la-cabeza-y-el-cuello\/","name":"Como encontrar el alineamiento entre la cabeza y el cuello - Glora Lerin","isPartOf":{"@id":"https:\/\/www.glorialerin.com\/terapias\/#website"},"datePublished":"2018-05-15T11:14:21+00:00","dateModified":"2018-06-01T13:35:10+00:00","breadcrumb":{"@id":"https:\/\/www.glorialerin.com\/terapias\/como-encontrar-el-alineamiento-entre-la-cabeza-y-el-cuello\/#breadcrumb"},"inLanguage":"es","potentialAction":[{"@type":"ReadAction","target":["https:\/\/www.glorialerin.com\/terapias\/como-encontrar-el-alineamiento-entre-la-cabeza-y-el-cuello\/"]}]},{"@type":"BreadcrumbList","@id":"https:\/\/www.glorialerin.com\/terapias\/como-encontrar-el-alineamiento-entre-la-cabeza-y-el-cuello\/#breadcrumb","itemListElement":[{"@type":"ListItem","position":1,"name":"Portada","item":"https:\/\/www.glorialerin.com\/terapias\/"},{"@type":"ListItem","position":2,"name":"Como encontrar el alineamiento entre la cabeza y el cuello"}]},{"@type":"WebSite","@id":"https:\/\/www.glorialerin.com\/terapias\/#website","url":"https:\/\/www.glorialerin.com\/terapias\/","name":"Glora Lerin","description":"","potentialAction":[{"@type":"SearchAction","target":{"@type":"EntryPoint","urlTemplate":"https:\/\/www.glorialerin.com\/terapias\/?s={search_term_string}"},"query-input":{"@type":"PropertyValueSpecification","valueRequired":true,"valueName":"search_term_string"}}],"inLanguage":"es"}]}},"_links":{"self":[{"href":"https:\/\/www.glorialerin.com\/terapias\/wp-json\/wp\/v2\/pages\/630","targetHints":{"allow":["GET"]}}],"collection":[{"href":"https:\/\/www.glorialerin.com\/terapias\/wp-json\/wp\/v2\/pages"}],"about":[{"href":"https:\/\/www.glorialerin.com\/terapias\/wp-json\/wp\/v2\/types\/page"}],"author":[{"embeddable":true,"href":"https:\/\/www.glorialerin.com\/terapias\/wp-json\/wp\/v2\/users\/1"}],"replies":[{"embeddable":true,"href":"https:\/\/www.glorialerin.com\/terapias\/wp-json\/wp\/v2\/comments?post=630"}],"version-history":[{"count":9,"href":"https:\/\/www.glorialerin.com\/terapias\/wp-json\/wp\/v2\/pages\/630\/revisions"}],"predecessor-version":[{"id":709,"href":"https:\/\/www.glorialerin.com\/terapias\/wp-json\/wp\/v2\/pages\/630\/revisions\/709"}],"wp:attachment":[{"href":"https:\/\/www.glorialerin.com\/terapias\/wp-json\/wp\/v2\/media?parent=630"}],"curies":[{"name":"wp","href":"https:\/\/api.w.org\/{rel}","templated":true}]}}