{"id":618,"date":"2018-05-11T09:22:32","date_gmt":"2018-05-11T09:22:32","guid":{"rendered":"http:\/\/www.glorialerin.com\/terapias\/libertad-de-amar-con-autenticidad-2\/"},"modified":"2018-08-27T08:40:13","modified_gmt":"2018-08-27T08:40:13","slug":"como-armonizar-nuestras-emociones","status":"publish","type":"page","link":"https:\/\/www.glorialerin.com\/terapias\/como-armonizar-nuestras-emociones\/","title":{"rendered":"Como armonizar nuestras emociones"},"content":{"rendered":"<p>[et_pb_section bb_built=\u00bb1&#8243; fullwidth=\u00bbon\u00bb _builder_version=\u00bb3.0.92&#8243;][et_pb_fullwidth_slider _builder_version=\u00bb3.0.92&#8243; custom_padding=\u00bb|0px||0px\u00bb show_arrows=\u00bbon\u00bb show_pagination=\u00bbon\u00bb show_inner_shadow=\u00bbon\u00bb custom_button=\u00bboff\u00bb button_icon_placement=\u00bbright\u00bb show_content_on_mobile=\u00bbon\u00bb show_cta_on_mobile=\u00bbon\u00bb show_image_video_mobile=\u00bboff\u00bb][et_pb_slide heading=\u00bbCOMO ARMONIZAR NUESTRAS EMOCIONES\u00bb use_bg_overlay=\u00bboff\u00bb use_text_overlay=\u00bboff\u00bb _builder_version=\u00bb3.0.92&#8243; header_font=\u00bbMontserrat|700|||||||\u00bb header_font_size=\u00bb50px\u00bb header_font_size_tablet=\u00bb50px\u00bb header_font_size_phone=\u00bb50px\u00bb body_font=\u00bbMontserrat||||||||\u00bb body_font_size=\u00bb20px\u00bb body_font_size_tablet=\u00bb20px\u00bb body_font_size_phone=\u00bb20px\u00bb use_background_color_gradient=\u00bbon\u00bb background_color_gradient_start=\u00bb#ffffff\u00bb background_color_gradient_end=\u00bb#ffffff\u00bb background_image=\u00bbhttp:\/\/www.glorialerin.com\/terapias\/wp-content\/uploads\/2018\/05\/armonia.png\u00bb background_color=\u00bb#ffffff\u00bb background_color_gradient_type=\u00bblinear\u00bb background_color_gradient_direction=\u00bb180deg\u00bb background_color_gradient_direction_radial=\u00bbcenter\u00bb background_color_gradient_start_position=\u00bb0%\u00bb background_color_gradient_end_position=\u00bb100%\u00bb background_color_gradient_overlays_image=\u00bboff\u00bb parallax=\u00bboff\u00bb parallax_method=\u00bbon\u00bb background_size=\u00bbcover\u00bb background_position=\u00bbcenter\u00bb background_repeat=\u00bbno-repeat\u00bb background_blend=\u00bbnormal\u00bb allow_player_pause=\u00bboff\u00bb text_border_radius=\u00bb3&#8243; alignment=\u00bbcenter\u00bb child_filter_hue_rotate=\u00bb0deg\u00bb child_filter_saturate=\u00bb100%\u00bb child_filter_brightness=\u00bb100%\u00bb child_filter_contrast=\u00bb100%\u00bb child_filter_invert=\u00bb0%\u00bb child_filter_sepia=\u00bb0%\u00bb child_filter_opacity=\u00bb100%\u00bb child_filter_blur=\u00bb0px\u00bb child_mix_blend_mode=\u00bbnormal\u00bb background_layout=\u00bbdark\u00bb]<\/p>\n<p>TALLER JULIO<\/p>\n<p>[\/et_pb_slide][\/et_pb_fullwidth_slider][\/et_pb_section][et_pb_section bb_built=\u00bb1&#8243; _builder_version=\u00bb3.0.92&#8243;][et_pb_row _builder_version=\u00bb3.0.92&#8243;][et_pb_column type=\u00bb1_2&#8243;][et_pb_text _builder_version=\u00bb3.0.92&#8243; background_layout=\u00bblight\u00bb]<\/p>\n<ul>\n<li><em>\u00bfCuales son tus necesidades afectivas y como las puedes asumir?<\/em><\/li>\n<li><em>\u00bfComo vives tus emociones?<\/em><\/li>\n<li><em>\u00bfCuales reprimes &nbsp;y cuales te sientes sumergido en ellas?<\/em><\/li>\n<li><em>\u00bfConf\u00edas en abrir tu coraz\u00f3n hacia ti mismo y hacia los dem\u00e1s?<\/em><\/li>\n<li><em>\u00bfCuales son las emociones que los otros viven y te hacen cambiar tu estado de \u00e1nimo, tu &nbsp;comportamiento?<\/em><\/li>\n<li><em>\u00bfReconoces que emociones utilizas para que el otro cambie de idea o para llegar a lo que quieres conseguir?<\/em><\/li>\n<\/ul>\n<p>Las emociones son una expresi\u00f3n de la fuerza de vida que llevamos en nuestro interior. &nbsp;Nos informan de nuestras necesidades, deseos, anhelos. La mayor\u00eda surgen cuando se despierta nuestra Herida Fundamental: el abandono, la falta de reconocimiento, el rechazo\u2026. &nbsp;Y se alojan en una zona del cuerpo creando s\u00edntomas si no las dejamos circular. Las creencias que tenemos sobre \u00e9sta emoci\u00f3n junto a la herida fundamental mantienen a &nbsp;la emoci\u00f3n bloqueada.<\/p>\n<p><em>&nbsp;<\/em><em>En este taller vamos a explorar:<\/em><\/p>\n<ul>\n<li><em>La relaci\u00f3n entre la herida Fundamental, las emociones y las creencias.<\/em><\/li>\n<li><em>A como abrir las puertas de nuestro coraz\u00f3n para que &nbsp;nuestro mundo interior y nuestro mundo exterior se comuniquen.<\/em><\/li>\n<li><em>A llegar ser aut\u00f3nomo en nuestro mundo afectivo y dejar de utilizar al otro para cubrir nuestras necesidades afectivas.<\/em><\/li>\n<li><em>A dejar de ser dependiente del juego de nuestras emociones, reconoci\u00e9ndolas y permitiendo que circulen.<\/em><\/li>\n<li><em>A nivel f\u00edsico vamos a ubicar los \u201c Pilares del Coraz\u00f3n\u201d: el romboides, el peque\u00f1o pectoral y el largo del cuello.<\/em><\/li>\n<\/ul>\n<p>Reconectamos con nuestra inteligencia emocional, la capacidad que tenemos de adaptarnos a las situaciones que nos encontramos en la vida, a nosotros mismos , a los dem\u00e1s. Danzamos con nuestras emociones. Nos damos nuestra propia alegr\u00eda, bienestar, placer y lo compartimos con los dem\u00e1s desde el coraz\u00f3n .Yo me amo y no espero que el otro satisfaga mis necesidades afectivas. Recobro la confianza en m\u00ed mismo a partir de una solidez interior.<\/p>\n<p>Este taller est\u00e1 basado en M\u00e9todo de Liberaci\u00f3n de las Corazas. MLC \u00a9<\/p>\n<p>&nbsp;<\/p>\n<p><strong>Impartido por Gloria Lerin<\/strong><br \/>\n<strong>Lugar: L\u2019eix-ample. C\/ Bruc 125 bajos. Barcelona<\/strong><br \/>\n<strong>Tel\u00e9fono: 93 457 61 40<\/strong><br \/>\n<strong>info@glorialerin.com \/ www.glorialerin.com<\/strong><\/p>\n<p>[\/et_pb_text][\/et_pb_column][et_pb_column type=\u00bb1_2&#8243;][et_pb_text _builder_version=\u00bb3.0.92&#8243; background_layout=\u00bblight\u00bb]<\/p>\n<div class=\"col-md-6 col-sm-12 col-md-offset-1 sm-padding-five sm-no-padding-bottom xs-margin-eleven xs-no-margin-lr xs-no-margin-bottom\">\n<div class=\"col-md-12 no-padding\">\n<p><strong><span class=\"text-extra-large margin-eleven no-margin-lr no-margin-top display-inline-block fontDark black-text xs-margin-eleven xs-no-margin-lr xs-no-margin-top\">Fechas<\/span><\/strong><\/p>\n<p class=\"fontDark text-large width-90 xs-width-100\">Mi\u00e9rcoles 4 de julio 2018, de 9:30 a 14h<\/p>\n<\/div>\n<\/div>\n<p>[\/et_pb_text][et_pb_text _builder_version=\u00bb3.0.92&#8243; background_layout=\u00bblight\u00bb]<\/p>\n<p><iframe loading=\"lazy\" src=\"https:\/\/www.youtube.com\/embed\/BUNUUbdfv_I\" width=\"560\" height=\"315\" frameborder=\"0\" allowfullscreen=\"allowfullscreen\"><\/iframe><\/p>\n<p>[\/et_pb_text][\/et_pb_column][\/et_pb_row][et_pb_row _builder_version=\u00bb3.0.92&#8243;][et_pb_column type=\u00bb1_2&#8243;][et_pb_image src=\u00bbhttp:\/\/www.glorialerin.com\/terapias\/wp-content\/uploads\/2018\/01\/mandala-libertad-de-amar-gloria-lerin.jpg\u00bb _builder_version=\u00bb3.0.92&#8243;]<\/p>\n<p>&nbsp;<\/p>\n<p>[\/et_pb_image][\/et_pb_column][et_pb_column type=\u00bb1_2&#8243;][et_pb_contact_form admin_label=\u00bbContacto parental\u00bb email=\u00bbinfo@glorialerin.com\u00bb title=\u00bb\u00bfTe interesa el Taller %22Como armonizar nuestras emociones%22?\u00bb module_id=\u00bbet_pb_contact_form_0&#8243; _builder_version=\u00bb3.0.92&#8243; title_font=\u00bbMontserrat|700|||||||\u00bb title_font_size=\u00bb16px\u00bb title_line_height=\u00bb2em\u00bb form_field_font=\u00bbMontserrat||||||||\u00bb custom_button=\u00bbon\u00bb button_text_color=\u00bb#626262&#8243; button_font=\u00bbMontserrat||||||||\u00bb captcha=\u00bbon\u00bb use_redirect=\u00bboff\u00bb button_icon_placement=\u00bbright\u00bb][et_pb_contact_field field_id=\u00bbNombre\u00bb field_title=\u00bbNombre*\u00bb fullwidth_field=\u00bbon\u00bb _builder_version=\u00bb3.0.92&#8243; \/][et_pb_contact_field field_id=\u00bbCorreo_electr\u00f3nico\u00bb field_title=\u00bbCorreo electr\u00f3nico*\u00bb fullwidth_field=\u00bbon\u00bb _builder_version=\u00bb3.0.92&#8243; \/][et_pb_contact_field field_id=\u00bbTel\u00e9fono\u00bb field_title=\u00bbTel\u00e9fono\u00bb required_mark=\u00bboff\u00bb fullwidth_field=\u00bbon\u00bb _builder_version=\u00bb3.0.92&#8243; \/][et_pb_contact_field field_id=\u00bbMensaje\u00bb field_title=\u00bbMensaje*\u00bb field_type=\u00bbtext\u00bb fullwidth_field=\u00bbon\u00bb _builder_version=\u00bb3.0.92&#8243; border_radii=\u00bbon||||\u00bb \/][et_pb_contact_field _builder_version=\u00bb3.0.92&#8243; field_id=\u00bbPol\u00edtica_de_privacidad\u00bb field_type=\u00bbcheckbox\u00bb checkbox_checked=\u00bboff\u00bb radio_options=\u00bb%91{%22value%22:%22%22,%22checked%22:0}%93&#8243; select_options=\u00bb%91{%22value%22:%22%22,%22checked%22:0}%93&#8243; min_length=\u00bb0&#8243; max_length=\u00bb0&#8243; allowed_symbols=\u00bball\u00bb required_mark=\u00bbon\u00bb conditional_logic=\u00bboff\u00bb conditional_logic_relation=\u00bboff\u00bb conditional_logic_rules=\u00bb%91{%22field%22:%22nombre%22,%22condition%22:%22is%22,%22value%22:%22%22}%93&#8243; use_background_color_gradient=\u00bboff\u00bb background_color_gradient_start=\u00bb#2b87da\u00bb background_color_gradient_end=\u00bb#29c4a9&#8243; background_color_gradient_type=\u00bblinear\u00bb background_color_gradient_direction=\u00bb180deg\u00bb background_color_gradient_direction_radial=\u00bbcenter\u00bb background_color_gradient_start_position=\u00bb0%\u00bb background_color_gradient_end_position=\u00bb100%\u00bb background_color_gradient_overlays_image=\u00bboff\u00bb parallax=\u00bboff\u00bb parallax_method=\u00bbon\u00bb background_size=\u00bbcover\u00bb background_position=\u00bbcenter\u00bb background_repeat=\u00bbno-repeat\u00bb background_blend=\u00bbnormal\u00bb allow_player_pause=\u00bboff\u00bb fullwidth_field=\u00bbon\u00bb form_field_font=\u00bb||||||||\u00bb checkbox_options=\u00bb%91{%22value%22:%22He le\u00eddo y acepto la pol\u00edtica de privacidad.%22,%22checked%22:0}%93&#8243; field_title=\u00bb \u00bb \/][\/et_pb_contact_form][\/et_pb_column][\/et_pb_row][\/et_pb_section]<\/p>\n","protected":false},"excerpt":{"rendered":"<p>TALLER JULIO \u00bfCuales son tus necesidades afectivas y como las puedes asumir? \u00bfComo vives tus emociones? \u00bfCuales reprimes &nbsp;y cuales te sientes sumergido en ellas? \u00bfConf\u00edas en abrir tu coraz\u00f3n hacia ti mismo y hacia los dem\u00e1s? \u00bfCuales son las emociones que los otros viven y te hacen cambiar tu estado de \u00e1nimo, tu &nbsp;comportamiento? [&hellip;]<\/p>\n","protected":false},"author":1,"featured_media":0,"parent":0,"menu_order":0,"comment_status":"closed","ping_status":"closed","template":"","meta":{"_et_pb_use_builder":"on","_et_pb_old_content":"","_et_gb_content_width":"","footnotes":""},"class_list":["post-618","page","type-page","status-publish","hentry"],"yoast_head":"<!-- This site is optimized with the Yoast SEO plugin v26.2 - https:\/\/yoast.com\/wordpress\/plugins\/seo\/ -->\n<title>Como armonizar nuestras emociones - Glora Lerin<\/title>\n<meta name=\"robots\" content=\"index, follow, max-snippet:-1, max-image-preview:large, max-video-preview:-1\" \/>\n<link rel=\"canonical\" href=\"https:\/\/www.glorialerin.com\/terapias\/como-armonizar-nuestras-emociones\/\" \/>\n<meta property=\"og:locale\" content=\"es_ES\" \/>\n<meta property=\"og:type\" content=\"article\" \/>\n<meta property=\"og:title\" content=\"Como armonizar nuestras emociones - Glora Lerin\" \/>\n<meta property=\"og:description\" content=\"TALLER JULIO \u00bfCuales son tus necesidades afectivas y como las puedes asumir? \u00bfComo vives tus emociones? \u00bfCuales reprimes &nbsp;y cuales te sientes sumergido en ellas? \u00bfConf\u00edas en abrir tu coraz\u00f3n hacia ti mismo y hacia los dem\u00e1s? \u00bfCuales son las emociones que los otros viven y te hacen cambiar tu estado de \u00e1nimo, tu &nbsp;comportamiento? [&hellip;]\" \/>\n<meta property=\"og:url\" content=\"https:\/\/www.glorialerin.com\/terapias\/como-armonizar-nuestras-emociones\/\" \/>\n<meta property=\"og:site_name\" content=\"Glora Lerin\" \/>\n<meta property=\"article:modified_time\" content=\"2018-08-27T08:40:13+00:00\" \/>\n<meta name=\"twitter:card\" content=\"summary_large_image\" \/>\n<meta name=\"twitter:label1\" content=\"Tiempo de lectura\" \/>\n\t<meta name=\"twitter:data1\" content=\"5 minutos\" \/>\n<script type=\"application\/ld+json\" class=\"yoast-schema-graph\">{\"@context\":\"https:\/\/schema.org\",\"@graph\":[{\"@type\":\"WebPage\",\"@id\":\"https:\/\/www.glorialerin.com\/terapias\/como-armonizar-nuestras-emociones\/\",\"url\":\"https:\/\/www.glorialerin.com\/terapias\/como-armonizar-nuestras-emociones\/\",\"name\":\"Como armonizar nuestras emociones - Glora Lerin\",\"isPartOf\":{\"@id\":\"https:\/\/www.glorialerin.com\/terapias\/#website\"},\"datePublished\":\"2018-05-11T09:22:32+00:00\",\"dateModified\":\"2018-08-27T08:40:13+00:00\",\"breadcrumb\":{\"@id\":\"https:\/\/www.glorialerin.com\/terapias\/como-armonizar-nuestras-emociones\/#breadcrumb\"},\"inLanguage\":\"es\",\"potentialAction\":[{\"@type\":\"ReadAction\",\"target\":[\"https:\/\/www.glorialerin.com\/terapias\/como-armonizar-nuestras-emociones\/\"]}]},{\"@type\":\"BreadcrumbList\",\"@id\":\"https:\/\/www.glorialerin.com\/terapias\/como-armonizar-nuestras-emociones\/#breadcrumb\",\"itemListElement\":[{\"@type\":\"ListItem\",\"position\":1,\"name\":\"Portada\",\"item\":\"https:\/\/www.glorialerin.com\/terapias\/\"},{\"@type\":\"ListItem\",\"position\":2,\"name\":\"Como armonizar nuestras emociones\"}]},{\"@type\":\"WebSite\",\"@id\":\"https:\/\/www.glorialerin.com\/terapias\/#website\",\"url\":\"https:\/\/www.glorialerin.com\/terapias\/\",\"name\":\"Glora Lerin\",\"description\":\"\",\"potentialAction\":[{\"@type\":\"SearchAction\",\"target\":{\"@type\":\"EntryPoint\",\"urlTemplate\":\"https:\/\/www.glorialerin.com\/terapias\/?s={search_term_string}\"},\"query-input\":{\"@type\":\"PropertyValueSpecification\",\"valueRequired\":true,\"valueName\":\"search_term_string\"}}],\"inLanguage\":\"es\"}]}<\/script>\n<!-- \/ Yoast SEO plugin. -->","yoast_head_json":{"title":"Como armonizar nuestras emociones - Glora Lerin","robots":{"index":"index","follow":"follow","max-snippet":"max-snippet:-1","max-image-preview":"max-image-preview:large","max-video-preview":"max-video-preview:-1"},"canonical":"https:\/\/www.glorialerin.com\/terapias\/como-armonizar-nuestras-emociones\/","og_locale":"es_ES","og_type":"article","og_title":"Como armonizar nuestras emociones - Glora Lerin","og_description":"TALLER JULIO \u00bfCuales son tus necesidades afectivas y como las puedes asumir? \u00bfComo vives tus emociones? \u00bfCuales reprimes &nbsp;y cuales te sientes sumergido en ellas? \u00bfConf\u00edas en abrir tu coraz\u00f3n hacia ti mismo y hacia los dem\u00e1s? \u00bfCuales son las emociones que los otros viven y te hacen cambiar tu estado de \u00e1nimo, tu &nbsp;comportamiento? [&hellip;]","og_url":"https:\/\/www.glorialerin.com\/terapias\/como-armonizar-nuestras-emociones\/","og_site_name":"Glora Lerin","article_modified_time":"2018-08-27T08:40:13+00:00","twitter_card":"summary_large_image","twitter_misc":{"Tiempo de lectura":"5 minutos"},"schema":{"@context":"https:\/\/schema.org","@graph":[{"@type":"WebPage","@id":"https:\/\/www.glorialerin.com\/terapias\/como-armonizar-nuestras-emociones\/","url":"https:\/\/www.glorialerin.com\/terapias\/como-armonizar-nuestras-emociones\/","name":"Como armonizar nuestras emociones - Glora Lerin","isPartOf":{"@id":"https:\/\/www.glorialerin.com\/terapias\/#website"},"datePublished":"2018-05-11T09:22:32+00:00","dateModified":"2018-08-27T08:40:13+00:00","breadcrumb":{"@id":"https:\/\/www.glorialerin.com\/terapias\/como-armonizar-nuestras-emociones\/#breadcrumb"},"inLanguage":"es","potentialAction":[{"@type":"ReadAction","target":["https:\/\/www.glorialerin.com\/terapias\/como-armonizar-nuestras-emociones\/"]}]},{"@type":"BreadcrumbList","@id":"https:\/\/www.glorialerin.com\/terapias\/como-armonizar-nuestras-emociones\/#breadcrumb","itemListElement":[{"@type":"ListItem","position":1,"name":"Portada","item":"https:\/\/www.glorialerin.com\/terapias\/"},{"@type":"ListItem","position":2,"name":"Como armonizar nuestras emociones"}]},{"@type":"WebSite","@id":"https:\/\/www.glorialerin.com\/terapias\/#website","url":"https:\/\/www.glorialerin.com\/terapias\/","name":"Glora Lerin","description":"","potentialAction":[{"@type":"SearchAction","target":{"@type":"EntryPoint","urlTemplate":"https:\/\/www.glorialerin.com\/terapias\/?s={search_term_string}"},"query-input":{"@type":"PropertyValueSpecification","valueRequired":true,"valueName":"search_term_string"}}],"inLanguage":"es"}]}},"_links":{"self":[{"href":"https:\/\/www.glorialerin.com\/terapias\/wp-json\/wp\/v2\/pages\/618","targetHints":{"allow":["GET"]}}],"collection":[{"href":"https:\/\/www.glorialerin.com\/terapias\/wp-json\/wp\/v2\/pages"}],"about":[{"href":"https:\/\/www.glorialerin.com\/terapias\/wp-json\/wp\/v2\/types\/page"}],"author":[{"embeddable":true,"href":"https:\/\/www.glorialerin.com\/terapias\/wp-json\/wp\/v2\/users\/1"}],"replies":[{"embeddable":true,"href":"https:\/\/www.glorialerin.com\/terapias\/wp-json\/wp\/v2\/comments?post=618"}],"version-history":[{"count":20,"href":"https:\/\/www.glorialerin.com\/terapias\/wp-json\/wp\/v2\/pages\/618\/revisions"}],"predecessor-version":[{"id":757,"href":"https:\/\/www.glorialerin.com\/terapias\/wp-json\/wp\/v2\/pages\/618\/revisions\/757"}],"wp:attachment":[{"href":"https:\/\/www.glorialerin.com\/terapias\/wp-json\/wp\/v2\/media?parent=618"}],"curies":[{"name":"wp","href":"https:\/\/api.w.org\/{rel}","templated":true}]}}