{"id":419,"date":"2019-12-27T13:50:05","date_gmt":"2019-12-27T13:50:05","guid":{"rendered":"http:\/\/www.glorialerin.com\/terapias\/atencion-plena-2\/"},"modified":"2019-12-28T12:53:27","modified_gmt":"2019-12-28T12:53:27","slug":"el-encuentro-con-nuestro-nino-interior","status":"publish","type":"page","link":"https:\/\/www.glorialerin.com\/terapias\/el-encuentro-con-nuestro-nino-interior\/","title":{"rendered":"El encuentro con nuestro ni\u00f1o interior"},"content":{"rendered":"<p>[et_pb_section bb_built=\u00bb1&#8243; fullwidth=\u00bbon\u00bb _builder_version=\u00bb3.0.92&#8243;][et_pb_fullwidth_slider _builder_version=\u00bb3.0.92&#8243; custom_padding=\u00bb|0px||0px\u00bb][et_pb_slide heading=\u00bbEL ENCUENTRO CON NUESTRO NI\u00d1O INTERIOR\u00bb use_bg_overlay=\u00bboff\u00bb use_text_overlay=\u00bboff\u00bb _builder_version=\u00bb3.0.92&#8243; header_font=\u00bbMontserrat|700|||||||\u00bb header_font_size=\u00bb50px\u00bb header_font_size_tablet=\u00bb50px\u00bb header_font_size_phone=\u00bb50px\u00bb body_font=\u00bbMontserrat||||||||\u00bb body_font_size=\u00bb20px\u00bb body_font_size_tablet=\u00bb20px\u00bb body_font_size_phone=\u00bb20px\u00bb use_background_color_gradient=\u00bbon\u00bb background_color_gradient_start=\u00bb#ffffff\u00bb background_color_gradient_end=\u00bb#ffffff\u00bb background_image=\u00bbhttp:\/\/www.glorialerin.com\/terapias\/wp-content\/uploads\/2018\/01\/encuentro-con-nuestro-ni\u00f1o-interior-gloria-lerin.jpg\u00bb]TALLER ABRIL<br \/>\n[\/et_pb_slide][\/et_pb_fullwidth_slider][\/et_pb_section][et_pb_section bb_built=\u00bb1&#8243; _builder_version=\u00bb3.0.92&#8243; custom_padding=\u00bb54px|0px|10px|0px\u00bb][et_pb_row custom_padding=\u00bb27px|0px|14px|0px\u00bb _builder_version=\u00bb3.0.92&#8243;][et_pb_column type=\u00bb1_2&#8243;][et_pb_text _builder_version=\u00bb3.0.92&#8243;]<\/p>\n<p><strong>El ni\u00f1o interior es la suma de experiencias vividas en nuestra infancia, tanto las felices como las que no lo han sido.<\/strong><\/p>\n<p><strong>El ni\u00f1o representa una dimensi\u00f3n arquet\u00edpica inconsciente o semiconsciente que presenta una problem\u00e1tica o un sufrimiento. Lleva una herida que necesita sanar, como por ejemplo la herida del abandono, de la falta de reconocimiento, del rechazo, del maltrato, de la humillaci\u00f3n, de la traici\u00f3n\u2026y que necesitamos sanarla ya que adultos la seguimos reviviendo caus\u00e1ndonos dolor y sufrimiento.<\/strong><\/p>\n<p><strong>Sanar nuestro ni\u00f1o interior es el camino de reconciliaci\u00f3n con nuestra Alma.<\/strong><\/p>\n<p>\u00bfQu\u00e9 tipo de ni\u00f1o llevamos en nuestro interior?<\/p>\n<p>\u00bfEs un ni\u00f1o rebelde, manipulador, tirano, del sexo opuesto\u2026?<\/p>\n<p>\u00bfEst\u00e1 hambriento, enfermo, aterrorizado, prisionero&#8230;?<\/p>\n<p>\u00bfQu\u00e9 necesidades tiene? \u00bfComo le podemos ayudar?<\/p>\n<p>Este ni\u00f1o lleva las dimensiones de espontaneidad belleza, transparencia, autenticidad\u2026y todos estos valores se han podido quedar heridos por el sistema familiar o transgeneracional.<\/p>\n<p><strong>En este taller vamos a encontrar a este ni\u00f1o herido y a escuchar sus necesidades fundamentales, con un trato bondadoso desde el coraz\u00f3n.<\/strong><\/p>\n<p><strong>Vamos a restablecer un v\u00ednculo de amor con \u00e9l conectando con el potencial de sanaci\u00f3n inherente en cada uno de nosotros.<\/strong><\/p>\n<p><strong>El M\u00e9todo de liberaci\u00f3n de las corazas ser\u00e1 nuestra herramienta de exploraci\u00f3n en el taller.<\/strong><\/p>\n<p><strong><br \/>\nImpartido por Gloria Lerin<br \/>\nLugar: L\u2019eix-ample. C\/ Bruc 125 bajos. Barcelona<br \/>\nTel\u00e9fono: 93 457 61 40<br \/>\ninfo@glorialerin.com \/ www.glorialerin.com <\/strong><\/p>\n<p>[\/et_pb_text][\/et_pb_column][et_pb_column type=\u00bb1_2&#8243;][et_pb_text _builder_version=\u00bb3.0.92&#8243;]<\/p>\n<div class=\"col-md-6 col-sm-12 col-md-offset-1 sm-padding-five sm-no-padding-bottom xs-margin-eleven xs-no-margin-lr xs-no-margin-bottom\">\n<div class=\"col-md-12 no-padding\">\n<p><strong><span class=\"text-extra-large margin-eleven no-margin-lr no-margin-top display-inline-block fontDark black-text xs-margin-eleven xs-no-margin-lr xs-no-margin-top\">Fechas<\/span><\/strong><\/p>\n<p class=\"fontDark text-large width-90 xs-width-100\">S\u00e1bado 14 de abril de 2108 de 10 a 13h y de 14:30 a 17:30h<\/p>\n<\/div>\n<\/div>\n<p>[\/et_pb_text][et_pb_code _builder_version=\u00bb3.0.92&#8243;]&lt;iframe width=\u00bb560&#8243; height=\u00bb315&#8243; src=\u00bbhttps:\/\/www.youtube.com\/embed\/OvjAQ_ftDX0?rel=0&#8243; frameborder=\u00bb0&#8243; allow=\u00bbautoplay; encrypted-media\u00bb allowfullscreen&gt;&lt;\/iframe&gt;[\/et_pb_code][\/et_pb_column][\/et_pb_row][\/et_pb_section][et_pb_section bb_built=\u00bb1&#8243; _builder_version=\u00bb3.0.92&#8243; custom_padding=\u00bb9px|0px|54px|0px\u00bb][et_pb_row _builder_version=\u00bb3.0.92&#8243;][et_pb_column type=\u00bb1_2&#8243;][et_pb_image src=\u00bbhttp:\/\/www.glorialerin.com\/terapias\/wp-content\/uploads\/2018\/01\/mandala-gloria-lerin-encuentro-con-nuestro-ni\u00f1o-interior.jpg\u00bb _builder_version=\u00bb3.0.92&#8243;]<br \/>\n[\/et_pb_image][\/et_pb_column][et_pb_column type=\u00bb1_2&#8243;][et_pb_contact_form email=\u00bbinfo@glorialerin.com\u00bb title=\u00bb\u00bfTe interesa el taller %22El encuentro con nuestro ni\u00f1o interior%22?\u00bb module_id=\u00bbet_pb_contact_form_0&#8243; _builder_version=\u00bb3.0.92&#8243; title_font=\u00bbMontserrat|700|||||||\u00bb title_font_size=\u00bb16px\u00bb title_line_height=\u00bb2em\u00bb form_field_font=\u00bbMontserrat||||||||\u00bb custom_button=\u00bbon\u00bb button_text_color=\u00bb#626262&#8243; button_font=\u00bbMontserrat||||||||\u00bb captcha=\u00bbon\u00bb use_redirect=\u00bboff\u00bb button_icon_placement=\u00bbright\u00bb][et_pb_contact_field field_id=\u00bbNombre\u00bb field_title=\u00bbNombre*\u00bb fullwidth_field=\u00bbon\u00bb _builder_version=\u00bb3.0.92&#8243; \/][et_pb_contact_field field_id=\u00bbCorreo_electr\u00f3nico\u00bb field_title=\u00bbCorreo electr\u00f3nico*\u00bb fullwidth_field=\u00bbon\u00bb _builder_version=\u00bb3.0.92&#8243; \/][et_pb_contact_field field_id=\u00bbTel\u00e9fono\u00bb field_title=\u00bbTel\u00e9fono\u00bb required_mark=\u00bboff\u00bb fullwidth_field=\u00bbon\u00bb _builder_version=\u00bb3.0.92&#8243; \/][et_pb_contact_field field_id=\u00bbMensaje\u00bb field_title=\u00bbMensaje*\u00bb field_type=\u00bbtext\u00bb fullwidth_field=\u00bbon\u00bb _builder_version=\u00bb3.0.92&#8243; border_radii=\u00bbon||||\u00bb \/][et_pb_contact_field _builder_version=\u00bb3.0.92&#8243; field_id=\u00bbPol\u00edtica_de_privacidad\u00bb field_title=\u00bb \u00bb field_type=\u00bbcheckbox\u00bb checkbox_checked=\u00bboff\u00bb checkbox_options=\u00bb%91{%22value%22:%22He le\u00eddo y acepto la pol\u00edtica de privacidad.%22,%22checked%22:0}%93&#8243; radio_options=\u00bb%91{%22value%22:%22%22,%22checked%22:0}%93&#8243; select_options=\u00bb%91{%22value%22:%22%22,%22checked%22:0}%93&#8243; min_length=\u00bb0&#8243; max_length=\u00bb0&#8243; allowed_symbols=\u00bball\u00bb required_mark=\u00bbon\u00bb conditional_logic=\u00bboff\u00bb conditional_logic_relation=\u00bboff\u00bb conditional_logic_rules=\u00bb%91{%22field%22:%22nombre%22,%22condition%22:%22is%22,%22value%22:%22%22}%93&#8243; use_background_color_gradient=\u00bboff\u00bb background_color_gradient_start=\u00bb#2b87da\u00bb background_color_gradient_end=\u00bb#29c4a9&#8243; background_color_gradient_type=\u00bblinear\u00bb background_color_gradient_direction=\u00bb180deg\u00bb background_color_gradient_direction_radial=\u00bbcenter\u00bb background_color_gradient_start_position=\u00bb0%\u00bb background_color_gradient_end_position=\u00bb100%\u00bb background_color_gradient_overlays_image=\u00bboff\u00bb parallax=\u00bboff\u00bb parallax_method=\u00bbon\u00bb background_size=\u00bbcover\u00bb background_position=\u00bbcenter\u00bb background_repeat=\u00bbno-repeat\u00bb background_blend=\u00bbnormal\u00bb allow_player_pause=\u00bboff\u00bb fullwidth_field=\u00bbon\u00bb form_field_font=\u00bb||||||||\u00bb \/][\/et_pb_contact_form][\/et_pb_column][\/et_pb_row][\/et_pb_section]<\/p>\n","protected":false},"excerpt":{"rendered":"<p>TALLER ABRIL El ni\u00f1o interior es la suma de experiencias vividas en nuestra infancia, tanto las felices como las que no lo han sido. El ni\u00f1o representa una dimensi\u00f3n arquet\u00edpica inconsciente o semiconsciente que presenta una problem\u00e1tica o un sufrimiento. Lleva una herida que necesita sanar, como por ejemplo la herida del abandono, de la [&hellip;]<\/p>\n","protected":false},"author":1,"featured_media":0,"parent":0,"menu_order":0,"comment_status":"closed","ping_status":"closed","template":"","meta":{"_et_pb_use_builder":"on","_et_pb_old_content":"","_et_gb_content_width":"","footnotes":""},"class_list":["post-419","page","type-page","status-publish","hentry"],"yoast_head":"<!-- This site is optimized with the Yoast SEO plugin v26.2 - https:\/\/yoast.com\/wordpress\/plugins\/seo\/ -->\n<title>El encuentro con nuestro ni\u00f1o interior - Glora Lerin<\/title>\n<meta name=\"robots\" content=\"index, follow, max-snippet:-1, max-image-preview:large, max-video-preview:-1\" \/>\n<link rel=\"canonical\" href=\"https:\/\/www.glorialerin.com\/terapias\/el-encuentro-con-nuestro-nino-interior\/\" \/>\n<meta property=\"og:locale\" content=\"es_ES\" \/>\n<meta property=\"og:type\" content=\"article\" \/>\n<meta property=\"og:title\" content=\"El encuentro con nuestro ni\u00f1o interior - Glora Lerin\" \/>\n<meta property=\"og:description\" content=\"TALLER ABRIL El ni\u00f1o interior es la suma de experiencias vividas en nuestra infancia, tanto las felices como las que no lo han sido. El ni\u00f1o representa una dimensi\u00f3n arquet\u00edpica inconsciente o semiconsciente que presenta una problem\u00e1tica o un sufrimiento. Lleva una herida que necesita sanar, como por ejemplo la herida del abandono, de la [&hellip;]\" \/>\n<meta property=\"og:url\" content=\"https:\/\/www.glorialerin.com\/terapias\/el-encuentro-con-nuestro-nino-interior\/\" \/>\n<meta property=\"og:site_name\" content=\"Glora Lerin\" \/>\n<meta property=\"article:modified_time\" content=\"2019-12-28T12:53:27+00:00\" \/>\n<meta name=\"twitter:card\" content=\"summary_large_image\" \/>\n<meta name=\"twitter:label1\" content=\"Tiempo de lectura\" \/>\n\t<meta name=\"twitter:data1\" content=\"4 minutos\" \/>\n<script type=\"application\/ld+json\" class=\"yoast-schema-graph\">{\"@context\":\"https:\/\/schema.org\",\"@graph\":[{\"@type\":\"WebPage\",\"@id\":\"https:\/\/www.glorialerin.com\/terapias\/el-encuentro-con-nuestro-nino-interior\/\",\"url\":\"https:\/\/www.glorialerin.com\/terapias\/el-encuentro-con-nuestro-nino-interior\/\",\"name\":\"El encuentro con nuestro ni\u00f1o interior - Glora Lerin\",\"isPartOf\":{\"@id\":\"https:\/\/www.glorialerin.com\/terapias\/#website\"},\"datePublished\":\"2019-12-27T13:50:05+00:00\",\"dateModified\":\"2019-12-28T12:53:27+00:00\",\"breadcrumb\":{\"@id\":\"https:\/\/www.glorialerin.com\/terapias\/el-encuentro-con-nuestro-nino-interior\/#breadcrumb\"},\"inLanguage\":\"es\",\"potentialAction\":[{\"@type\":\"ReadAction\",\"target\":[\"https:\/\/www.glorialerin.com\/terapias\/el-encuentro-con-nuestro-nino-interior\/\"]}]},{\"@type\":\"BreadcrumbList\",\"@id\":\"https:\/\/www.glorialerin.com\/terapias\/el-encuentro-con-nuestro-nino-interior\/#breadcrumb\",\"itemListElement\":[{\"@type\":\"ListItem\",\"position\":1,\"name\":\"Portada\",\"item\":\"https:\/\/www.glorialerin.com\/terapias\/\"},{\"@type\":\"ListItem\",\"position\":2,\"name\":\"El encuentro con nuestro ni\u00f1o interior\"}]},{\"@type\":\"WebSite\",\"@id\":\"https:\/\/www.glorialerin.com\/terapias\/#website\",\"url\":\"https:\/\/www.glorialerin.com\/terapias\/\",\"name\":\"Glora Lerin\",\"description\":\"\",\"potentialAction\":[{\"@type\":\"SearchAction\",\"target\":{\"@type\":\"EntryPoint\",\"urlTemplate\":\"https:\/\/www.glorialerin.com\/terapias\/?s={search_term_string}\"},\"query-input\":{\"@type\":\"PropertyValueSpecification\",\"valueRequired\":true,\"valueName\":\"search_term_string\"}}],\"inLanguage\":\"es\"}]}<\/script>\n<!-- \/ Yoast SEO plugin. -->","yoast_head_json":{"title":"El encuentro con nuestro ni\u00f1o interior - Glora Lerin","robots":{"index":"index","follow":"follow","max-snippet":"max-snippet:-1","max-image-preview":"max-image-preview:large","max-video-preview":"max-video-preview:-1"},"canonical":"https:\/\/www.glorialerin.com\/terapias\/el-encuentro-con-nuestro-nino-interior\/","og_locale":"es_ES","og_type":"article","og_title":"El encuentro con nuestro ni\u00f1o interior - Glora Lerin","og_description":"TALLER ABRIL El ni\u00f1o interior es la suma de experiencias vividas en nuestra infancia, tanto las felices como las que no lo han sido. El ni\u00f1o representa una dimensi\u00f3n arquet\u00edpica inconsciente o semiconsciente que presenta una problem\u00e1tica o un sufrimiento. Lleva una herida que necesita sanar, como por ejemplo la herida del abandono, de la [&hellip;]","og_url":"https:\/\/www.glorialerin.com\/terapias\/el-encuentro-con-nuestro-nino-interior\/","og_site_name":"Glora Lerin","article_modified_time":"2019-12-28T12:53:27+00:00","twitter_card":"summary_large_image","twitter_misc":{"Tiempo de lectura":"4 minutos"},"schema":{"@context":"https:\/\/schema.org","@graph":[{"@type":"WebPage","@id":"https:\/\/www.glorialerin.com\/terapias\/el-encuentro-con-nuestro-nino-interior\/","url":"https:\/\/www.glorialerin.com\/terapias\/el-encuentro-con-nuestro-nino-interior\/","name":"El encuentro con nuestro ni\u00f1o interior - Glora Lerin","isPartOf":{"@id":"https:\/\/www.glorialerin.com\/terapias\/#website"},"datePublished":"2019-12-27T13:50:05+00:00","dateModified":"2019-12-28T12:53:27+00:00","breadcrumb":{"@id":"https:\/\/www.glorialerin.com\/terapias\/el-encuentro-con-nuestro-nino-interior\/#breadcrumb"},"inLanguage":"es","potentialAction":[{"@type":"ReadAction","target":["https:\/\/www.glorialerin.com\/terapias\/el-encuentro-con-nuestro-nino-interior\/"]}]},{"@type":"BreadcrumbList","@id":"https:\/\/www.glorialerin.com\/terapias\/el-encuentro-con-nuestro-nino-interior\/#breadcrumb","itemListElement":[{"@type":"ListItem","position":1,"name":"Portada","item":"https:\/\/www.glorialerin.com\/terapias\/"},{"@type":"ListItem","position":2,"name":"El encuentro con nuestro ni\u00f1o interior"}]},{"@type":"WebSite","@id":"https:\/\/www.glorialerin.com\/terapias\/#website","url":"https:\/\/www.glorialerin.com\/terapias\/","name":"Glora Lerin","description":"","potentialAction":[{"@type":"SearchAction","target":{"@type":"EntryPoint","urlTemplate":"https:\/\/www.glorialerin.com\/terapias\/?s={search_term_string}"},"query-input":{"@type":"PropertyValueSpecification","valueRequired":true,"valueName":"search_term_string"}}],"inLanguage":"es"}]}},"_links":{"self":[{"href":"https:\/\/www.glorialerin.com\/terapias\/wp-json\/wp\/v2\/pages\/419","targetHints":{"allow":["GET"]}}],"collection":[{"href":"https:\/\/www.glorialerin.com\/terapias\/wp-json\/wp\/v2\/pages"}],"about":[{"href":"https:\/\/www.glorialerin.com\/terapias\/wp-json\/wp\/v2\/types\/page"}],"author":[{"embeddable":true,"href":"https:\/\/www.glorialerin.com\/terapias\/wp-json\/wp\/v2\/users\/1"}],"replies":[{"embeddable":true,"href":"https:\/\/www.glorialerin.com\/terapias\/wp-json\/wp\/v2\/comments?post=419"}],"version-history":[{"count":14,"href":"https:\/\/www.glorialerin.com\/terapias\/wp-json\/wp\/v2\/pages\/419\/revisions"}],"predecessor-version":[{"id":1829,"href":"https:\/\/www.glorialerin.com\/terapias\/wp-json\/wp\/v2\/pages\/419\/revisions\/1829"}],"wp:attachment":[{"href":"https:\/\/www.glorialerin.com\/terapias\/wp-json\/wp\/v2\/media?parent=419"}],"curies":[{"name":"wp","href":"https:\/\/api.w.org\/{rel}","templated":true}]}}