{"id":3304,"date":"2024-06-04T07:49:38","date_gmt":"2024-06-04T07:49:38","guid":{"rendered":"https:\/\/www.glorialerin.com\/terapias\/como-transformar-las-creencias-limitativas-que-hemos-recibido-sobre-el-amor-2\/"},"modified":"2024-06-04T07:54:00","modified_gmt":"2024-06-04T07:54:00","slug":"como-transformar-las-creencias-limitativas-que-hemos-recibido-sobre-el-amor-2024","status":"publish","type":"page","link":"https:\/\/www.glorialerin.com\/terapias\/como-transformar-las-creencias-limitativas-que-hemos-recibido-sobre-el-amor-2024\/","title":{"rendered":"Como transformar las creencias limitativas que hemos recibido sobre el amor 2024"},"content":{"rendered":"<p>[et_pb_section fb_built=\u00bb1&#8243; fullwidth=\u00bbon\u00bb _builder_version=\u00bb4.16&#8243; global_colors_info=\u00bb{}\u00bb][et_pb_fullwidth_slider _builder_version=\u00bb4.18.0&#8243; custom_padding=\u00bb|0px||0px\u00bb global_colors_info=\u00bb{}\u00bb button_text_size__hover_enabled=\u00bboff\u00bb button_text_size__hover=\u00bbnull\u00bb button_one_text_size__hover_enabled=\u00bboff\u00bb button_one_text_size__hover=\u00bbnull\u00bb button_two_text_size__hover_enabled=\u00bboff\u00bb button_two_text_size__hover=\u00bbnull\u00bb button_text_color__hover_enabled=\u00bboff\u00bb button_text_color__hover=\u00bbnull\u00bb button_one_text_color__hover_enabled=\u00bboff\u00bb button_one_text_color__hover=\u00bbnull\u00bb button_two_text_color__hover_enabled=\u00bboff\u00bb button_two_text_color__hover=\u00bbnull\u00bb button_border_width__hover_enabled=\u00bboff\u00bb button_border_width__hover=\u00bbnull\u00bb button_one_border_width__hover_enabled=\u00bboff\u00bb button_one_border_width__hover=\u00bbnull\u00bb button_two_border_width__hover_enabled=\u00bboff\u00bb button_two_border_width__hover=\u00bbnull\u00bb button_border_color__hover_enabled=\u00bboff\u00bb button_border_color__hover=\u00bbnull\u00bb button_one_border_color__hover_enabled=\u00bboff\u00bb button_one_border_color__hover=\u00bbnull\u00bb button_two_border_color__hover_enabled=\u00bboff\u00bb button_two_border_color__hover=\u00bbnull\u00bb button_border_radius__hover_enabled=\u00bboff\u00bb button_border_radius__hover=\u00bbnull\u00bb button_one_border_radius__hover_enabled=\u00bboff\u00bb button_one_border_radius__hover=\u00bbnull\u00bb button_two_border_radius__hover_enabled=\u00bboff\u00bb button_two_border_radius__hover=\u00bbnull\u00bb button_letter_spacing__hover_enabled=\u00bboff\u00bb button_letter_spacing__hover=\u00bbnull\u00bb button_one_letter_spacing__hover_enabled=\u00bboff\u00bb button_one_letter_spacing__hover=\u00bbnull\u00bb button_two_letter_spacing__hover_enabled=\u00bboff\u00bb button_two_letter_spacing__hover=\u00bbnull\u00bb button_bg_color__hover_enabled=\u00bboff\u00bb button_bg_color__hover=\u00bbnull\u00bb button_one_bg_color__hover_enabled=\u00bboff\u00bb button_one_bg_color__hover=\u00bbnull\u00bb button_two_bg_color__hover_enabled=\u00bboff\u00bb button_two_bg_color__hover=\u00bbnull\u00bb][et_pb_slide heading=\u00bbCOMO TRANSFORMAR LAS CREENCIAS LIMITATIVAS QUE HEMOS RECIBIDO SOBRE EL AMOR. LA CORAZA DEL MAL AMADO\u00bb use_bg_overlay=\u00bboff\u00bb use_text_overlay=\u00bboff\u00bb _builder_version=\u00bb4.18.0&#8243; header_font=\u00bbMontserrat|700|||||||\u00bb header_text_color=\u00bb#ffffff\u00bb header_font_size=\u00bb50px\u00bb body_font=\u00bbMontserrat|700|||||||\u00bb body_text_color=\u00bb#ffffff\u00bb body_font_size=\u00bb20px\u00bb use_background_color_gradient=\u00bbon\u00bb background_color_gradient_stops=\u00bb#ffffff 0%|#ffffff 100%\u00bb background_color_gradient_start=\u00bb#ffffff\u00bb background_color_gradient_end=\u00bb#ffffff\u00bb background_image=\u00bbhttps:\/\/www.glorialerin.com\/terapias\/wp-content\/uploads\/2019\/12\/mariposa-gloria-lerin.jpg\u00bb button_on_hover=\u00bbon\u00bb custom_padding=\u00bb210px||210px|\u00bb custom_padding_tablet=\u00bb50px||50px|\u00bb custom_padding_phone=\u00bb50px||50px|\u00bb header_font_size_tablet=\u00bb50px\u00bb header_font_size_phone=\u00bb50px\u00bb body_font_size_tablet=\u00bb20px\u00bb body_font_size_phone=\u00bb20px\u00bb global_colors_info=\u00bb{}\u00bb sticky_transition=\u00bbon\u00bb]TALLER 2024[\/et_pb_slide][\/et_pb_fullwidth_slider][\/et_pb_section][et_pb_section fb_built=\u00bb1&#8243; _builder_version=\u00bb4.16&#8243; custom_padding=\u00bb54px|0px|30px|0px\u00bb global_colors_info=\u00bb{}\u00bb][et_pb_row column_structure=\u00bb1_2,1_2&#8243; _builder_version=\u00bb4.16&#8243; global_colors_info=\u00bb{}\u00bb][et_pb_column type=\u00bb1_2&#8243; _builder_version=\u00bb4.16&#8243; custom_padding=\u00bb|||\u00bb global_colors_info=\u00bb{}\u00bb custom_padding__hover=\u00bb|||\u00bb][et_pb_text _builder_version=\u00bb4.16&#8243; global_colors_info=\u00bb{}\u00bb]<b>Basado en el \u201c M\u00e9todo de liberaci\u00f3n de las corazas\u201d. MLC\u00a9<\/b><\/p>\n<p>\u00bfC\u00f3mo nos gustar\u00eda ser amados?<br \/>\n\u00bfEst\u00e1is abiertos a recibir el amor de los dem\u00e1s?<br \/>\n\u00bfAm\u00e1is como os gustar\u00eda ser amados?<br \/>\n\u00bfHay algo entre vosotros y vuestra capacidad de amar?<\/p>\n<p>El amor es necesario para vivir. Nos pasamos parte de nuestra vida buscando que el amor  venga del exterior y nos olvidamos de que el primer paso es descubrir que es lo nos impide amarnos a nosotros mismos. Hay una tendencia a criticarnos, exigirnos a ser de una forma determinada en vez de acogernos tal como somos y darnos un trato benevolente, amoroso en cada situaci\u00f3n que nos encontramos.<\/p>\n<p>La manera de c\u00f3mo amamos est\u00e1 relacionada en  c\u00f3mo nos hemos sentido amados por nuestros padres y entorno familiar. En el \u201c M\u00e9todo de liberaci\u00f3n de las corazas\u201d MLC\u00a9 la relaci\u00f3n que tenemos con el amor est\u00e1 relacionada con la Coraza del Mal Amado. Esta coraza se crea entre los cuatro y siete a\u00f1os, es nuestro ni\u00f1o interior quien sufre. Est\u00e1 alojado en nuestro inconsciente y llora una herida de amor. Este ni\u00f1o despu\u00e9s de haber vivido una serie de experiencias en las cuales no se ha sentido amado tal como hubiera necesitado, se crea una coraza de protecci\u00f3n. Se siente impotente y  construye una armadura alrededor de un vac\u00edo interior lleno de sufrimiento. De adultos \u00e9ste vac\u00edo lo intentamos llenar a trav\u00e9s de la comida, el alcohol, el sexo, el tabaco, el trabajo, el deporte, el juego, el deporte\u2026 Nuestra energ\u00eda vital est\u00e1 dirigida hacia la b\u00fasqueda del amor pero lo har\u00e1 siempre entorno a un vac\u00edo interior.<\/p>\n<p>La coraza del mal amado afecta casi todo el cuerpo, torax, diafragma tor\u00e1cico, vientre, pulmones , coraz\u00f3n, piernas , pies, tiroides\u2026 Las emociones mas relevantes son la pena, la tristeza y una rabia contenida que est\u00e1 sumergida debajo de \u00e9sta tristeza. Ha habido un momento en nuestra vida que hemos necesitado reafirmarnos, decir lo que necesit\u00e1bamos comunicar, lo que no est\u00e1bamos de acuerdo\u2026 y hubo una parte de nosotros que lo reprimi\u00f3. Nos tragamos la rabia y por no haberla podido expresar  a la larga pasamos a sentir pena, tristeza llegando a veces a tener una depresi\u00f3n.  No tuvimos la posibilidad de ser capaces de dejar circular \u00e9sta energ\u00eda que nos invad\u00eda.<\/p>\n<p>Como creencias inconscientes podemos tener: \u201c No me merezco que me amen\u201d, \u201c no valgo para nada\u201d, \u201c para ser amado me tengo que comportar de una manera determinada\u201d, \u201cno tengo necesidades afectivas yo ya puedo solo\u201d\u2026Todo esto nos lleva a una sensaci\u00f3n de angustia, de soledad  y de estar prisioneros, encerrados en nosotros mismos.<\/p>\n<p>En este taller vamos a explorar como transformar nuestras creencias que llevamos sobre el amor y nuestra personalidad amorosa. Os llevareis unas herramientas para seguir explorando en el d\u00eda a d\u00eda y que os dar\u00e1 una nueva posibilidad de vivir la vida desde el amor hacia uno mismo y con los dem\u00e1s.<\/p>\n<p><strong><br \/>\nImpartido por Gloria Lerin<br \/>\nLugar: L\u2019eix-ample. C\/ Bruc 125 bajos. Barcelona<br \/>\nTel\u00e9fono: 93 457 61 40<br \/>\ninfo@glorialerin.com \/ www.glorialerin.com<\/strong><br \/>\n[\/et_pb_text][\/et_pb_column][et_pb_column type=\u00bb1_2&#8243; _builder_version=\u00bb4.16&#8243; custom_padding=\u00bb|||\u00bb global_colors_info=\u00bb{}\u00bb custom_padding__hover=\u00bb|||\u00bb][et_pb_text _builder_version=\u00bb4.18.0&#8243; link_text_color=\u00bb#cd3b8e\u00bb hover_enabled=\u00bb0&#8243; global_colors_info=\u00bb{}\u00bb sticky_enabled=\u00bb0&#8243;]<\/p>\n<p><strong>Fechas a escoger entre:<\/strong><br \/>15 y 22 de julio de 18:00 a 20:30h<br \/>17 y 24 de julio de 10:00 a 12:30h<\/p>\n<p><strong>Precio del taller:<\/strong><br \/>70\u20ac<\/p>\n<p>Si participas tambi\u00e9n en el <a href=\"https:\/\/www.glorialerin.com\/terapias\/la-liberacion-de-nuestro-nino-interior-2024\/\">taller de La Liberaci\u00f3n del ni\u00f1o\/a que habita en nuestro interior<\/a> el coste de los dos talleres es de 110\u20ac.<\/p>\n<p>[\/et_pb_text][et_pb_text _builder_version=\u00bb4.16&#8243; global_colors_info=\u00bb{}\u00bb]<iframe loading=\"lazy\" width=\"560\" height=\"315\" src=\"https:\/\/www.youtube.com\/embed\/MtaKicRNOTo\" frameborder=\"0\" allow=\"accelerometer; autoplay; encrypted-media; gyroscope; picture-in-picture\" allowfullscreen><\/iframe><br \/>\n[\/et_pb_text][\/et_pb_column][\/et_pb_row][\/et_pb_section][et_pb_section fb_built=\u00bb1&#8243; _builder_version=\u00bb4.16&#8243; custom_padding=\u00bb0px|0px|54px|0px\u00bb global_colors_info=\u00bb{}\u00bb][et_pb_row column_structure=\u00bb1_2,1_2&#8243; _builder_version=\u00bb4.16&#8243; custom_padding=\u00bb0px|0px|27px|0px\u00bb global_colors_info=\u00bb{}\u00bb][et_pb_column type=\u00bb1_2&#8243; _builder_version=\u00bb4.16&#8243; custom_padding=\u00bb|||\u00bb global_colors_info=\u00bb{}\u00bb custom_padding__hover=\u00bb|||\u00bb][et_pb_image src=\u00bbhttps:\/\/www.glorialerin.com\/terapias\/wp-content\/uploads\/2018\/01\/mandala-gloria-lerin-encuentro-con-nuestro-ni\u00f1o-interior.jpg\u00bb align_tablet=\u00bbcenter\u00bb align_phone=\u00bbcenter\u00bb align_last_edited=\u00bbon|desktop\u00bb _builder_version=\u00bb4.16&#8243; global_colors_info=\u00bb{}\u00bb]&nbsp;<br \/>\n[\/et_pb_image][\/et_pb_column][et_pb_column type=\u00bb1_2&#8243; _builder_version=\u00bb4.16&#8243; custom_padding=\u00bb|||\u00bb global_colors_info=\u00bb{}\u00bb custom_padding__hover=\u00bb|||\u00bb][et_pb_contact_form email=\u00bbinfo@glorialerin.com\u00bb title=\u00bb\u00bfQuieres transformar las creencias limitativas que hemos recibido sobre el amor?\u00bb module_id=\u00bbet_pb_contact_form_0&#8243; _builder_version=\u00bb4.16&#8243; _unique_id=\u00bb29fb7f70-838a-4e4d-bb28-be58b0087c02&#8243; title_font=\u00bbMontserrat|700|||||||\u00bb title_font_size=\u00bb16px\u00bb title_line_height=\u00bb2em\u00bb form_field_font=\u00bbMontserrat||||||||\u00bb custom_button=\u00bbon\u00bb button_text_color=\u00bb#626262&#8243; button_font=\u00bbMontserrat||||||||\u00bb global_colors_info=\u00bb{}\u00bb][et_pb_contact_field field_id=\u00bbNombre\u00bb field_title=\u00bbNombre*\u00bb fullwidth_field=\u00bbon\u00bb _builder_version=\u00bb4.16&#8243; global_colors_info=\u00bb{}\u00bb button_text_size__hover_enabled=\u00bboff\u00bb button_one_text_size__hover_enabled=\u00bboff\u00bb button_two_text_size__hover_enabled=\u00bboff\u00bb button_text_color__hover_enabled=\u00bboff\u00bb button_one_text_color__hover_enabled=\u00bboff\u00bb button_two_text_color__hover_enabled=\u00bboff\u00bb button_border_width__hover_enabled=\u00bboff\u00bb button_one_border_width__hover_enabled=\u00bboff\u00bb button_two_border_width__hover_enabled=\u00bboff\u00bb button_border_color__hover_enabled=\u00bboff\u00bb button_one_border_color__hover_enabled=\u00bboff\u00bb button_two_border_color__hover_enabled=\u00bboff\u00bb button_border_radius__hover_enabled=\u00bboff\u00bb button_one_border_radius__hover_enabled=\u00bboff\u00bb button_two_border_radius__hover_enabled=\u00bboff\u00bb button_letter_spacing__hover_enabled=\u00bboff\u00bb button_one_letter_spacing__hover_enabled=\u00bboff\u00bb button_two_letter_spacing__hover_enabled=\u00bboff\u00bb button_bg_color__hover_enabled=\u00bboff\u00bb button_one_bg_color__hover_enabled=\u00bboff\u00bb button_two_bg_color__hover_enabled=\u00bboff\u00bb][\/et_pb_contact_field][et_pb_contact_field field_id=\u00bbCorreo_electr\u00f3nico\u00bb field_title=\u00bbCorreo electr\u00f3nico*\u00bb fullwidth_field=\u00bbon\u00bb _builder_version=\u00bb4.16&#8243; global_colors_info=\u00bb{}\u00bb button_text_size__hover_enabled=\u00bboff\u00bb button_one_text_size__hover_enabled=\u00bboff\u00bb button_two_text_size__hover_enabled=\u00bboff\u00bb button_text_color__hover_enabled=\u00bboff\u00bb button_one_text_color__hover_enabled=\u00bboff\u00bb button_two_text_color__hover_enabled=\u00bboff\u00bb button_border_width__hover_enabled=\u00bboff\u00bb button_one_border_width__hover_enabled=\u00bboff\u00bb button_two_border_width__hover_enabled=\u00bboff\u00bb button_border_color__hover_enabled=\u00bboff\u00bb button_one_border_color__hover_enabled=\u00bboff\u00bb button_two_border_color__hover_enabled=\u00bboff\u00bb button_border_radius__hover_enabled=\u00bboff\u00bb button_one_border_radius__hover_enabled=\u00bboff\u00bb button_two_border_radius__hover_enabled=\u00bboff\u00bb button_letter_spacing__hover_enabled=\u00bboff\u00bb button_one_letter_spacing__hover_enabled=\u00bboff\u00bb button_two_letter_spacing__hover_enabled=\u00bboff\u00bb button_bg_color__hover_enabled=\u00bboff\u00bb button_one_bg_color__hover_enabled=\u00bboff\u00bb button_two_bg_color__hover_enabled=\u00bboff\u00bb][\/et_pb_contact_field][et_pb_contact_field field_id=\u00bbTel\u00e9fono\u00bb field_title=\u00bbTel\u00e9fono\u00bb required_mark=\u00bboff\u00bb fullwidth_field=\u00bbon\u00bb _builder_version=\u00bb4.16&#8243; global_colors_info=\u00bb{}\u00bb button_text_size__hover_enabled=\u00bboff\u00bb button_one_text_size__hover_enabled=\u00bboff\u00bb button_two_text_size__hover_enabled=\u00bboff\u00bb button_text_color__hover_enabled=\u00bboff\u00bb button_one_text_color__hover_enabled=\u00bboff\u00bb button_two_text_color__hover_enabled=\u00bboff\u00bb button_border_width__hover_enabled=\u00bboff\u00bb button_one_border_width__hover_enabled=\u00bboff\u00bb button_two_border_width__hover_enabled=\u00bboff\u00bb button_border_color__hover_enabled=\u00bboff\u00bb button_one_border_color__hover_enabled=\u00bboff\u00bb button_two_border_color__hover_enabled=\u00bboff\u00bb button_border_radius__hover_enabled=\u00bboff\u00bb button_one_border_radius__hover_enabled=\u00bboff\u00bb button_two_border_radius__hover_enabled=\u00bboff\u00bb button_letter_spacing__hover_enabled=\u00bboff\u00bb button_one_letter_spacing__hover_enabled=\u00bboff\u00bb button_two_letter_spacing__hover_enabled=\u00bboff\u00bb button_bg_color__hover_enabled=\u00bboff\u00bb button_one_bg_color__hover_enabled=\u00bboff\u00bb button_two_bg_color__hover_enabled=\u00bboff\u00bb][\/et_pb_contact_field][et_pb_contact_field field_id=\u00bbMensaje\u00bb field_title=\u00bbMensaje*\u00bb field_type=\u00bbtext\u00bb fullwidth_field=\u00bbon\u00bb _builder_version=\u00bb4.16&#8243; global_colors_info=\u00bb{}\u00bb button_text_size__hover_enabled=\u00bboff\u00bb button_one_text_size__hover_enabled=\u00bboff\u00bb button_two_text_size__hover_enabled=\u00bboff\u00bb button_text_color__hover_enabled=\u00bboff\u00bb button_one_text_color__hover_enabled=\u00bboff\u00bb button_two_text_color__hover_enabled=\u00bboff\u00bb button_border_width__hover_enabled=\u00bboff\u00bb button_one_border_width__hover_enabled=\u00bboff\u00bb button_two_border_width__hover_enabled=\u00bboff\u00bb button_border_color__hover_enabled=\u00bboff\u00bb button_one_border_color__hover_enabled=\u00bboff\u00bb button_two_border_color__hover_enabled=\u00bboff\u00bb button_border_radius__hover_enabled=\u00bboff\u00bb button_one_border_radius__hover_enabled=\u00bboff\u00bb button_two_border_radius__hover_enabled=\u00bboff\u00bb button_letter_spacing__hover_enabled=\u00bboff\u00bb button_one_letter_spacing__hover_enabled=\u00bboff\u00bb button_two_letter_spacing__hover_enabled=\u00bboff\u00bb button_bg_color__hover_enabled=\u00bboff\u00bb button_one_bg_color__hover_enabled=\u00bboff\u00bb button_two_bg_color__hover_enabled=\u00bboff\u00bb][\/et_pb_contact_field][et_pb_contact_field field_id=\u00bbPol\u00edtica_de_privacidad\u00bb field_title=\u00bb \u00bb field_type=\u00bbcheckbox\u00bb checkbox_options=\u00bb%91{%22value%22:%22 He le\u00eddo y acepto la pol\u00edtica de privacidad.%22,%22checked%22:0}%93&#8243; fullwidth_field=\u00bbon\u00bb _builder_version=\u00bb4.16&#8243; form_field_font=\u00bb||||||||\u00bb global_colors_info=\u00bb{}\u00bb button_text_size__hover_enabled=\u00bboff\u00bb button_one_text_size__hover_enabled=\u00bboff\u00bb button_two_text_size__hover_enabled=\u00bboff\u00bb button_text_color__hover_enabled=\u00bboff\u00bb button_one_text_color__hover_enabled=\u00bboff\u00bb button_two_text_color__hover_enabled=\u00bboff\u00bb button_border_width__hover_enabled=\u00bboff\u00bb button_one_border_width__hover_enabled=\u00bboff\u00bb button_two_border_width__hover_enabled=\u00bboff\u00bb button_border_color__hover_enabled=\u00bboff\u00bb button_one_border_color__hover_enabled=\u00bboff\u00bb button_two_border_color__hover_enabled=\u00bboff\u00bb button_border_radius__hover_enabled=\u00bboff\u00bb button_one_border_radius__hover_enabled=\u00bboff\u00bb button_two_border_radius__hover_enabled=\u00bboff\u00bb button_letter_spacing__hover_enabled=\u00bboff\u00bb button_one_letter_spacing__hover_enabled=\u00bboff\u00bb button_two_letter_spacing__hover_enabled=\u00bboff\u00bb button_bg_color__hover_enabled=\u00bboff\u00bb button_one_bg_color__hover_enabled=\u00bboff\u00bb button_two_bg_color__hover_enabled=\u00bboff\u00bb][\/et_pb_contact_field][\/et_pb_contact_form][\/et_pb_column][\/et_pb_row][\/et_pb_section]<\/p>\n","protected":false},"excerpt":{"rendered":"<p>TALLER 2024Basado en el \u201c M\u00e9todo de liberaci\u00f3n de las corazas\u201d. MLC\u00a9 \u00bfC\u00f3mo nos gustar\u00eda ser amados? \u00bfEst\u00e1is abiertos a recibir el amor de los dem\u00e1s? \u00bfAm\u00e1is como os gustar\u00eda ser amados? \u00bfHay algo entre vosotros y vuestra capacidad de amar? El amor es necesario para vivir. Nos pasamos parte de nuestra vida buscando que [&hellip;]<\/p>\n","protected":false},"author":1,"featured_media":0,"parent":0,"menu_order":0,"comment_status":"closed","ping_status":"closed","template":"","meta":{"_et_pb_use_builder":"on","_et_pb_old_content":"","_et_gb_content_width":"","footnotes":""},"class_list":["post-3304","page","type-page","status-publish","hentry"],"yoast_head":"<!-- This site is optimized with the Yoast SEO plugin v26.2 - https:\/\/yoast.com\/wordpress\/plugins\/seo\/ -->\n<title>Como transformar las creencias limitativas que hemos recibido sobre el amor 2024 - Glora Lerin<\/title>\n<meta name=\"robots\" content=\"index, follow, max-snippet:-1, max-image-preview:large, max-video-preview:-1\" \/>\n<link rel=\"canonical\" href=\"https:\/\/www.glorialerin.com\/terapias\/como-transformar-las-creencias-limitativas-que-hemos-recibido-sobre-el-amor-2024\/\" \/>\n<meta property=\"og:locale\" content=\"es_ES\" \/>\n<meta property=\"og:type\" content=\"article\" \/>\n<meta property=\"og:title\" content=\"Como transformar las creencias limitativas que hemos recibido sobre el amor 2024 - Glora Lerin\" \/>\n<meta property=\"og:description\" content=\"TALLER 2024Basado en el \u201c M\u00e9todo de liberaci\u00f3n de las corazas\u201d. MLC\u00a9 \u00bfC\u00f3mo nos gustar\u00eda ser amados? \u00bfEst\u00e1is abiertos a recibir el amor de los dem\u00e1s? \u00bfAm\u00e1is como os gustar\u00eda ser amados? \u00bfHay algo entre vosotros y vuestra capacidad de amar? El amor es necesario para vivir. Nos pasamos parte de nuestra vida buscando que [&hellip;]\" \/>\n<meta property=\"og:url\" content=\"https:\/\/www.glorialerin.com\/terapias\/como-transformar-las-creencias-limitativas-que-hemos-recibido-sobre-el-amor-2024\/\" \/>\n<meta property=\"og:site_name\" content=\"Glora Lerin\" \/>\n<meta property=\"article:modified_time\" content=\"2024-06-04T07:54:00+00:00\" \/>\n<meta name=\"twitter:card\" content=\"summary_large_image\" \/>\n<meta name=\"twitter:label1\" content=\"Tiempo de lectura\" \/>\n\t<meta name=\"twitter:data1\" content=\"4 minutos\" \/>\n<script type=\"application\/ld+json\" class=\"yoast-schema-graph\">{\"@context\":\"https:\/\/schema.org\",\"@graph\":[{\"@type\":\"WebPage\",\"@id\":\"https:\/\/www.glorialerin.com\/terapias\/como-transformar-las-creencias-limitativas-que-hemos-recibido-sobre-el-amor-2024\/\",\"url\":\"https:\/\/www.glorialerin.com\/terapias\/como-transformar-las-creencias-limitativas-que-hemos-recibido-sobre-el-amor-2024\/\",\"name\":\"Como transformar las creencias limitativas que hemos recibido sobre el amor 2024 - Glora Lerin\",\"isPartOf\":{\"@id\":\"https:\/\/www.glorialerin.com\/terapias\/#website\"},\"datePublished\":\"2024-06-04T07:49:38+00:00\",\"dateModified\":\"2024-06-04T07:54:00+00:00\",\"breadcrumb\":{\"@id\":\"https:\/\/www.glorialerin.com\/terapias\/como-transformar-las-creencias-limitativas-que-hemos-recibido-sobre-el-amor-2024\/#breadcrumb\"},\"inLanguage\":\"es\",\"potentialAction\":[{\"@type\":\"ReadAction\",\"target\":[\"https:\/\/www.glorialerin.com\/terapias\/como-transformar-las-creencias-limitativas-que-hemos-recibido-sobre-el-amor-2024\/\"]}]},{\"@type\":\"BreadcrumbList\",\"@id\":\"https:\/\/www.glorialerin.com\/terapias\/como-transformar-las-creencias-limitativas-que-hemos-recibido-sobre-el-amor-2024\/#breadcrumb\",\"itemListElement\":[{\"@type\":\"ListItem\",\"position\":1,\"name\":\"Portada\",\"item\":\"https:\/\/www.glorialerin.com\/terapias\/\"},{\"@type\":\"ListItem\",\"position\":2,\"name\":\"Como transformar las creencias limitativas que hemos recibido sobre el amor 2024\"}]},{\"@type\":\"WebSite\",\"@id\":\"https:\/\/www.glorialerin.com\/terapias\/#website\",\"url\":\"https:\/\/www.glorialerin.com\/terapias\/\",\"name\":\"Glora Lerin\",\"description\":\"\",\"potentialAction\":[{\"@type\":\"SearchAction\",\"target\":{\"@type\":\"EntryPoint\",\"urlTemplate\":\"https:\/\/www.glorialerin.com\/terapias\/?s={search_term_string}\"},\"query-input\":{\"@type\":\"PropertyValueSpecification\",\"valueRequired\":true,\"valueName\":\"search_term_string\"}}],\"inLanguage\":\"es\"}]}<\/script>\n<!-- \/ Yoast SEO plugin. -->","yoast_head_json":{"title":"Como transformar las creencias limitativas que hemos recibido sobre el amor 2024 - Glora Lerin","robots":{"index":"index","follow":"follow","max-snippet":"max-snippet:-1","max-image-preview":"max-image-preview:large","max-video-preview":"max-video-preview:-1"},"canonical":"https:\/\/www.glorialerin.com\/terapias\/como-transformar-las-creencias-limitativas-que-hemos-recibido-sobre-el-amor-2024\/","og_locale":"es_ES","og_type":"article","og_title":"Como transformar las creencias limitativas que hemos recibido sobre el amor 2024 - Glora Lerin","og_description":"TALLER 2024Basado en el \u201c M\u00e9todo de liberaci\u00f3n de las corazas\u201d. MLC\u00a9 \u00bfC\u00f3mo nos gustar\u00eda ser amados? \u00bfEst\u00e1is abiertos a recibir el amor de los dem\u00e1s? \u00bfAm\u00e1is como os gustar\u00eda ser amados? \u00bfHay algo entre vosotros y vuestra capacidad de amar? El amor es necesario para vivir. Nos pasamos parte de nuestra vida buscando que [&hellip;]","og_url":"https:\/\/www.glorialerin.com\/terapias\/como-transformar-las-creencias-limitativas-que-hemos-recibido-sobre-el-amor-2024\/","og_site_name":"Glora Lerin","article_modified_time":"2024-06-04T07:54:00+00:00","twitter_card":"summary_large_image","twitter_misc":{"Tiempo de lectura":"4 minutos"},"schema":{"@context":"https:\/\/schema.org","@graph":[{"@type":"WebPage","@id":"https:\/\/www.glorialerin.com\/terapias\/como-transformar-las-creencias-limitativas-que-hemos-recibido-sobre-el-amor-2024\/","url":"https:\/\/www.glorialerin.com\/terapias\/como-transformar-las-creencias-limitativas-que-hemos-recibido-sobre-el-amor-2024\/","name":"Como transformar las creencias limitativas que hemos recibido sobre el amor 2024 - Glora Lerin","isPartOf":{"@id":"https:\/\/www.glorialerin.com\/terapias\/#website"},"datePublished":"2024-06-04T07:49:38+00:00","dateModified":"2024-06-04T07:54:00+00:00","breadcrumb":{"@id":"https:\/\/www.glorialerin.com\/terapias\/como-transformar-las-creencias-limitativas-que-hemos-recibido-sobre-el-amor-2024\/#breadcrumb"},"inLanguage":"es","potentialAction":[{"@type":"ReadAction","target":["https:\/\/www.glorialerin.com\/terapias\/como-transformar-las-creencias-limitativas-que-hemos-recibido-sobre-el-amor-2024\/"]}]},{"@type":"BreadcrumbList","@id":"https:\/\/www.glorialerin.com\/terapias\/como-transformar-las-creencias-limitativas-que-hemos-recibido-sobre-el-amor-2024\/#breadcrumb","itemListElement":[{"@type":"ListItem","position":1,"name":"Portada","item":"https:\/\/www.glorialerin.com\/terapias\/"},{"@type":"ListItem","position":2,"name":"Como transformar las creencias limitativas que hemos recibido sobre el amor 2024"}]},{"@type":"WebSite","@id":"https:\/\/www.glorialerin.com\/terapias\/#website","url":"https:\/\/www.glorialerin.com\/terapias\/","name":"Glora Lerin","description":"","potentialAction":[{"@type":"SearchAction","target":{"@type":"EntryPoint","urlTemplate":"https:\/\/www.glorialerin.com\/terapias\/?s={search_term_string}"},"query-input":{"@type":"PropertyValueSpecification","valueRequired":true,"valueName":"search_term_string"}}],"inLanguage":"es"}]}},"_links":{"self":[{"href":"https:\/\/www.glorialerin.com\/terapias\/wp-json\/wp\/v2\/pages\/3304","targetHints":{"allow":["GET"]}}],"collection":[{"href":"https:\/\/www.glorialerin.com\/terapias\/wp-json\/wp\/v2\/pages"}],"about":[{"href":"https:\/\/www.glorialerin.com\/terapias\/wp-json\/wp\/v2\/types\/page"}],"author":[{"embeddable":true,"href":"https:\/\/www.glorialerin.com\/terapias\/wp-json\/wp\/v2\/users\/1"}],"replies":[{"embeddable":true,"href":"https:\/\/www.glorialerin.com\/terapias\/wp-json\/wp\/v2\/comments?post=3304"}],"version-history":[{"count":6,"href":"https:\/\/www.glorialerin.com\/terapias\/wp-json\/wp\/v2\/pages\/3304\/revisions"}],"predecessor-version":[{"id":3314,"href":"https:\/\/www.glorialerin.com\/terapias\/wp-json\/wp\/v2\/pages\/3304\/revisions\/3314"}],"wp:attachment":[{"href":"https:\/\/www.glorialerin.com\/terapias\/wp-json\/wp\/v2\/media?parent=3304"}],"curies":[{"name":"wp","href":"https:\/\/api.w.org\/{rel}","templated":true}]}}