{"id":278,"date":"2018-01-16T10:45:13","date_gmt":"2018-01-16T10:45:13","guid":{"rendered":"http:\/\/www.glorialerin.com\/terapias\/espalda-2\/"},"modified":"2018-06-01T13:31:24","modified_gmt":"2018-06-01T13:31:24","slug":"atencion-plena","status":"publish","type":"page","link":"https:\/\/www.glorialerin.com\/terapias\/atencion-plena\/","title":{"rendered":"Atenci\u00f3n plena"},"content":{"rendered":"<p>[et_pb_section bb_built=\u00bb1&#8243; fullwidth=\u00bbon\u00bb _builder_version=\u00bb3.0.92&#8243;][et_pb_fullwidth_slider _builder_version=\u00bb3.0.92&#8243; custom_padding=\u00bb|0px||0px\u00bb][et_pb_slide heading=\u00bbCOMO PRACTICAR LA ATENCI\u00d3N PLENA, LA PRESENCIA AUT\u00c9NTICA EN EL AQU\u00cd Y EN EL AHORA\u00bb use_bg_overlay=\u00bboff\u00bb use_text_overlay=\u00bboff\u00bb _builder_version=\u00bb3.0.92&#8243; header_font=\u00bbMontserrat|700|||||||\u00bb header_font_size=\u00bb50px\u00bb header_font_size_tablet=\u00bb50px\u00bb header_font_size_phone=\u00bb50px\u00bb body_font=\u00bbMontserrat||||||||\u00bb body_font_size=\u00bb20px\u00bb body_font_size_tablet=\u00bb20px\u00bb body_font_size_phone=\u00bb20px\u00bb use_background_color_gradient=\u00bbon\u00bb background_color_gradient_start=\u00bb#ffffff\u00bb background_color_gradient_end=\u00bb#ffffff\u00bb background_image=\u00bbhttp:\/\/www.glorialerin.com\/terapias\/wp-content\/uploads\/2018\/01\/atencion-plena-1664.jpg\u00bb]<\/p>\n<p>CONSCIENCIA SENSORIAL<\/p>\n<p>[\/et_pb_slide][\/et_pb_fullwidth_slider][\/et_pb_section][et_pb_section bb_built=\u00bb1&#8243; _builder_version=\u00bb3.0.92&#8243; custom_padding=\u00bb54px|0px|10px|0px\u00bb][et_pb_row _builder_version=\u00bb3.0.92&#8243;][et_pb_column type=\u00bb1_2&#8243;][et_pb_text _builder_version=\u00bb3.0.92&#8243;]<\/p>\n<p><strong>En este taller vamos a practicar como estar presente en nuestra vida, con movimientos sencillos como caminar, estar de pie, estar sentado, respirar, la escucha de uno mismo y de los dem\u00e1s, el contacto\u2026 Exploramos como habitar plenamente nuestro cuerpo sintiendo nuestras necesidades fundamentales, nuestras sensaciones, despertando la sensibilidad y con una actitud bondadosa hacia uno mismo.<\/strong><\/p>\n<p>Tenemos la tendencia de enredarnos en nuestros pensamientos dispers\u00e1ndonos entre el pasado y el futuro. Esto nos impide de estar presente, el \u00fanico momento que tenemos para percibir, actuar, sanar, disfrutar, amar, sentir, ser aut\u00e9ntico\u2026 vivir.<\/p>\n<p>\u00bfHonramos y valoramos el aqu\u00ed y el ahora tal como se presente o luchamos para quererlo cambiar teniendo la ilusi\u00f3n de que si estuvi\u00e9ramos en otro lugar distinto del que estamos o la situaci\u00f3n que vivimos fuera diferente o que la persona con quien estamos responda de la manera que nos gustar\u00eda que respondiese\u2026 ser\u00edamos m\u00e1s felices?<\/p>\n<p>SOMOS LA FUENTE Y CREACI\u00d3N DE NUESTRA VIDA.\u00a0 La Consciencia Sensorial nos facilita las herramientas necesarias para tomar la responsabilidad de nuestro bienestar. La atenci\u00f3n plena en cada instante es la clave para estar plenamente conscientes de nuestras experiencias y responder a cada situaci\u00f3n de la mejor manera posible<\/p>\n<p>La esencia del momento presente es la quietud, el silencio, la serenidad y as\u00ed nos regeneramos conectando con nuestra vitalidad, nuestra fuerza interior y la alegr\u00eda de vivir, siendo uno mismo en nuestro camino de evoluci\u00f3n.<\/p>\n<p><strong><br \/>\nImpartido por Gloria Lerin<br \/>\nLugar: L\u2019eix-ample. C\/ Bruc 125 bajos. Barcelona<br \/>\nTel\u00e9fono: 93 457 61 40<br \/>\ninfo@glorialerin.com \/ www.glorialerin.com <\/strong><\/p>\n<p>[\/et_pb_text][\/et_pb_column][et_pb_column type=\u00bb1_2&#8243;][et_pb_text _builder_version=\u00bb3.0.92&#8243;]<\/p>\n<div class=\"col-md-6 col-sm-12 col-md-offset-1 sm-padding-five sm-no-padding-bottom xs-margin-eleven xs-no-margin-lr xs-no-margin-bottom\">\n<div class=\"col-md-12 no-padding\">\n<p><strong><span class=\"text-extra-large margin-eleven no-margin-lr no-margin-top display-inline-block fontDark black-text xs-margin-eleven xs-no-margin-lr xs-no-margin-top\">Fechas<\/span><\/strong><\/p>\n<p class=\"fontDark text-large width-90 xs-width-100\">S\u00e1bado 10 de marzo 2018 de 10 a 14h<\/p>\n<\/div>\n<\/div>\n<p>[\/et_pb_text][et_pb_text _builder_version=\u00bb3.0.92&#8243;]<\/p>\n<p><iframe loading=\"lazy\" src=\"https:\/\/www.youtube.com\/embed\/EzMENhCU8vM?rel=0\" width=\"560\" height=\"315\" frameborder=\"0\" allowfullscreen=\"allowfullscreen\"><\/iframe><\/p>\n<p>[\/et_pb_text][\/et_pb_column][\/et_pb_row][\/et_pb_section][et_pb_section bb_built=\u00bb1&#8243; _builder_version=\u00bb3.0.92&#8243; custom_padding=\u00bb0px|0px|54px|0px\u00bb][et_pb_row _builder_version=\u00bb3.0.92&#8243; custom_padding=\u00bb25px|0px|27px|0px\u00bb][et_pb_column type=\u00bb1_2&#8243;][et_pb_image src=\u00bbhttp:\/\/www.glorialerin.com\/terapias\/wp-content\/uploads\/2018\/01\/mandala-consciencia-sensorial-gloria-lerin.jpg\u00bb _builder_version=\u00bb3.0.92&#8243;]<br \/>\n[\/et_pb_image][\/et_pb_column][et_pb_column type=\u00bb1_2&#8243;][et_pb_contact_form email=\u00bbinfo@glorialerin.com\u00bb title=\u00bb\u00bfQuieres aprender a practicar la atenci\u00f3n plena?\u00bb module_id=\u00bbet_pb_contact_form_0&#8243; _builder_version=\u00bb3.0.92&#8243; title_font=\u00bbMontserrat|700|||||||\u00bb title_font_size=\u00bb16px\u00bb title_line_height=\u00bb2em\u00bb form_field_font=\u00bbMontserrat||||||||\u00bb custom_button=\u00bbon\u00bb button_text_color=\u00bb#626262&#8243; button_font=\u00bbMontserrat||||||||\u00bb captcha=\u00bbon\u00bb use_redirect=\u00bboff\u00bb button_icon_placement=\u00bbright\u00bb][et_pb_contact_field field_id=\u00bbNombre\u00bb field_title=\u00bbNombre*\u00bb fullwidth_field=\u00bbon\u00bb _builder_version=\u00bb3.0.92&#8243; \/][et_pb_contact_field field_id=\u00bbCorreo_electr\u00f3nico\u00bb field_title=\u00bbCorreo electr\u00f3nico*\u00bb fullwidth_field=\u00bbon\u00bb _builder_version=\u00bb3.0.92&#8243; \/][et_pb_contact_field field_id=\u00bbTel\u00e9fono\u00bb field_title=\u00bbTel\u00e9fono\u00bb required_mark=\u00bboff\u00bb fullwidth_field=\u00bbon\u00bb _builder_version=\u00bb3.0.92&#8243; \/][et_pb_contact_field field_id=\u00bbMensaje\u00bb field_title=\u00bbMensaje*\u00bb field_type=\u00bbtext\u00bb fullwidth_field=\u00bbon\u00bb _builder_version=\u00bb3.0.92&#8243; border_radii=\u00bbon||||\u00bb \/][et_pb_contact_field _builder_version=\u00bb3.0.92&#8243; field_id=\u00bbPol\u00edtica_de_privacidad\u00bb field_title=\u00bb \u00bb field_type=\u00bbcheckbox\u00bb checkbox_checked=\u00bboff\u00bb checkbox_options=\u00bb%91{%22value%22:%22 He le\u00eddo y acepto la pol\u00edtica de privacidad.%22,%22checked%22:0}%93&#8243; radio_options=\u00bb%91{%22value%22:%22%22,%22checked%22:0}%93&#8243; select_options=\u00bb%91{%22value%22:%22%22,%22checked%22:0}%93&#8243; min_length=\u00bb0&#8243; max_length=\u00bb0&#8243; allowed_symbols=\u00bball\u00bb required_mark=\u00bbon\u00bb conditional_logic=\u00bboff\u00bb conditional_logic_relation=\u00bboff\u00bb conditional_logic_rules=\u00bb%91{%22field%22:%22nombre%22,%22condition%22:%22is%22,%22value%22:%22%22}%93&#8243; use_background_color_gradient=\u00bboff\u00bb background_color_gradient_start=\u00bb#2b87da\u00bb background_color_gradient_end=\u00bb#29c4a9&#8243; background_color_gradient_type=\u00bblinear\u00bb background_color_gradient_direction=\u00bb180deg\u00bb background_color_gradient_direction_radial=\u00bbcenter\u00bb background_color_gradient_start_position=\u00bb0%\u00bb background_color_gradient_end_position=\u00bb100%\u00bb background_color_gradient_overlays_image=\u00bboff\u00bb parallax=\u00bboff\u00bb parallax_method=\u00bbon\u00bb background_size=\u00bbcover\u00bb background_position=\u00bbcenter\u00bb background_repeat=\u00bbno-repeat\u00bb background_blend=\u00bbnormal\u00bb allow_player_pause=\u00bboff\u00bb fullwidth_field=\u00bbon\u00bb form_field_font=\u00bb||||||||\u00bb \/][\/et_pb_contact_form][\/et_pb_column][\/et_pb_row][\/et_pb_section]<\/p>\n","protected":false},"excerpt":{"rendered":"<p>CONSCIENCIA SENSORIAL En este taller vamos a practicar como estar presente en nuestra vida, con movimientos sencillos como caminar, estar de pie, estar sentado, respirar, la escucha de uno mismo y de los dem\u00e1s, el contacto\u2026 Exploramos como habitar plenamente nuestro cuerpo sintiendo nuestras necesidades fundamentales, nuestras sensaciones, despertando la sensibilidad y con una actitud [&hellip;]<\/p>\n","protected":false},"author":1,"featured_media":0,"parent":0,"menu_order":0,"comment_status":"closed","ping_status":"closed","template":"","meta":{"_et_pb_use_builder":"on","_et_pb_old_content":"","_et_gb_content_width":"","footnotes":""},"class_list":["post-278","page","type-page","status-publish","hentry"],"yoast_head":"<!-- This site is optimized with the Yoast SEO plugin v26.2 - https:\/\/yoast.com\/wordpress\/plugins\/seo\/ -->\n<title>Atenci\u00f3n plena - Glora Lerin<\/title>\n<meta name=\"robots\" content=\"index, follow, max-snippet:-1, max-image-preview:large, max-video-preview:-1\" \/>\n<link rel=\"canonical\" href=\"https:\/\/www.glorialerin.com\/terapias\/atencion-plena\/\" \/>\n<meta property=\"og:locale\" content=\"es_ES\" \/>\n<meta property=\"og:type\" content=\"article\" \/>\n<meta property=\"og:title\" content=\"Atenci\u00f3n plena - Glora Lerin\" \/>\n<meta property=\"og:description\" content=\"CONSCIENCIA SENSORIAL En este taller vamos a practicar como estar presente en nuestra vida, con movimientos sencillos como caminar, estar de pie, estar sentado, respirar, la escucha de uno mismo y de los dem\u00e1s, el contacto\u2026 Exploramos como habitar plenamente nuestro cuerpo sintiendo nuestras necesidades fundamentales, nuestras sensaciones, despertando la sensibilidad y con una actitud [&hellip;]\" \/>\n<meta property=\"og:url\" content=\"https:\/\/www.glorialerin.com\/terapias\/atencion-plena\/\" \/>\n<meta property=\"og:site_name\" content=\"Glora Lerin\" \/>\n<meta property=\"article:modified_time\" content=\"2018-06-01T13:31:24+00:00\" \/>\n<meta name=\"twitter:card\" content=\"summary_large_image\" \/>\n<meta name=\"twitter:label1\" content=\"Tiempo de lectura\" \/>\n\t<meta name=\"twitter:data1\" content=\"4 minutos\" \/>\n<script type=\"application\/ld+json\" class=\"yoast-schema-graph\">{\"@context\":\"https:\/\/schema.org\",\"@graph\":[{\"@type\":\"WebPage\",\"@id\":\"https:\/\/www.glorialerin.com\/terapias\/atencion-plena\/\",\"url\":\"https:\/\/www.glorialerin.com\/terapias\/atencion-plena\/\",\"name\":\"Atenci\u00f3n plena - Glora Lerin\",\"isPartOf\":{\"@id\":\"https:\/\/www.glorialerin.com\/terapias\/#website\"},\"datePublished\":\"2018-01-16T10:45:13+00:00\",\"dateModified\":\"2018-06-01T13:31:24+00:00\",\"breadcrumb\":{\"@id\":\"https:\/\/www.glorialerin.com\/terapias\/atencion-plena\/#breadcrumb\"},\"inLanguage\":\"es\",\"potentialAction\":[{\"@type\":\"ReadAction\",\"target\":[\"https:\/\/www.glorialerin.com\/terapias\/atencion-plena\/\"]}]},{\"@type\":\"BreadcrumbList\",\"@id\":\"https:\/\/www.glorialerin.com\/terapias\/atencion-plena\/#breadcrumb\",\"itemListElement\":[{\"@type\":\"ListItem\",\"position\":1,\"name\":\"Portada\",\"item\":\"https:\/\/www.glorialerin.com\/terapias\/\"},{\"@type\":\"ListItem\",\"position\":2,\"name\":\"Atenci\u00f3n plena\"}]},{\"@type\":\"WebSite\",\"@id\":\"https:\/\/www.glorialerin.com\/terapias\/#website\",\"url\":\"https:\/\/www.glorialerin.com\/terapias\/\",\"name\":\"Glora Lerin\",\"description\":\"\",\"potentialAction\":[{\"@type\":\"SearchAction\",\"target\":{\"@type\":\"EntryPoint\",\"urlTemplate\":\"https:\/\/www.glorialerin.com\/terapias\/?s={search_term_string}\"},\"query-input\":{\"@type\":\"PropertyValueSpecification\",\"valueRequired\":true,\"valueName\":\"search_term_string\"}}],\"inLanguage\":\"es\"}]}<\/script>\n<!-- \/ Yoast SEO plugin. -->","yoast_head_json":{"title":"Atenci\u00f3n plena - Glora Lerin","robots":{"index":"index","follow":"follow","max-snippet":"max-snippet:-1","max-image-preview":"max-image-preview:large","max-video-preview":"max-video-preview:-1"},"canonical":"https:\/\/www.glorialerin.com\/terapias\/atencion-plena\/","og_locale":"es_ES","og_type":"article","og_title":"Atenci\u00f3n plena - Glora Lerin","og_description":"CONSCIENCIA SENSORIAL En este taller vamos a practicar como estar presente en nuestra vida, con movimientos sencillos como caminar, estar de pie, estar sentado, respirar, la escucha de uno mismo y de los dem\u00e1s, el contacto\u2026 Exploramos como habitar plenamente nuestro cuerpo sintiendo nuestras necesidades fundamentales, nuestras sensaciones, despertando la sensibilidad y con una actitud [&hellip;]","og_url":"https:\/\/www.glorialerin.com\/terapias\/atencion-plena\/","og_site_name":"Glora Lerin","article_modified_time":"2018-06-01T13:31:24+00:00","twitter_card":"summary_large_image","twitter_misc":{"Tiempo de lectura":"4 minutos"},"schema":{"@context":"https:\/\/schema.org","@graph":[{"@type":"WebPage","@id":"https:\/\/www.glorialerin.com\/terapias\/atencion-plena\/","url":"https:\/\/www.glorialerin.com\/terapias\/atencion-plena\/","name":"Atenci\u00f3n plena - Glora Lerin","isPartOf":{"@id":"https:\/\/www.glorialerin.com\/terapias\/#website"},"datePublished":"2018-01-16T10:45:13+00:00","dateModified":"2018-06-01T13:31:24+00:00","breadcrumb":{"@id":"https:\/\/www.glorialerin.com\/terapias\/atencion-plena\/#breadcrumb"},"inLanguage":"es","potentialAction":[{"@type":"ReadAction","target":["https:\/\/www.glorialerin.com\/terapias\/atencion-plena\/"]}]},{"@type":"BreadcrumbList","@id":"https:\/\/www.glorialerin.com\/terapias\/atencion-plena\/#breadcrumb","itemListElement":[{"@type":"ListItem","position":1,"name":"Portada","item":"https:\/\/www.glorialerin.com\/terapias\/"},{"@type":"ListItem","position":2,"name":"Atenci\u00f3n plena"}]},{"@type":"WebSite","@id":"https:\/\/www.glorialerin.com\/terapias\/#website","url":"https:\/\/www.glorialerin.com\/terapias\/","name":"Glora Lerin","description":"","potentialAction":[{"@type":"SearchAction","target":{"@type":"EntryPoint","urlTemplate":"https:\/\/www.glorialerin.com\/terapias\/?s={search_term_string}"},"query-input":{"@type":"PropertyValueSpecification","valueRequired":true,"valueName":"search_term_string"}}],"inLanguage":"es"}]}},"_links":{"self":[{"href":"https:\/\/www.glorialerin.com\/terapias\/wp-json\/wp\/v2\/pages\/278","targetHints":{"allow":["GET"]}}],"collection":[{"href":"https:\/\/www.glorialerin.com\/terapias\/wp-json\/wp\/v2\/pages"}],"about":[{"href":"https:\/\/www.glorialerin.com\/terapias\/wp-json\/wp\/v2\/types\/page"}],"author":[{"embeddable":true,"href":"https:\/\/www.glorialerin.com\/terapias\/wp-json\/wp\/v2\/users\/1"}],"replies":[{"embeddable":true,"href":"https:\/\/www.glorialerin.com\/terapias\/wp-json\/wp\/v2\/comments?post=278"}],"version-history":[{"count":7,"href":"https:\/\/www.glorialerin.com\/terapias\/wp-json\/wp\/v2\/pages\/278\/revisions"}],"predecessor-version":[{"id":704,"href":"https:\/\/www.glorialerin.com\/terapias\/wp-json\/wp\/v2\/pages\/278\/revisions\/704"}],"wp:attachment":[{"href":"https:\/\/www.glorialerin.com\/terapias\/wp-json\/wp\/v2\/media?parent=278"}],"curies":[{"name":"wp","href":"https:\/\/api.w.org\/{rel}","templated":true}]}}