{"id":2183,"date":"2020-09-16T19:27:10","date_gmt":"2020-09-16T19:27:10","guid":{"rendered":"https:\/\/www.glorialerin.com\/terapias\/como-sanar-las-heridas-de-la-infancia-2\/"},"modified":"2021-01-15T17:38:54","modified_gmt":"2021-01-15T17:38:54","slug":"el-encuentro-con-nuestro-nino-interior-2","status":"publish","type":"page","link":"https:\/\/www.glorialerin.com\/terapias\/el-encuentro-con-nuestro-nino-interior-2\/","title":{"rendered":"El encuentro con nuestro ni\u00f1o interior"},"content":{"rendered":"<p>[et_pb_section bb_built=\u00bb1&#8243; fullwidth=\u00bbon\u00bb _builder_version=\u00bb3.0.92&#8243; next_background_color=\u00bb#000000&#8243;][et_pb_fullwidth_slider _builder_version=\u00bb3.17.2&#8243; custom_padding=\u00bb|0px||0px\u00bb box_shadow_blur=\u00bb10px\u00bb box_shadow_color=\u00bbrgba(0,0,0,0.1)\u00bb button_text_size__hover_enabled=\u00bboff\u00bb button_text_size__hover=\u00bbnull\u00bb button_one_text_size__hover_enabled=\u00bboff\u00bb button_one_text_size__hover=\u00bbnull\u00bb button_two_text_size__hover_enabled=\u00bboff\u00bb button_two_text_size__hover=\u00bbnull\u00bb button_text_color__hover_enabled=\u00bboff\u00bb button_text_color__hover=\u00bbnull\u00bb button_one_text_color__hover_enabled=\u00bboff\u00bb button_one_text_color__hover=\u00bbnull\u00bb button_two_text_color__hover_enabled=\u00bboff\u00bb button_two_text_color__hover=\u00bbnull\u00bb button_border_width__hover_enabled=\u00bboff\u00bb button_border_width__hover=\u00bbnull\u00bb button_one_border_width__hover_enabled=\u00bboff\u00bb button_one_border_width__hover=\u00bbnull\u00bb button_two_border_width__hover_enabled=\u00bboff\u00bb button_two_border_width__hover=\u00bbnull\u00bb button_border_color__hover_enabled=\u00bboff\u00bb button_border_color__hover=\u00bbnull\u00bb button_one_border_color__hover_enabled=\u00bboff\u00bb button_one_border_color__hover=\u00bbnull\u00bb button_two_border_color__hover_enabled=\u00bboff\u00bb button_two_border_color__hover=\u00bbnull\u00bb button_border_radius__hover_enabled=\u00bboff\u00bb button_border_radius__hover=\u00bbnull\u00bb button_one_border_radius__hover_enabled=\u00bboff\u00bb button_one_border_radius__hover=\u00bbnull\u00bb button_two_border_radius__hover_enabled=\u00bboff\u00bb button_two_border_radius__hover=\u00bbnull\u00bb button_letter_spacing__hover_enabled=\u00bboff\u00bb button_letter_spacing__hover=\u00bbnull\u00bb button_one_letter_spacing__hover_enabled=\u00bboff\u00bb button_one_letter_spacing__hover=\u00bbnull\u00bb button_two_letter_spacing__hover_enabled=\u00bboff\u00bb button_two_letter_spacing__hover=\u00bbnull\u00bb button_bg_color__hover_enabled=\u00bboff\u00bb button_bg_color__hover=\u00bbnull\u00bb button_one_bg_color__hover_enabled=\u00bboff\u00bb button_one_bg_color__hover=\u00bbnull\u00bb button_two_bg_color__hover_enabled=\u00bboff\u00bb button_two_bg_color__hover=\u00bbnull\u00bb][et_pb_slide heading=\u00bbEL ENCUENTRO CON NUESTRO NI\u00d1O INTERIOR\u00bb use_bg_overlay=\u00bboff\u00bb use_text_overlay=\u00bboff\u00bb _builder_version=\u00bb3.17.2&#8243; header_font=\u00bbMontserrat|700|||||||\u00bb header_font_size=\u00bb50px\u00bb header_font_size_tablet=\u00bb50px\u00bb header_font_size_phone=\u00bb50px\u00bb body_font=\u00bbMontserrat||||||||\u00bb body_font_size=\u00bb20px\u00bb body_font_size_tablet=\u00bb20px\u00bb body_font_size_phone=\u00bb20px\u00bb use_background_color_gradient=\u00bbon\u00bb background_color_gradient_start=\u00bb#ffffff\u00bb background_color_gradient_end=\u00bb#ffffff\u00bb background_image=\u00bbhttps:\/\/www.glorialerin.com\/terapias\/wp-content\/uploads\/2018\/12\/el-encuentro-con-nuestro-ni\u00f1o-interior-taller-marzo-2019-gloria-lerin.jpg\u00bb button_link=\u00bb#\u00bb url_new_window=\u00bboff\u00bb link_option_url_new_window=\u00bboff\u00bb background_color=\u00bb#f6eff9&#8243; background_color_gradient_type=\u00bblinear\u00bb background_color_gradient_direction=\u00bb180deg\u00bb background_color_gradient_direction_radial=\u00bbcenter\u00bb background_color_gradient_start_position=\u00bb0%\u00bb background_color_gradient_end_position=\u00bb100%\u00bb background_color_gradient_overlays_image=\u00bboff\u00bb parallax=\u00bboff\u00bb parallax_method=\u00bbon\u00bb background_size=\u00bbcover\u00bb background_position=\u00bbcenter\u00bb background_repeat=\u00bbno-repeat\u00bb background_blend=\u00bbnormal\u00bb allow_player_pause=\u00bboff\u00bb background_video_pause_outside_viewport=\u00bbon\u00bb text_border_radius=\u00bb3&#8243; alignment=\u00bbcenter\u00bb child_filter_hue_rotate=\u00bb0deg\u00bb child_filter_saturate=\u00bb100%\u00bb child_filter_brightness=\u00bb100%\u00bb child_filter_contrast=\u00bb100%\u00bb child_filter_invert=\u00bb0%\u00bb child_filter_sepia=\u00bb0%\u00bb child_filter_opacity=\u00bb100%\u00bb child_filter_blur=\u00bb0px\u00bb child_mix_blend_mode=\u00bbnormal\u00bb background_layout=\u00bbdark\u00bb text_shadow_style=\u00bbnone\u00bb header_text_shadow_style=\u00bbnone\u00bb body_text_shadow_style=\u00bbnone\u00bb custom_button=\u00bboff\u00bb button_bg_use_color_gradient=\u00bboff\u00bb button_bg_color_gradient_overlays_image=\u00bboff\u00bb button_use_icon=\u00bbon\u00bb button_on_hover=\u00bbon\u00bb button_text_shadow_style=\u00bbnone\u00bb box_shadow_style_button=\u00bbnone\u00bb hover_transition_duration=\u00bb300ms\u00bb hover_transition_delay=\u00bb0ms\u00bb hover_transition_speed_curve=\u00bbease\u00bb text_shadow_horizontal_length=\u00bb0em\u00bb text_shadow_vertical_length=\u00bb0em\u00bb text_shadow_blur_strength=\u00bb0em\u00bb header_text_shadow_horizontal_length=\u00bb0em\u00bb header_text_shadow_vertical_length=\u00bb0em\u00bb header_text_shadow_blur_strength=\u00bb0em\u00bb body_text_shadow_horizontal_length=\u00bb0em\u00bb body_text_shadow_vertical_length=\u00bb0em\u00bb body_text_shadow_blur_strength=\u00bb0em\u00bb button_text_shadow_horizontal_length=\u00bb0em\u00bb button_text_shadow_vertical_length=\u00bb0em\u00bb button_text_shadow_blur_strength=\u00bb0em\u00bb]<\/p>\n<p>FEBRERO 2021<\/p>\n<p>[\/et_pb_slide][\/et_pb_fullwidth_slider][\/et_pb_section][et_pb_section bb_built=\u00bb1&#8243; _builder_version=\u00bb3.0.92&#8243; custom_padding=\u00bb54px|0px|10px|0px\u00bb prev_background_color=\u00bb#000000&#8243; next_background_color=\u00bb#000000&#8243;][et_pb_row custom_padding=\u00bb27px|0px|14px|0px\u00bb _builder_version=\u00bb3.0.92&#8243;][et_pb_column type=\u00bb1_2&#8243;][et_pb_text _builder_version=\u00bb3.17.2&#8243;]<\/p>\n<p><strong>El ni\u00f1o interior es la suma de experiencias vividas en nuestra infancia ya sean las alegres o tristes, felices o infelices.<\/strong><\/p>\n<p><strong>Representa una dimensi\u00f3n arquet\u00edpica inconsciente o semiconsciente que lleva una problem\u00e1tica o un sufrimiento. Es una parte de nosotros que lleva nuestra herida fundamental: el abandono, el rechazo, la falta de reconocimiento, la humillaci\u00f3n, la traici\u00f3n, el maltrato, el abuso, la injusticia&#8230;<\/strong><\/p>\n<p><strong>Necesitamos sanar \u00e9sta herida ya que de adulto a trav\u00e9s de un acontecimiento o una situaci\u00f3n cotidiana la volvemos a revivir caus\u00e1ndonos malestar, ansiedad, s\u00edntomas f\u00edsicos, confusi\u00f3n, irritabilidad, vulnerabilidad, inestabilidad&#8230;<\/strong><\/p>\n<p>Adem\u00e1s de la herida fundamental hemos creado un tipo de ni\u00f1o que habita en nuestro interior.<\/p>\n<p>\u00bfEs un ni\u00f1o rebelde, manipulador, del sexo opuesto, tirano&#8230;?<\/p>\n<p>\u00bfEst\u00e1 hambriento, enfermo, prisionero, aterrorizado&#8230;?<\/p>\n<p>Este ni\u00f1o tambi\u00e9n lleva las dimensiones de espontaneidad, belleza, transparencia, autenticidad y todos estos valores se han podido quedar heridos por el sistema familiar y transgeneracional.<\/p>\n<p><strong>En este taller vamos a encontrarnos con nuestro ni\u00f1o interior, a esta parte herida y a escuchar sus necesidades y carencias afectivas. Liberar nuestro ni\u00f1o interior nos permite reencontrar el v\u00ednculo de amor con la globalidad de nuestro ser.<\/strong><\/p>\n<p><strong>El \u201cM\u00e9todo de liberaci\u00f3n de las corazas\u201d ser\u00e1 la herramienta de exploraci\u00f3n a trav\u00e9s de la visualizaci\u00f3n,  la imagen inconsciente del cuerpo, de los movimientos de MLC\u00a9, de ense\u00f1anzas para la comprensi\u00f3n del proceso personal.<\/strong><\/p>\n<p><strong><br \/>\nImpartido por Gloria Lerin<br \/>\nLugar: L\u2019eix-ample. C\/ Bruc 125 bajos. Barcelona<br \/>\nTel\u00e9fono: 93 457 61 40<br \/>\ninfo@glorialerin.com \/ www.glorialerin.com <\/strong><\/p>\n<p>[\/et_pb_text][\/et_pb_column][et_pb_column type=\u00bb1_2&#8243;][et_pb_text _builder_version=\u00bb3.17.2&#8243;]<\/p>\n<p><b>Online y Presencial<\/b><\/p>\n<p><b>Fecha:<\/b><br \/>\nS\u00e1bado 6 de febrero 2021<\/p>\n<p><b>Horario:<\/b><br \/>\nDe 10:00 a 13:00h y de 14:30 a 17:30h<\/p>\n<p><b>Coste del taller:<\/b><br \/>\n75\u20ac<\/p>\n<p>[\/et_pb_text][et_pb_code _builder_version=\u00bb3.17.2&#8243;]&lt;iframe width=&quot;560&quot; height=&quot;315&quot; src=&quot;https:\/\/www.youtube.com\/embed\/OvjAQ_ftDX0?rel=0&quot; frameborder=&quot;0&quot; allow=&quot;autoplay; encrypted-media&quot; allowfullscreen&gt;&lt;\/iframe&gt;[\/et_pb_code][\/et_pb_column][\/et_pb_row][\/et_pb_section][et_pb_section bb_built=\u00bb1&#8243; _builder_version=\u00bb3.0.92&#8243; custom_padding=\u00bb9px|0px|54px|0px\u00bb prev_background_color=\u00bb#000000&#8243;][et_pb_row _builder_version=\u00bb3.0.92&#8243;][et_pb_column type=\u00bb1_2&#8243;][et_pb_image src=\u00bbhttp:\/\/www.glorialerin.com\/terapias\/wp-content\/uploads\/2018\/01\/mandala-gloria-lerin-encuentro-con-nuestro-ni\u00f1o-interior.jpg\u00bb _builder_version=\u00bb3.0.92&#8243; \/][\/et_pb_column][et_pb_column type=\u00bb1_2&#8243;][et_pb_contact_form email=\u00bbinfo@glorialerin.com\u00bb title=\u00bb\u00bfQuieres sanar las heridas de la infancia?\u00bb module_id=\u00bbet_pb_contact_form_0&#8243; _builder_version=\u00bb3.17.2&#8243; title_font=\u00bbMontserrat|700|||||||\u00bb title_font_size=\u00bb16px\u00bb title_line_height=\u00bb2em\u00bb form_field_font=\u00bbMontserrat||||||||\u00bb custom_button=\u00bbon\u00bb button_text_color=\u00bb#626262&#8243; button_font=\u00bbMontserrat||||||||\u00bb][et_pb_contact_field field_id=\u00bbNombre\u00bb field_title=\u00bbNombre*\u00bb fullwidth_field=\u00bbon\u00bb _builder_version=\u00bb3.0.92&#8243; \/][et_pb_contact_field field_id=\u00bbCorreo_electr\u00f3nico\u00bb field_title=\u00bbCorreo electr\u00f3nico*\u00bb fullwidth_field=\u00bbon\u00bb _builder_version=\u00bb3.0.92&#8243; \/][et_pb_contact_field field_id=\u00bbTel\u00e9fono\u00bb field_title=\u00bbTel\u00e9fono\u00bb required_mark=\u00bboff\u00bb fullwidth_field=\u00bbon\u00bb _builder_version=\u00bb3.0.92&#8243; \/][et_pb_contact_field field_id=\u00bbMensaje\u00bb field_title=\u00bbMensaje*\u00bb field_type=\u00bbtext\u00bb fullwidth_field=\u00bbon\u00bb _builder_version=\u00bb3.0.92&#8243; border_radii=\u00bbon||||\u00bb \/][et_pb_contact_field _builder_version=\u00bb3.0.92&#8243; field_id=\u00bbPol\u00edtica_de_privacidad\u00bb field_title=\u00bb \u00bb field_type=\u00bbcheckbox\u00bb checkbox_checked=\u00bboff\u00bb checkbox_options=\u00bb%91{%22value%22:%22He le\u00eddo y acepto la pol\u00edtica de privacidad.%22,%22checked%22:0}%93&#8243; radio_options=\u00bb%91{%22value%22:%22%22,%22checked%22:0}%93&#8243; select_options=\u00bb%91{%22value%22:%22%22,%22checked%22:0}%93&#8243; min_length=\u00bb0&#8243; max_length=\u00bb0&#8243; allowed_symbols=\u00bball\u00bb required_mark=\u00bbon\u00bb conditional_logic=\u00bboff\u00bb conditional_logic_relation=\u00bboff\u00bb conditional_logic_rules=\u00bb%91{%22field%22:%22nombre%22,%22condition%22:%22is%22,%22value%22:%22%22}%93&#8243; use_background_color_gradient=\u00bboff\u00bb background_color_gradient_start=\u00bb#2b87da\u00bb background_color_gradient_end=\u00bb#29c4a9&#8243; background_color_gradient_type=\u00bblinear\u00bb background_color_gradient_direction=\u00bb180deg\u00bb background_color_gradient_direction_radial=\u00bbcenter\u00bb background_color_gradient_start_position=\u00bb0%\u00bb background_color_gradient_end_position=\u00bb100%\u00bb background_color_gradient_overlays_image=\u00bboff\u00bb parallax=\u00bboff\u00bb parallax_method=\u00bbon\u00bb background_size=\u00bbcover\u00bb background_position=\u00bbcenter\u00bb background_repeat=\u00bbno-repeat\u00bb background_blend=\u00bbnormal\u00bb allow_player_pause=\u00bboff\u00bb fullwidth_field=\u00bbon\u00bb form_field_font=\u00bb||||||||\u00bb \/][\/et_pb_contact_form][\/et_pb_column][\/et_pb_row][\/et_pb_section]<\/p>\n","protected":false},"excerpt":{"rendered":"<p>FEBRERO 2021 El ni\u00f1o interior es la suma de experiencias vividas en nuestra infancia ya sean las alegres o tristes, felices o infelices. Representa una dimensi\u00f3n arquet\u00edpica inconsciente o semiconsciente que lleva una problem\u00e1tica o un sufrimiento. Es una parte de nosotros que lleva nuestra herida fundamental: el abandono, el rechazo, la falta de reconocimiento, [&hellip;]<\/p>\n","protected":false},"author":1,"featured_media":0,"parent":0,"menu_order":0,"comment_status":"closed","ping_status":"closed","template":"","meta":{"_et_pb_use_builder":"on","_et_pb_old_content":"","_et_gb_content_width":"","footnotes":""},"class_list":["post-2183","page","type-page","status-publish","hentry"],"yoast_head":"<!-- This site is optimized with the Yoast SEO plugin v26.2 - https:\/\/yoast.com\/wordpress\/plugins\/seo\/ -->\n<title>El encuentro con nuestro ni\u00f1o interior - Glora Lerin<\/title>\n<meta name=\"robots\" content=\"index, follow, max-snippet:-1, max-image-preview:large, max-video-preview:-1\" \/>\n<link rel=\"canonical\" href=\"https:\/\/www.glorialerin.com\/terapias\/el-encuentro-con-nuestro-nino-interior-2\/\" \/>\n<meta property=\"og:locale\" content=\"es_ES\" \/>\n<meta property=\"og:type\" content=\"article\" \/>\n<meta property=\"og:title\" content=\"El encuentro con nuestro ni\u00f1o interior - Glora Lerin\" \/>\n<meta property=\"og:description\" content=\"FEBRERO 2021 El ni\u00f1o interior es la suma de experiencias vividas en nuestra infancia ya sean las alegres o tristes, felices o infelices. Representa una dimensi\u00f3n arquet\u00edpica inconsciente o semiconsciente que lleva una problem\u00e1tica o un sufrimiento. Es una parte de nosotros que lleva nuestra herida fundamental: el abandono, el rechazo, la falta de reconocimiento, [&hellip;]\" \/>\n<meta property=\"og:url\" content=\"https:\/\/www.glorialerin.com\/terapias\/el-encuentro-con-nuestro-nino-interior-2\/\" \/>\n<meta property=\"og:site_name\" content=\"Glora Lerin\" \/>\n<meta property=\"article:modified_time\" content=\"2021-01-15T17:38:54+00:00\" \/>\n<meta name=\"twitter:card\" content=\"summary_large_image\" \/>\n<meta name=\"twitter:label1\" content=\"Tiempo de lectura\" \/>\n\t<meta name=\"twitter:data1\" content=\"7 minutos\" \/>\n<script type=\"application\/ld+json\" class=\"yoast-schema-graph\">{\"@context\":\"https:\/\/schema.org\",\"@graph\":[{\"@type\":\"WebPage\",\"@id\":\"https:\/\/www.glorialerin.com\/terapias\/el-encuentro-con-nuestro-nino-interior-2\/\",\"url\":\"https:\/\/www.glorialerin.com\/terapias\/el-encuentro-con-nuestro-nino-interior-2\/\",\"name\":\"El encuentro con nuestro ni\u00f1o interior - Glora Lerin\",\"isPartOf\":{\"@id\":\"https:\/\/www.glorialerin.com\/terapias\/#website\"},\"datePublished\":\"2020-09-16T19:27:10+00:00\",\"dateModified\":\"2021-01-15T17:38:54+00:00\",\"breadcrumb\":{\"@id\":\"https:\/\/www.glorialerin.com\/terapias\/el-encuentro-con-nuestro-nino-interior-2\/#breadcrumb\"},\"inLanguage\":\"es\",\"potentialAction\":[{\"@type\":\"ReadAction\",\"target\":[\"https:\/\/www.glorialerin.com\/terapias\/el-encuentro-con-nuestro-nino-interior-2\/\"]}]},{\"@type\":\"BreadcrumbList\",\"@id\":\"https:\/\/www.glorialerin.com\/terapias\/el-encuentro-con-nuestro-nino-interior-2\/#breadcrumb\",\"itemListElement\":[{\"@type\":\"ListItem\",\"position\":1,\"name\":\"Portada\",\"item\":\"https:\/\/www.glorialerin.com\/terapias\/\"},{\"@type\":\"ListItem\",\"position\":2,\"name\":\"El encuentro con nuestro ni\u00f1o interior\"}]},{\"@type\":\"WebSite\",\"@id\":\"https:\/\/www.glorialerin.com\/terapias\/#website\",\"url\":\"https:\/\/www.glorialerin.com\/terapias\/\",\"name\":\"Glora Lerin\",\"description\":\"\",\"potentialAction\":[{\"@type\":\"SearchAction\",\"target\":{\"@type\":\"EntryPoint\",\"urlTemplate\":\"https:\/\/www.glorialerin.com\/terapias\/?s={search_term_string}\"},\"query-input\":{\"@type\":\"PropertyValueSpecification\",\"valueRequired\":true,\"valueName\":\"search_term_string\"}}],\"inLanguage\":\"es\"}]}<\/script>\n<!-- \/ Yoast SEO plugin. -->","yoast_head_json":{"title":"El encuentro con nuestro ni\u00f1o interior - Glora Lerin","robots":{"index":"index","follow":"follow","max-snippet":"max-snippet:-1","max-image-preview":"max-image-preview:large","max-video-preview":"max-video-preview:-1"},"canonical":"https:\/\/www.glorialerin.com\/terapias\/el-encuentro-con-nuestro-nino-interior-2\/","og_locale":"es_ES","og_type":"article","og_title":"El encuentro con nuestro ni\u00f1o interior - Glora Lerin","og_description":"FEBRERO 2021 El ni\u00f1o interior es la suma de experiencias vividas en nuestra infancia ya sean las alegres o tristes, felices o infelices. Representa una dimensi\u00f3n arquet\u00edpica inconsciente o semiconsciente que lleva una problem\u00e1tica o un sufrimiento. Es una parte de nosotros que lleva nuestra herida fundamental: el abandono, el rechazo, la falta de reconocimiento, [&hellip;]","og_url":"https:\/\/www.glorialerin.com\/terapias\/el-encuentro-con-nuestro-nino-interior-2\/","og_site_name":"Glora Lerin","article_modified_time":"2021-01-15T17:38:54+00:00","twitter_card":"summary_large_image","twitter_misc":{"Tiempo de lectura":"7 minutos"},"schema":{"@context":"https:\/\/schema.org","@graph":[{"@type":"WebPage","@id":"https:\/\/www.glorialerin.com\/terapias\/el-encuentro-con-nuestro-nino-interior-2\/","url":"https:\/\/www.glorialerin.com\/terapias\/el-encuentro-con-nuestro-nino-interior-2\/","name":"El encuentro con nuestro ni\u00f1o interior - Glora Lerin","isPartOf":{"@id":"https:\/\/www.glorialerin.com\/terapias\/#website"},"datePublished":"2020-09-16T19:27:10+00:00","dateModified":"2021-01-15T17:38:54+00:00","breadcrumb":{"@id":"https:\/\/www.glorialerin.com\/terapias\/el-encuentro-con-nuestro-nino-interior-2\/#breadcrumb"},"inLanguage":"es","potentialAction":[{"@type":"ReadAction","target":["https:\/\/www.glorialerin.com\/terapias\/el-encuentro-con-nuestro-nino-interior-2\/"]}]},{"@type":"BreadcrumbList","@id":"https:\/\/www.glorialerin.com\/terapias\/el-encuentro-con-nuestro-nino-interior-2\/#breadcrumb","itemListElement":[{"@type":"ListItem","position":1,"name":"Portada","item":"https:\/\/www.glorialerin.com\/terapias\/"},{"@type":"ListItem","position":2,"name":"El encuentro con nuestro ni\u00f1o interior"}]},{"@type":"WebSite","@id":"https:\/\/www.glorialerin.com\/terapias\/#website","url":"https:\/\/www.glorialerin.com\/terapias\/","name":"Glora Lerin","description":"","potentialAction":[{"@type":"SearchAction","target":{"@type":"EntryPoint","urlTemplate":"https:\/\/www.glorialerin.com\/terapias\/?s={search_term_string}"},"query-input":{"@type":"PropertyValueSpecification","valueRequired":true,"valueName":"search_term_string"}}],"inLanguage":"es"}]}},"_links":{"self":[{"href":"https:\/\/www.glorialerin.com\/terapias\/wp-json\/wp\/v2\/pages\/2183","targetHints":{"allow":["GET"]}}],"collection":[{"href":"https:\/\/www.glorialerin.com\/terapias\/wp-json\/wp\/v2\/pages"}],"about":[{"href":"https:\/\/www.glorialerin.com\/terapias\/wp-json\/wp\/v2\/types\/page"}],"author":[{"embeddable":true,"href":"https:\/\/www.glorialerin.com\/terapias\/wp-json\/wp\/v2\/users\/1"}],"replies":[{"embeddable":true,"href":"https:\/\/www.glorialerin.com\/terapias\/wp-json\/wp\/v2\/comments?post=2183"}],"version-history":[{"count":4,"href":"https:\/\/www.glorialerin.com\/terapias\/wp-json\/wp\/v2\/pages\/2183\/revisions"}],"predecessor-version":[{"id":2252,"href":"https:\/\/www.glorialerin.com\/terapias\/wp-json\/wp\/v2\/pages\/2183\/revisions\/2252"}],"wp:attachment":[{"href":"https:\/\/www.glorialerin.com\/terapias\/wp-json\/wp\/v2\/media?parent=2183"}],"curies":[{"name":"wp","href":"https:\/\/api.w.org\/{rel}","templated":true}]}}