{"id":1732,"date":"2019-09-23T15:55:48","date_gmt":"2019-09-23T15:55:48","guid":{"rendered":"https:\/\/www.glorialerin.com\/terapias\/los-pilares-del-corazon-el-soporte-de-la-cintura-escapular-y-la-cabeza-2\/"},"modified":"2019-12-05T08:34:06","modified_gmt":"2019-12-05T08:34:06","slug":"como-respondes-a-lo-que-la-situacion-te-pide-en-este-momento","status":"publish","type":"page","link":"https:\/\/www.glorialerin.com\/terapias\/como-respondes-a-lo-que-la-situacion-te-pide-en-este-momento\/","title":{"rendered":"\u00bfC\u00f3mo respondes a lo que la situaci\u00f3n te pide en \u00e9ste momento?"},"content":{"rendered":"<p>[et_pb_section bb_built=\u00bb1&#8243; fullwidth=\u00bbon\u00bb _builder_version=\u00bb3.17.2&#8243; next_background_color=\u00bb#000000&#8243;][et_pb_fullwidth_slider _builder_version=\u00bb3.17.2&#8243; custom_padding=\u00bb|0px||0px\u00bb box_shadow_blur=\u00bb10px\u00bb box_shadow_color=\u00bbrgba(0,0,0,0.1)\u00bb button_text_size__hover_enabled=\u00bboff\u00bb button_text_size__hover=\u00bbnull\u00bb button_one_text_size__hover_enabled=\u00bboff\u00bb button_one_text_size__hover=\u00bbnull\u00bb button_two_text_size__hover_enabled=\u00bboff\u00bb button_two_text_size__hover=\u00bbnull\u00bb button_text_color__hover_enabled=\u00bboff\u00bb button_text_color__hover=\u00bbnull\u00bb button_one_text_color__hover_enabled=\u00bboff\u00bb button_one_text_color__hover=\u00bbnull\u00bb button_two_text_color__hover_enabled=\u00bboff\u00bb button_two_text_color__hover=\u00bbnull\u00bb button_border_width__hover_enabled=\u00bboff\u00bb button_border_width__hover=\u00bbnull\u00bb button_one_border_width__hover_enabled=\u00bboff\u00bb button_one_border_width__hover=\u00bbnull\u00bb button_two_border_width__hover_enabled=\u00bboff\u00bb button_two_border_width__hover=\u00bbnull\u00bb button_border_color__hover_enabled=\u00bboff\u00bb button_border_color__hover=\u00bbnull\u00bb button_one_border_color__hover_enabled=\u00bboff\u00bb button_one_border_color__hover=\u00bbnull\u00bb button_two_border_color__hover_enabled=\u00bboff\u00bb button_two_border_color__hover=\u00bbnull\u00bb button_border_radius__hover_enabled=\u00bboff\u00bb button_border_radius__hover=\u00bbnull\u00bb button_one_border_radius__hover_enabled=\u00bboff\u00bb button_one_border_radius__hover=\u00bbnull\u00bb button_two_border_radius__hover_enabled=\u00bboff\u00bb button_two_border_radius__hover=\u00bbnull\u00bb button_letter_spacing__hover_enabled=\u00bboff\u00bb button_letter_spacing__hover=\u00bbnull\u00bb button_one_letter_spacing__hover_enabled=\u00bboff\u00bb button_one_letter_spacing__hover=\u00bbnull\u00bb button_two_letter_spacing__hover_enabled=\u00bboff\u00bb button_two_letter_spacing__hover=\u00bbnull\u00bb button_bg_color__hover_enabled=\u00bboff\u00bb button_bg_color__hover=\u00bbnull\u00bb button_one_bg_color__hover_enabled=\u00bboff\u00bb button_one_bg_color__hover=\u00bbnull\u00bb button_two_bg_color__hover_enabled=\u00bboff\u00bb button_two_bg_color__hover=\u00bbnull\u00bb text_shadow_style=\u00bbpreset1&#8243; text_shadow_blur_strength=\u00bb2em\u00bb][et_pb_slide heading=\u00bb\u00bfC\u00d3MO RESPONDES A LO QUE LA SITUACI\u00d3N TE PIDE EN \u00c9STE MOMENTO?\u00bb use_bg_overlay=\u00bboff\u00bb use_text_overlay=\u00bboff\u00bb _builder_version=\u00bb3.17.2&#8243; header_font=\u00bbMontserrat|700|||||||\u00bb header_font_size=\u00bb50px\u00bb header_font_size_tablet=\u00bb50px\u00bb header_font_size_phone=\u00bb50px\u00bb body_font=\u00bbMontserrat|700|||||||\u00bb body_font_size=\u00bb20px\u00bb body_font_size_tablet=\u00bb20px\u00bb body_font_size_phone=\u00bb20px\u00bb use_background_color_gradient=\u00bbon\u00bb background_color_gradient_start=\u00bb#ffffff\u00bb background_color_gradient_end=\u00bb#ffffff\u00bb background_image=\u00bbhttps:\/\/www.glorialerin.com\/terapias\/wp-content\/uploads\/2019\/09\/taller-consciencia-sensorial-gloria-lerin-2.png\u00bb button_link=\u00bb#\u00bb url_new_window=\u00bboff\u00bb link_option_url_new_window=\u00bboff\u00bb background_color=\u00bb#f6eff9&#8243; background_color_gradient_type=\u00bblinear\u00bb background_color_gradient_direction=\u00bb180deg\u00bb background_color_gradient_direction_radial=\u00bbcenter\u00bb background_color_gradient_start_position=\u00bb0%\u00bb background_color_gradient_end_position=\u00bb100%\u00bb background_color_gradient_overlays_image=\u00bboff\u00bb parallax=\u00bboff\u00bb parallax_method=\u00bbon\u00bb background_size=\u00bbcover\u00bb background_position=\u00bbcenter\u00bb background_repeat=\u00bbno-repeat\u00bb background_blend=\u00bbnormal\u00bb allow_player_pause=\u00bboff\u00bb background_video_pause_outside_viewport=\u00bbon\u00bb text_border_radius=\u00bb3&#8243; alignment=\u00bbcenter\u00bb child_filter_hue_rotate=\u00bb0deg\u00bb child_filter_saturate=\u00bb100%\u00bb child_filter_brightness=\u00bb100%\u00bb child_filter_contrast=\u00bb100%\u00bb child_filter_invert=\u00bb0%\u00bb child_filter_sepia=\u00bb0%\u00bb child_filter_opacity=\u00bb100%\u00bb child_filter_blur=\u00bb0px\u00bb child_mix_blend_mode=\u00bbnormal\u00bb background_layout=\u00bbdark\u00bb text_shadow_style=\u00bbnone\u00bb header_text_shadow_style=\u00bbnone\u00bb body_text_shadow_style=\u00bbnone\u00bb custom_button=\u00bboff\u00bb button_bg_use_color_gradient=\u00bboff\u00bb button_bg_color_gradient_overlays_image=\u00bboff\u00bb button_use_icon=\u00bbon\u00bb button_on_hover=\u00bbon\u00bb button_text_shadow_style=\u00bbnone\u00bb box_shadow_style_button=\u00bbnone\u00bb hover_transition_duration=\u00bb300ms\u00bb hover_transition_delay=\u00bb0ms\u00bb hover_transition_speed_curve=\u00bbease\u00bb text_shadow_horizontal_length=\u00bb0em\u00bb text_shadow_vertical_length=\u00bb0em\u00bb text_shadow_blur_strength=\u00bb0em\u00bb header_text_shadow_horizontal_length=\u00bb0em\u00bb header_text_shadow_vertical_length=\u00bb0em\u00bb header_text_shadow_blur_strength=\u00bb0em\u00bb body_text_shadow_horizontal_length=\u00bb0em\u00bb body_text_shadow_vertical_length=\u00bb0em\u00bb body_text_shadow_blur_strength=\u00bb0em\u00bb button_text_shadow_horizontal_length=\u00bb0em\u00bb button_text_shadow_vertical_length=\u00bb0em\u00bb button_text_shadow_blur_strength=\u00bb0em\u00bb custom_padding_tablet=\u00bb50px||50px|\u00bb custom_padding_phone=\u00bb50px||50px|\u00bb custom_padding=\u00bb210px||210px|\u00bb header_text_color=\u00bb#ffffff\u00bb body_text_color=\u00bb#ffffff\u00bb]<\/p>\n<p>TALLER DICIEMBRE<\/p>\n<p>[\/et_pb_slide][\/et_pb_fullwidth_slider][\/et_pb_section][et_pb_section bb_built=\u00bb1&#8243; _builder_version=\u00bb3.0.92&#8243; custom_padding=\u00bb54px|0px|30px|0px\u00bb prev_background_color=\u00bb#000000&#8243; next_background_color=\u00bb#000000&#8243;][et_pb_row _builder_version=\u00bb3.0.92&#8243;][et_pb_column type=\u00bb1_2&#8243;][et_pb_text _builder_version=\u00bb3.17.2&#8243;]<\/p>\n<p><strong>Basado en Mindfulness y Consciencia Sensorial.<\/strong><\/p>\n<p>Despu\u00e9s de haber asistido, junto con un grupo de estimados amigos, a unos cursos<br \/>\nbasados en la Consciencia Sensorial impartidos por Lee Klinger-Lesser (USA), he sentido el impulso de seguir explorando en c\u00f3mo respondemos, de la mejor manera posible, a cada una de las situaciones que nos plantea la vida.<\/p>\n<p>Esta exploraci\u00f3n ser\u00e1 unos de los temas del pr\u00f3ximo taller, en el que nos zambulliremos a vivir la experiencia de cada momento tal como se nos presente, nos guste o no, para encontrar la actitud m\u00e1s favorable para a cada uno de nosotros.<\/p>\n<p>La manera de responder a cada situaci\u00f3n es un aprendizaje y cada vez pueden ser distintas. Incluso en ocasiones no sabemos c\u00f3mo hacerlo.<\/p>\n<p>Estamos influenciados por tantas obligaciones de c\u00f3mo nos tendr\u00edamos que comportar, de tantos \u201ctendr\u00eda que\u201d o \u201cdeber\u00eda de\u201d, que finalmente nos perdemos en un mundo de confusiones. Con ello, nos alejamos de nosotros mismos, de lo que realmente nos est\u00e1 pasando y de lo que en realidad necesitamos. Huimos de la experiencia por miedos o resistencias, por recuerdos del pasado, por creencias inconscientes\u2026 y tenemos todo el derecho de saber decir: pues no s\u00e9 c\u00f3mo responder.<\/p>\n<p>Como seres humanos ocupamos un lugar en \u00e9sta vida y nos merecemos existir con toda nuestra belleza, grandeza, gracia, con todo lo que somos sin rechazar los aspectos que quiz\u00e1s nos gustar\u00eda transformar. El camino de llegar a ser uno mismo es a trav\u00e9s de la humildad, de la escucha, de complicidad e intimidad con uno mismo, de estar abiertos a los encuentros con lo desconocido confiando que la situaci\u00f3n en donde nos encontramos ahora es la que en estos momentos ser\u00eda bueno de explorar.<\/p>\n<p>Necesitamos soltar la lucha interior para entregarnos a nuestra esencia, nuestra naturaleza profunda que necesita de nuestra presencia aut\u00e9ntica para su evoluci\u00f3n. Esta parte que habita en nosotros \u201c sabe\u201d y hayamos lo que hayamos vivido permanece intacta. Siempre est\u00e1 esperando a que reconectemos con ella desde nuestro coraz\u00f3n.<\/p>\n<p>Con  la pr\u00e1ctica corporal vamos a explorar cada momento como si fuera de nuevo a trav\u00e9s de la atenci\u00f3n plena, de la respiraci\u00f3n, de c\u00f3mo abrirnos a nuestros tejidos para salir de los encierros y permitir que algo nuevo surja espont\u00e1neamente.<\/p>\n<p><strong><br \/>\nImpartido por Gloria Lerin<br \/>\nLugar: L\u2019eix-ample. C\/ Bruc 125 bajos. Barcelona<br \/>\nTel\u00e9fono: 93 457 61 40<br \/>\ninfo@glorialerin.com \/ www.glorialerin.com <\/strong><\/p>\n<p>[\/et_pb_text][\/et_pb_column][et_pb_column type=\u00bb1_2&#8243;][et_pb_text _builder_version=\u00bb3.17.2&#8243;]<\/p>\n<p><strong>Fecha:<\/strong><br \/>\nS\u00e1bado, 14 de diciembre 2019 de 10 a 14h<\/p>\n<p><strong>Precio del taller:<\/strong><br \/>\n70\u20ac<\/p>\n<p>Inscripciones antes del 8 de noviembre en L\u2019eix-ample o por transferencia bancaria.<\/p>\n<p>[\/et_pb_text][et_pb_code _builder_version=\u00bb3.17.2&#8243;]&lt;iframe width=&quot;560&quot; height=&quot;315&quot; src=&quot;https:\/\/www.youtube.com\/embed\/cN0eTsNyFW4&quot; frameborder=&quot;0&quot; allow=&quot;accelerometer; autoplay; encrypted-media; gyroscope; picture-in-picture&quot; allowfullscreen&gt;&lt;\/iframe&gt;[\/et_pb_code][et_pb_code _builder_version=\u00bb3.17.2&#8243;]&lt;iframe src=&quot;https:\/\/www.youtube.com\/embed\/iXq8QNcF95Q&quot; allow=&quot;accelerometer; autoplay; encrypted-media; gyroscope; picture-in-picture&quot; allowfullscreen=&quot;&quot; width=&quot;560&quot; height=&quot;315&quot; frameborder=&quot;0&quot;&gt;&lt;\/iframe&gt;[\/et_pb_code][\/et_pb_column][\/et_pb_row][\/et_pb_section][et_pb_section bb_built=\u00bb1&#8243; _builder_version=\u00bb3.0.92&#8243; custom_padding=\u00bb0px|0px|54px|0px\u00bb prev_background_color=\u00bb#000000&#8243;][et_pb_row _builder_version=\u00bb3.0.92&#8243; custom_padding=\u00bb0px|0px|27px|0px\u00bb][et_pb_column type=\u00bb1_2&#8243;][et_pb_image src=\u00bbhttps:\/\/www.glorialerin.com\/terapias\/wp-content\/uploads\/2018\/01\/mandala-metodo-liberacion-corazas-gloria-lerin.jpg\u00bb _builder_version=\u00bb3.17.2&#8243;]<\/p>\n<p>&nbsp;<\/p>\n<p>[\/et_pb_image][\/et_pb_column][et_pb_column type=\u00bb1_2&#8243;][et_pb_contact_form email=\u00bbinfo@glorialerin.com\u00bb title=\u00bb\u00bfTe interesa el taller %22C\u00f3mo respondes a lo que la situaci\u00f3n te pide en \u00e9ste momento%22?\u00bb module_id=\u00bbet_pb_contact_form_0&#8243; _builder_version=\u00bb3.17.2&#8243; title_font=\u00bbMontserrat|700|||||||\u00bb title_font_size=\u00bb16px\u00bb title_line_height=\u00bb2em\u00bb form_field_font=\u00bbMontserrat||||||||\u00bb custom_button=\u00bbon\u00bb button_text_color=\u00bb#626262&#8243; button_font=\u00bbMontserrat||||||||\u00bb][et_pb_contact_field field_id=\u00bbNombre\u00bb field_title=\u00bbNombre*\u00bb fullwidth_field=\u00bbon\u00bb _builder_version=\u00bb3.0.92&#8243; \/][et_pb_contact_field field_id=\u00bbCorreo_electr\u00f3nico\u00bb field_title=\u00bbCorreo electr\u00f3nico*\u00bb fullwidth_field=\u00bbon\u00bb _builder_version=\u00bb3.0.92&#8243; \/][et_pb_contact_field field_id=\u00bbTel\u00e9fono\u00bb field_title=\u00bbTel\u00e9fono\u00bb required_mark=\u00bboff\u00bb fullwidth_field=\u00bbon\u00bb _builder_version=\u00bb3.0.92&#8243; \/][et_pb_contact_field field_id=\u00bbMensaje\u00bb field_title=\u00bbMensaje*\u00bb field_type=\u00bbtext\u00bb fullwidth_field=\u00bbon\u00bb _builder_version=\u00bb3.0.92&#8243; border_radii=\u00bbon||||\u00bb \/][et_pb_contact_field _builder_version=\u00bb3.0.92&#8243; field_id=\u00bbPol\u00edtica_de_privacidad\u00bb field_type=\u00bbcheckbox\u00bb checkbox_checked=\u00bboff\u00bb checkbox_options=\u00bb%91{%22value%22:%22 He le\u00eddo y acepto la pol\u00edtica de privacidad.%22,%22checked%22:0}%93&#8243; radio_options=\u00bb%91{%22value%22:%22%22,%22checked%22:0}%93&#8243; select_options=\u00bb%91{%22value%22:%22%22,%22checked%22:0}%93&#8243; min_length=\u00bb0&#8243; max_length=\u00bb0&#8243; allowed_symbols=\u00bball\u00bb required_mark=\u00bbon\u00bb conditional_logic=\u00bboff\u00bb conditional_logic_relation=\u00bboff\u00bb conditional_logic_rules=\u00bb%91{%22field%22:%22nombre%22,%22condition%22:%22is%22,%22value%22:%22%22}%93&#8243; use_background_color_gradient=\u00bboff\u00bb background_color_gradient_start=\u00bb#2b87da\u00bb background_color_gradient_end=\u00bb#29c4a9&#8243; background_color_gradient_type=\u00bblinear\u00bb background_color_gradient_direction=\u00bb180deg\u00bb background_color_gradient_direction_radial=\u00bbcenter\u00bb background_color_gradient_start_position=\u00bb0%\u00bb background_color_gradient_end_position=\u00bb100%\u00bb background_color_gradient_overlays_image=\u00bboff\u00bb parallax=\u00bboff\u00bb parallax_method=\u00bbon\u00bb background_size=\u00bbcover\u00bb background_position=\u00bbcenter\u00bb background_repeat=\u00bbno-repeat\u00bb background_blend=\u00bbnormal\u00bb allow_player_pause=\u00bboff\u00bb fullwidth_field=\u00bbon\u00bb form_field_font=\u00bb||||||||\u00bb field_title=\u00bb \u00bb \/][\/et_pb_contact_form][\/et_pb_column][\/et_pb_row][\/et_pb_section]<\/p>\n","protected":false},"excerpt":{"rendered":"<p>TALLER DICIEMBRE Basado en Mindfulness y Consciencia Sensorial. Despu\u00e9s de haber asistido, junto con un grupo de estimados amigos, a unos cursos basados en la Consciencia Sensorial impartidos por Lee Klinger-Lesser (USA), he sentido el impulso de seguir explorando en c\u00f3mo respondemos, de la mejor manera posible, a cada una de las situaciones que nos [&hellip;]<\/p>\n","protected":false},"author":1,"featured_media":0,"parent":0,"menu_order":0,"comment_status":"closed","ping_status":"closed","template":"","meta":{"_et_pb_use_builder":"on","_et_pb_old_content":"","_et_gb_content_width":"","footnotes":""},"class_list":["post-1732","page","type-page","status-publish","hentry"],"yoast_head":"<!-- This site is optimized with the Yoast SEO plugin v26.2 - https:\/\/yoast.com\/wordpress\/plugins\/seo\/ -->\n<title>\u00bfC\u00f3mo respondes a lo que la situaci\u00f3n te pide en \u00e9ste momento? - Glora Lerin<\/title>\n<meta name=\"robots\" content=\"index, follow, max-snippet:-1, max-image-preview:large, max-video-preview:-1\" \/>\n<link rel=\"canonical\" href=\"https:\/\/www.glorialerin.com\/terapias\/como-respondes-a-lo-que-la-situacion-te-pide-en-este-momento\/\" \/>\n<meta property=\"og:locale\" content=\"es_ES\" \/>\n<meta property=\"og:type\" content=\"article\" \/>\n<meta property=\"og:title\" content=\"\u00bfC\u00f3mo respondes a lo que la situaci\u00f3n te pide en \u00e9ste momento? - Glora Lerin\" \/>\n<meta property=\"og:description\" content=\"TALLER DICIEMBRE Basado en Mindfulness y Consciencia Sensorial. Despu\u00e9s de haber asistido, junto con un grupo de estimados amigos, a unos cursos basados en la Consciencia Sensorial impartidos por Lee Klinger-Lesser (USA), he sentido el impulso de seguir explorando en c\u00f3mo respondemos, de la mejor manera posible, a cada una de las situaciones que nos [&hellip;]\" \/>\n<meta property=\"og:url\" content=\"https:\/\/www.glorialerin.com\/terapias\/como-respondes-a-lo-que-la-situacion-te-pide-en-este-momento\/\" \/>\n<meta property=\"og:site_name\" content=\"Glora Lerin\" \/>\n<meta property=\"article:modified_time\" content=\"2019-12-05T08:34:06+00:00\" \/>\n<meta name=\"twitter:card\" content=\"summary_large_image\" \/>\n<meta name=\"twitter:label1\" content=\"Tiempo de lectura\" \/>\n\t<meta name=\"twitter:data1\" content=\"8 minutos\" \/>\n<script type=\"application\/ld+json\" class=\"yoast-schema-graph\">{\"@context\":\"https:\/\/schema.org\",\"@graph\":[{\"@type\":\"WebPage\",\"@id\":\"https:\/\/www.glorialerin.com\/terapias\/como-respondes-a-lo-que-la-situacion-te-pide-en-este-momento\/\",\"url\":\"https:\/\/www.glorialerin.com\/terapias\/como-respondes-a-lo-que-la-situacion-te-pide-en-este-momento\/\",\"name\":\"\u00bfC\u00f3mo respondes a lo que la situaci\u00f3n te pide en \u00e9ste momento? - Glora Lerin\",\"isPartOf\":{\"@id\":\"https:\/\/www.glorialerin.com\/terapias\/#website\"},\"datePublished\":\"2019-09-23T15:55:48+00:00\",\"dateModified\":\"2019-12-05T08:34:06+00:00\",\"breadcrumb\":{\"@id\":\"https:\/\/www.glorialerin.com\/terapias\/como-respondes-a-lo-que-la-situacion-te-pide-en-este-momento\/#breadcrumb\"},\"inLanguage\":\"es\",\"potentialAction\":[{\"@type\":\"ReadAction\",\"target\":[\"https:\/\/www.glorialerin.com\/terapias\/como-respondes-a-lo-que-la-situacion-te-pide-en-este-momento\/\"]}]},{\"@type\":\"BreadcrumbList\",\"@id\":\"https:\/\/www.glorialerin.com\/terapias\/como-respondes-a-lo-que-la-situacion-te-pide-en-este-momento\/#breadcrumb\",\"itemListElement\":[{\"@type\":\"ListItem\",\"position\":1,\"name\":\"Portada\",\"item\":\"https:\/\/www.glorialerin.com\/terapias\/\"},{\"@type\":\"ListItem\",\"position\":2,\"name\":\"\u00bfC\u00f3mo respondes a lo que la situaci\u00f3n te pide en \u00e9ste momento?\"}]},{\"@type\":\"WebSite\",\"@id\":\"https:\/\/www.glorialerin.com\/terapias\/#website\",\"url\":\"https:\/\/www.glorialerin.com\/terapias\/\",\"name\":\"Glora Lerin\",\"description\":\"\",\"potentialAction\":[{\"@type\":\"SearchAction\",\"target\":{\"@type\":\"EntryPoint\",\"urlTemplate\":\"https:\/\/www.glorialerin.com\/terapias\/?s={search_term_string}\"},\"query-input\":{\"@type\":\"PropertyValueSpecification\",\"valueRequired\":true,\"valueName\":\"search_term_string\"}}],\"inLanguage\":\"es\"}]}<\/script>\n<!-- \/ Yoast SEO plugin. -->","yoast_head_json":{"title":"\u00bfC\u00f3mo respondes a lo que la situaci\u00f3n te pide en \u00e9ste momento? - Glora Lerin","robots":{"index":"index","follow":"follow","max-snippet":"max-snippet:-1","max-image-preview":"max-image-preview:large","max-video-preview":"max-video-preview:-1"},"canonical":"https:\/\/www.glorialerin.com\/terapias\/como-respondes-a-lo-que-la-situacion-te-pide-en-este-momento\/","og_locale":"es_ES","og_type":"article","og_title":"\u00bfC\u00f3mo respondes a lo que la situaci\u00f3n te pide en \u00e9ste momento? - Glora Lerin","og_description":"TALLER DICIEMBRE Basado en Mindfulness y Consciencia Sensorial. Despu\u00e9s de haber asistido, junto con un grupo de estimados amigos, a unos cursos basados en la Consciencia Sensorial impartidos por Lee Klinger-Lesser (USA), he sentido el impulso de seguir explorando en c\u00f3mo respondemos, de la mejor manera posible, a cada una de las situaciones que nos [&hellip;]","og_url":"https:\/\/www.glorialerin.com\/terapias\/como-respondes-a-lo-que-la-situacion-te-pide-en-este-momento\/","og_site_name":"Glora Lerin","article_modified_time":"2019-12-05T08:34:06+00:00","twitter_card":"summary_large_image","twitter_misc":{"Tiempo de lectura":"8 minutos"},"schema":{"@context":"https:\/\/schema.org","@graph":[{"@type":"WebPage","@id":"https:\/\/www.glorialerin.com\/terapias\/como-respondes-a-lo-que-la-situacion-te-pide-en-este-momento\/","url":"https:\/\/www.glorialerin.com\/terapias\/como-respondes-a-lo-que-la-situacion-te-pide-en-este-momento\/","name":"\u00bfC\u00f3mo respondes a lo que la situaci\u00f3n te pide en \u00e9ste momento? - Glora Lerin","isPartOf":{"@id":"https:\/\/www.glorialerin.com\/terapias\/#website"},"datePublished":"2019-09-23T15:55:48+00:00","dateModified":"2019-12-05T08:34:06+00:00","breadcrumb":{"@id":"https:\/\/www.glorialerin.com\/terapias\/como-respondes-a-lo-que-la-situacion-te-pide-en-este-momento\/#breadcrumb"},"inLanguage":"es","potentialAction":[{"@type":"ReadAction","target":["https:\/\/www.glorialerin.com\/terapias\/como-respondes-a-lo-que-la-situacion-te-pide-en-este-momento\/"]}]},{"@type":"BreadcrumbList","@id":"https:\/\/www.glorialerin.com\/terapias\/como-respondes-a-lo-que-la-situacion-te-pide-en-este-momento\/#breadcrumb","itemListElement":[{"@type":"ListItem","position":1,"name":"Portada","item":"https:\/\/www.glorialerin.com\/terapias\/"},{"@type":"ListItem","position":2,"name":"\u00bfC\u00f3mo respondes a lo que la situaci\u00f3n te pide en \u00e9ste momento?"}]},{"@type":"WebSite","@id":"https:\/\/www.glorialerin.com\/terapias\/#website","url":"https:\/\/www.glorialerin.com\/terapias\/","name":"Glora Lerin","description":"","potentialAction":[{"@type":"SearchAction","target":{"@type":"EntryPoint","urlTemplate":"https:\/\/www.glorialerin.com\/terapias\/?s={search_term_string}"},"query-input":{"@type":"PropertyValueSpecification","valueRequired":true,"valueName":"search_term_string"}}],"inLanguage":"es"}]}},"_links":{"self":[{"href":"https:\/\/www.glorialerin.com\/terapias\/wp-json\/wp\/v2\/pages\/1732","targetHints":{"allow":["GET"]}}],"collection":[{"href":"https:\/\/www.glorialerin.com\/terapias\/wp-json\/wp\/v2\/pages"}],"about":[{"href":"https:\/\/www.glorialerin.com\/terapias\/wp-json\/wp\/v2\/types\/page"}],"author":[{"embeddable":true,"href":"https:\/\/www.glorialerin.com\/terapias\/wp-json\/wp\/v2\/users\/1"}],"replies":[{"embeddable":true,"href":"https:\/\/www.glorialerin.com\/terapias\/wp-json\/wp\/v2\/comments?post=1732"}],"version-history":[{"count":8,"href":"https:\/\/www.glorialerin.com\/terapias\/wp-json\/wp\/v2\/pages\/1732\/revisions"}],"predecessor-version":[{"id":1791,"href":"https:\/\/www.glorialerin.com\/terapias\/wp-json\/wp\/v2\/pages\/1732\/revisions\/1791"}],"wp:attachment":[{"href":"https:\/\/www.glorialerin.com\/terapias\/wp-json\/wp\/v2\/media?parent=1732"}],"curies":[{"name":"wp","href":"https:\/\/api.w.org\/{rel}","templated":true}]}}