{"id":1693,"date":"2019-07-08T10:18:54","date_gmt":"2019-07-08T10:18:54","guid":{"rendered":"https:\/\/www.glorialerin.com\/terapias\/los-pilares-del-ser-el-soporte-profundo-de-nuestra-columna-lumbar-2\/"},"modified":"2019-10-22T14:05:44","modified_gmt":"2019-10-22T14:05:44","slug":"los-pilares-del-corazon-el-soporte-de-la-cintura-escapular-y-la-cabeza","status":"publish","type":"page","link":"https:\/\/www.glorialerin.com\/terapias\/los-pilares-del-corazon-el-soporte-de-la-cintura-escapular-y-la-cabeza\/","title":{"rendered":"\u201cLos Pilares del Coraz\u00f3n\u201d El soporte de la cintura escapular y la cabeza"},"content":{"rendered":"<p>[et_pb_section bb_built=\u00bb1&#8243; fullwidth=\u00bbon\u00bb _builder_version=\u00bb3.17.2&#8243; next_background_color=\u00bb#000000&#8243;][et_pb_fullwidth_slider _builder_version=\u00bb3.17.2&#8243; custom_padding=\u00bb|0px||0px\u00bb box_shadow_blur=\u00bb10px\u00bb box_shadow_color=\u00bbrgba(0,0,0,0.1)\u00bb button_text_size__hover_enabled=\u00bboff\u00bb button_text_size__hover=\u00bbnull\u00bb button_one_text_size__hover_enabled=\u00bboff\u00bb button_one_text_size__hover=\u00bbnull\u00bb button_two_text_size__hover_enabled=\u00bboff\u00bb button_two_text_size__hover=\u00bbnull\u00bb button_text_color__hover_enabled=\u00bboff\u00bb button_text_color__hover=\u00bbnull\u00bb button_one_text_color__hover_enabled=\u00bboff\u00bb button_one_text_color__hover=\u00bbnull\u00bb button_two_text_color__hover_enabled=\u00bboff\u00bb button_two_text_color__hover=\u00bbnull\u00bb button_border_width__hover_enabled=\u00bboff\u00bb button_border_width__hover=\u00bbnull\u00bb button_one_border_width__hover_enabled=\u00bboff\u00bb button_one_border_width__hover=\u00bbnull\u00bb button_two_border_width__hover_enabled=\u00bboff\u00bb button_two_border_width__hover=\u00bbnull\u00bb button_border_color__hover_enabled=\u00bboff\u00bb button_border_color__hover=\u00bbnull\u00bb button_one_border_color__hover_enabled=\u00bboff\u00bb button_one_border_color__hover=\u00bbnull\u00bb button_two_border_color__hover_enabled=\u00bboff\u00bb button_two_border_color__hover=\u00bbnull\u00bb button_border_radius__hover_enabled=\u00bboff\u00bb button_border_radius__hover=\u00bbnull\u00bb button_one_border_radius__hover_enabled=\u00bboff\u00bb button_one_border_radius__hover=\u00bbnull\u00bb button_two_border_radius__hover_enabled=\u00bboff\u00bb button_two_border_radius__hover=\u00bbnull\u00bb button_letter_spacing__hover_enabled=\u00bboff\u00bb button_letter_spacing__hover=\u00bbnull\u00bb button_one_letter_spacing__hover_enabled=\u00bboff\u00bb button_one_letter_spacing__hover=\u00bbnull\u00bb button_two_letter_spacing__hover_enabled=\u00bboff\u00bb button_two_letter_spacing__hover=\u00bbnull\u00bb button_bg_color__hover_enabled=\u00bboff\u00bb button_bg_color__hover=\u00bbnull\u00bb button_one_bg_color__hover_enabled=\u00bboff\u00bb button_one_bg_color__hover=\u00bbnull\u00bb button_two_bg_color__hover_enabled=\u00bboff\u00bb button_two_bg_color__hover=\u00bbnull\u00bb][et_pb_slide heading=\u00bb\u201cLOS PILARES DEL CORAZ\u00d3N\u201d EL SOPORTE DE LA CINTURA ESCAPULAR Y LA CABEZA\u00bb use_bg_overlay=\u00bboff\u00bb use_text_overlay=\u00bboff\u00bb _builder_version=\u00bb3.17.2&#8243; header_font=\u00bbMontserrat|700|||||||\u00bb header_font_size=\u00bb50px\u00bb header_font_size_tablet=\u00bb50px\u00bb header_font_size_phone=\u00bb50px\u00bb body_font=\u00bbMontserrat|700|||||||\u00bb body_font_size=\u00bb20px\u00bb body_font_size_tablet=\u00bb20px\u00bb body_font_size_phone=\u00bb20px\u00bb use_background_color_gradient=\u00bbon\u00bb background_color_gradient_start=\u00bb#ffffff\u00bb background_color_gradient_end=\u00bb#ffffff\u00bb background_image=\u00bbhttps:\/\/www.glorialerin.com\/terapias\/wp-content\/uploads\/2019\/07\/los-pilares-del-corazon-gloria-lerin.jpg\u00bb button_link=\u00bb#\u00bb url_new_window=\u00bboff\u00bb link_option_url_new_window=\u00bboff\u00bb background_color=\u00bb#f6eff9&#8243; background_color_gradient_type=\u00bblinear\u00bb background_color_gradient_direction=\u00bb180deg\u00bb background_color_gradient_direction_radial=\u00bbcenter\u00bb background_color_gradient_start_position=\u00bb0%\u00bb background_color_gradient_end_position=\u00bb100%\u00bb background_color_gradient_overlays_image=\u00bboff\u00bb parallax=\u00bboff\u00bb parallax_method=\u00bbon\u00bb background_size=\u00bbcover\u00bb background_position=\u00bbcenter\u00bb background_repeat=\u00bbno-repeat\u00bb background_blend=\u00bbnormal\u00bb allow_player_pause=\u00bboff\u00bb background_video_pause_outside_viewport=\u00bbon\u00bb text_border_radius=\u00bb3&#8243; alignment=\u00bbcenter\u00bb child_filter_hue_rotate=\u00bb0deg\u00bb child_filter_saturate=\u00bb100%\u00bb child_filter_brightness=\u00bb100%\u00bb child_filter_contrast=\u00bb100%\u00bb child_filter_invert=\u00bb0%\u00bb child_filter_sepia=\u00bb0%\u00bb child_filter_opacity=\u00bb100%\u00bb child_filter_blur=\u00bb0px\u00bb child_mix_blend_mode=\u00bbnormal\u00bb background_layout=\u00bbdark\u00bb text_shadow_style=\u00bbnone\u00bb header_text_shadow_style=\u00bbnone\u00bb body_text_shadow_style=\u00bbnone\u00bb custom_button=\u00bboff\u00bb button_bg_use_color_gradient=\u00bboff\u00bb button_bg_color_gradient_overlays_image=\u00bboff\u00bb button_use_icon=\u00bbon\u00bb button_on_hover=\u00bbon\u00bb button_text_shadow_style=\u00bbnone\u00bb box_shadow_style_button=\u00bbnone\u00bb hover_transition_duration=\u00bb300ms\u00bb hover_transition_delay=\u00bb0ms\u00bb hover_transition_speed_curve=\u00bbease\u00bb text_shadow_horizontal_length=\u00bb0em\u00bb text_shadow_vertical_length=\u00bb0em\u00bb text_shadow_blur_strength=\u00bb0em\u00bb header_text_shadow_horizontal_length=\u00bb0em\u00bb header_text_shadow_vertical_length=\u00bb0em\u00bb header_text_shadow_blur_strength=\u00bb0em\u00bb body_text_shadow_horizontal_length=\u00bb0em\u00bb body_text_shadow_vertical_length=\u00bb0em\u00bb body_text_shadow_blur_strength=\u00bb0em\u00bb button_text_shadow_horizontal_length=\u00bb0em\u00bb button_text_shadow_vertical_length=\u00bb0em\u00bb button_text_shadow_blur_strength=\u00bb0em\u00bb custom_padding_tablet=\u00bb50px||50px|\u00bb custom_padding_phone=\u00bb50px||50px|\u00bb custom_padding=\u00bb210px||210px|\u00bb header_text_color=\u00bb#ffffff\u00bb body_text_color=\u00bb#ffffff\u00bb]<\/p>\n<p>TALLER NOVIEMBRE<\/p>\n<p>[\/et_pb_slide][\/et_pb_fullwidth_slider][\/et_pb_section][et_pb_section bb_built=\u00bb1&#8243; _builder_version=\u00bb3.0.92&#8243; custom_padding=\u00bb54px|0px|30px|0px\u00bb prev_background_color=\u00bb#000000&#8243; next_background_color=\u00bb#000000&#8243;][et_pb_row _builder_version=\u00bb3.0.92&#8243;][et_pb_column type=\u00bb1_2&#8243;][et_pb_text _builder_version=\u00bb3.17.2&#8243;]<\/p>\n<p><strong>Basado en el \u201cM\u00e9todo de liberaci\u00f3n de las corazas\u201d.<\/strong><\/p>\n<p>Los Pilares del Coraz\u00f3n son dos m\u00fasculos, el Romboides y el Largo del cuello que junto con  los Pectorales ayudan a encontrar el asiento de la cintura escapular y la cabeza.<\/p>\n<p>Si los pectorales est\u00e1n acortados, los Romboides se estiran y los hombros se avanzan, hacen una rotaci\u00f3n interna. La persona puede adoptar una actitud de v\u00edctima, de sumisi\u00f3n con dificultad de inspirar profundamente, para entrar a la vida y vivirla plenamente.Son personas sensitivas, intuitivas, sentimentales, con una mirada puesta hacia su interior. Se despiertan en ellas la tristeza, la c\u00f3lera, la pena , la vulnerabilidad.<\/p>\n<p>La postura de v\u00edctima conlleva que la persona siente que lleva un peso, que la vida es dura, que lo que le sucede es culpa de los dem\u00e1s, est\u00e1 inmersa en la coraza del mal amado.<\/p>\n<p>Cuando los Romboides est\u00e1n contracturados los pectorales se alargan y la persona puede adoptar la postura de Perseguidor o de Salvador. La postura corporal es de poder, de dominio como la imagen de Tarz\u00e1n. En el fondo hay una gran inseguridad que esconde adoptando estas posiciones de protecci\u00f3n. Pueden haber reacciones emocionales como la c\u00f3lera, la agresividad, dolor e impotencia. Hay una dificultad a soltar el aire, a desapegarse del pasado, a transformar las creencias, la persona es demasiado anal\u00edtica y cerebral.<\/p>\n<p>En \u00e9ste taller vamos a explorar los mecanismos de defensa de la personalidad cuando entramos en ser una v\u00edctima, un perseguidor o un salvador con  uno mismo y con los dem\u00e1s. Veremos las posturas que adoptamos cuando tomamos un rol de este tri\u00e1ngulo, los m\u00fasculos que participan, las emociones que est\u00e1n alojadas y las creencias que llevan.<\/p>\n<p>El \u201cM\u00e9todo de liberaci\u00f3n de las corazas\u201d de Marie Lise Labont\u00e9 y la \u201c Anatom\u00eda para el movimiento\u201d de Blandine Calais-Germain son las herramientas que utilizaremos para la exploraci\u00f3n.<\/p>\n<p><strong><br \/>\nImpartido por Gloria Lerin<br \/>\nLugar: L\u2019eix-ample. C\/ Bruc 125 bajos. Barcelona<br \/>\nTel\u00e9fono: 93 457 61 40<br \/>\ninfo@glorialerin.com \/ www.glorialerin.com <\/strong><\/p>\n<p>[\/et_pb_text][\/et_pb_column][et_pb_column type=\u00bb1_2&#8243;][et_pb_text _builder_version=\u00bb3.17.2&#8243;]<\/p>\n<p><strong>Fecha:<\/strong><br \/>\nS\u00e1bado 16 de noviembre 2019 de 10 a 14h<\/p>\n<p><strong>Precio del taller:<\/strong><br \/>\n70\u20ac<\/p>\n<p>Inscripciones antes del 8 de noviembre en L\u2019eix-ample o por transferencia bancaria.<\/p>\n<p>[\/et_pb_text][et_pb_text _builder_version=\u00bb3.17.2&#8243;]<\/p>\n<p><iframe loading=\"lazy\" width=\"560\" height=\"315\" src=\"https:\/\/www.youtube.com\/embed\/byxHOvt9Y4U\" frameborder=\"0\" allow=\"accelerometer; autoplay; encrypted-media; gyroscope; picture-in-picture\" allowfullscreen><\/iframe><\/p>\n<p>[\/et_pb_text][\/et_pb_column][\/et_pb_row][\/et_pb_section][et_pb_section bb_built=\u00bb1&#8243; _builder_version=\u00bb3.0.92&#8243; custom_padding=\u00bb0px|0px|54px|0px\u00bb prev_background_color=\u00bb#000000&#8243;][et_pb_row _builder_version=\u00bb3.0.92&#8243; custom_padding=\u00bb0px|0px|27px|0px\u00bb][et_pb_column type=\u00bb1_2&#8243;][et_pb_image src=\u00bbhttps:\/\/www.glorialerin.com\/terapias\/wp-content\/uploads\/2018\/01\/mandala-parental-gloria-lerin.jpg\u00bb _builder_version=\u00bb3.17.2&#8243;]<\/p>\n<p>&nbsp;<\/p>\n<p>[\/et_pb_image][\/et_pb_column][et_pb_column type=\u00bb1_2&#8243;][et_pb_contact_form email=\u00bbinfo@glorialerin.com\u00bb title=\u00bb\u00bfTe interesa \u201cLos Pilares del Coraz\u00f3n\u201d El soporte de la cintura escapular y la cabeza?\u00bb module_id=\u00bbet_pb_contact_form_0&#8243; _builder_version=\u00bb3.17.2&#8243; title_font=\u00bbMontserrat|700|||||||\u00bb title_font_size=\u00bb16px\u00bb title_line_height=\u00bb2em\u00bb form_field_font=\u00bbMontserrat||||||||\u00bb custom_button=\u00bbon\u00bb button_text_color=\u00bb#626262&#8243; button_font=\u00bbMontserrat||||||||\u00bb][et_pb_contact_field field_id=\u00bbNombre\u00bb field_title=\u00bbNombre*\u00bb fullwidth_field=\u00bbon\u00bb _builder_version=\u00bb3.0.92&#8243; \/][et_pb_contact_field field_id=\u00bbCorreo_electr\u00f3nico\u00bb field_title=\u00bbCorreo electr\u00f3nico*\u00bb fullwidth_field=\u00bbon\u00bb _builder_version=\u00bb3.0.92&#8243; \/][et_pb_contact_field field_id=\u00bbTel\u00e9fono\u00bb field_title=\u00bbTel\u00e9fono\u00bb required_mark=\u00bboff\u00bb fullwidth_field=\u00bbon\u00bb _builder_version=\u00bb3.0.92&#8243; \/][et_pb_contact_field field_id=\u00bbMensaje\u00bb field_title=\u00bbMensaje*\u00bb field_type=\u00bbtext\u00bb fullwidth_field=\u00bbon\u00bb _builder_version=\u00bb3.0.92&#8243; border_radii=\u00bbon||||\u00bb \/][et_pb_contact_field _builder_version=\u00bb3.0.92&#8243; field_id=\u00bbPol\u00edtica_de_privacidad\u00bb field_type=\u00bbcheckbox\u00bb checkbox_checked=\u00bboff\u00bb checkbox_options=\u00bb%91{%22value%22:%22 He le\u00eddo y acepto la pol\u00edtica de privacidad.%22,%22checked%22:0}%93&#8243; radio_options=\u00bb%91{%22value%22:%22%22,%22checked%22:0}%93&#8243; select_options=\u00bb%91{%22value%22:%22%22,%22checked%22:0}%93&#8243; min_length=\u00bb0&#8243; max_length=\u00bb0&#8243; allowed_symbols=\u00bball\u00bb required_mark=\u00bbon\u00bb conditional_logic=\u00bboff\u00bb conditional_logic_relation=\u00bboff\u00bb conditional_logic_rules=\u00bb%91{%22field%22:%22nombre%22,%22condition%22:%22is%22,%22value%22:%22%22}%93&#8243; use_background_color_gradient=\u00bboff\u00bb background_color_gradient_start=\u00bb#2b87da\u00bb background_color_gradient_end=\u00bb#29c4a9&#8243; background_color_gradient_type=\u00bblinear\u00bb background_color_gradient_direction=\u00bb180deg\u00bb background_color_gradient_direction_radial=\u00bbcenter\u00bb background_color_gradient_start_position=\u00bb0%\u00bb background_color_gradient_end_position=\u00bb100%\u00bb background_color_gradient_overlays_image=\u00bboff\u00bb parallax=\u00bboff\u00bb parallax_method=\u00bbon\u00bb background_size=\u00bbcover\u00bb background_position=\u00bbcenter\u00bb background_repeat=\u00bbno-repeat\u00bb background_blend=\u00bbnormal\u00bb allow_player_pause=\u00bboff\u00bb fullwidth_field=\u00bbon\u00bb form_field_font=\u00bb||||||||\u00bb field_title=\u00bb \u00bb \/][\/et_pb_contact_form][\/et_pb_column][\/et_pb_row][\/et_pb_section]<\/p>\n","protected":false},"excerpt":{"rendered":"<p>TALLER NOVIEMBRE Basado en el \u201cM\u00e9todo de liberaci\u00f3n de las corazas\u201d. Los Pilares del Coraz\u00f3n son dos m\u00fasculos, el Romboides y el Largo del cuello que junto con los Pectorales ayudan a encontrar el asiento de la cintura escapular y la cabeza. Si los pectorales est\u00e1n acortados, los Romboides se estiran y los hombros se [&hellip;]<\/p>\n","protected":false},"author":1,"featured_media":0,"parent":0,"menu_order":0,"comment_status":"closed","ping_status":"closed","template":"","meta":{"_et_pb_use_builder":"on","_et_pb_old_content":"","_et_gb_content_width":"","footnotes":""},"class_list":["post-1693","page","type-page","status-publish","hentry"],"yoast_head":"<!-- This site is optimized with the Yoast SEO plugin v26.2 - https:\/\/yoast.com\/wordpress\/plugins\/seo\/ -->\n<title>\u201cLos Pilares del Coraz\u00f3n\u201d El soporte de la cintura escapular y la cabeza - Glora Lerin<\/title>\n<meta name=\"robots\" content=\"index, follow, max-snippet:-1, max-image-preview:large, max-video-preview:-1\" \/>\n<link rel=\"canonical\" href=\"https:\/\/www.glorialerin.com\/terapias\/los-pilares-del-corazon-el-soporte-de-la-cintura-escapular-y-la-cabeza\/\" \/>\n<meta property=\"og:locale\" content=\"es_ES\" \/>\n<meta property=\"og:type\" content=\"article\" \/>\n<meta property=\"og:title\" content=\"\u201cLos Pilares del Coraz\u00f3n\u201d El soporte de la cintura escapular y la cabeza - Glora Lerin\" \/>\n<meta property=\"og:description\" content=\"TALLER NOVIEMBRE Basado en el \u201cM\u00e9todo de liberaci\u00f3n de las corazas\u201d. Los Pilares del Coraz\u00f3n son dos m\u00fasculos, el Romboides y el Largo del cuello que junto con los Pectorales ayudan a encontrar el asiento de la cintura escapular y la cabeza. Si los pectorales est\u00e1n acortados, los Romboides se estiran y los hombros se [&hellip;]\" \/>\n<meta property=\"og:url\" content=\"https:\/\/www.glorialerin.com\/terapias\/los-pilares-del-corazon-el-soporte-de-la-cintura-escapular-y-la-cabeza\/\" \/>\n<meta property=\"og:site_name\" content=\"Glora Lerin\" \/>\n<meta property=\"article:modified_time\" content=\"2019-10-22T14:05:44+00:00\" \/>\n<meta name=\"twitter:card\" content=\"summary_large_image\" \/>\n<meta name=\"twitter:label1\" content=\"Tiempo de lectura\" \/>\n\t<meta name=\"twitter:data1\" content=\"7 minutos\" \/>\n<script type=\"application\/ld+json\" class=\"yoast-schema-graph\">{\"@context\":\"https:\/\/schema.org\",\"@graph\":[{\"@type\":\"WebPage\",\"@id\":\"https:\/\/www.glorialerin.com\/terapias\/los-pilares-del-corazon-el-soporte-de-la-cintura-escapular-y-la-cabeza\/\",\"url\":\"https:\/\/www.glorialerin.com\/terapias\/los-pilares-del-corazon-el-soporte-de-la-cintura-escapular-y-la-cabeza\/\",\"name\":\"\u201cLos Pilares del Coraz\u00f3n\u201d El soporte de la cintura escapular y la cabeza - Glora Lerin\",\"isPartOf\":{\"@id\":\"https:\/\/www.glorialerin.com\/terapias\/#website\"},\"datePublished\":\"2019-07-08T10:18:54+00:00\",\"dateModified\":\"2019-10-22T14:05:44+00:00\",\"breadcrumb\":{\"@id\":\"https:\/\/www.glorialerin.com\/terapias\/los-pilares-del-corazon-el-soporte-de-la-cintura-escapular-y-la-cabeza\/#breadcrumb\"},\"inLanguage\":\"es\",\"potentialAction\":[{\"@type\":\"ReadAction\",\"target\":[\"https:\/\/www.glorialerin.com\/terapias\/los-pilares-del-corazon-el-soporte-de-la-cintura-escapular-y-la-cabeza\/\"]}]},{\"@type\":\"BreadcrumbList\",\"@id\":\"https:\/\/www.glorialerin.com\/terapias\/los-pilares-del-corazon-el-soporte-de-la-cintura-escapular-y-la-cabeza\/#breadcrumb\",\"itemListElement\":[{\"@type\":\"ListItem\",\"position\":1,\"name\":\"Portada\",\"item\":\"https:\/\/www.glorialerin.com\/terapias\/\"},{\"@type\":\"ListItem\",\"position\":2,\"name\":\"\u201cLos Pilares del Coraz\u00f3n\u201d El soporte de la cintura escapular y la cabeza\"}]},{\"@type\":\"WebSite\",\"@id\":\"https:\/\/www.glorialerin.com\/terapias\/#website\",\"url\":\"https:\/\/www.glorialerin.com\/terapias\/\",\"name\":\"Glora Lerin\",\"description\":\"\",\"potentialAction\":[{\"@type\":\"SearchAction\",\"target\":{\"@type\":\"EntryPoint\",\"urlTemplate\":\"https:\/\/www.glorialerin.com\/terapias\/?s={search_term_string}\"},\"query-input\":{\"@type\":\"PropertyValueSpecification\",\"valueRequired\":true,\"valueName\":\"search_term_string\"}}],\"inLanguage\":\"es\"}]}<\/script>\n<!-- \/ Yoast SEO plugin. -->","yoast_head_json":{"title":"\u201cLos Pilares del Coraz\u00f3n\u201d El soporte de la cintura escapular y la cabeza - Glora Lerin","robots":{"index":"index","follow":"follow","max-snippet":"max-snippet:-1","max-image-preview":"max-image-preview:large","max-video-preview":"max-video-preview:-1"},"canonical":"https:\/\/www.glorialerin.com\/terapias\/los-pilares-del-corazon-el-soporte-de-la-cintura-escapular-y-la-cabeza\/","og_locale":"es_ES","og_type":"article","og_title":"\u201cLos Pilares del Coraz\u00f3n\u201d El soporte de la cintura escapular y la cabeza - Glora Lerin","og_description":"TALLER NOVIEMBRE Basado en el \u201cM\u00e9todo de liberaci\u00f3n de las corazas\u201d. Los Pilares del Coraz\u00f3n son dos m\u00fasculos, el Romboides y el Largo del cuello que junto con los Pectorales ayudan a encontrar el asiento de la cintura escapular y la cabeza. Si los pectorales est\u00e1n acortados, los Romboides se estiran y los hombros se [&hellip;]","og_url":"https:\/\/www.glorialerin.com\/terapias\/los-pilares-del-corazon-el-soporte-de-la-cintura-escapular-y-la-cabeza\/","og_site_name":"Glora Lerin","article_modified_time":"2019-10-22T14:05:44+00:00","twitter_card":"summary_large_image","twitter_misc":{"Tiempo de lectura":"7 minutos"},"schema":{"@context":"https:\/\/schema.org","@graph":[{"@type":"WebPage","@id":"https:\/\/www.glorialerin.com\/terapias\/los-pilares-del-corazon-el-soporte-de-la-cintura-escapular-y-la-cabeza\/","url":"https:\/\/www.glorialerin.com\/terapias\/los-pilares-del-corazon-el-soporte-de-la-cintura-escapular-y-la-cabeza\/","name":"\u201cLos Pilares del Coraz\u00f3n\u201d El soporte de la cintura escapular y la cabeza - Glora Lerin","isPartOf":{"@id":"https:\/\/www.glorialerin.com\/terapias\/#website"},"datePublished":"2019-07-08T10:18:54+00:00","dateModified":"2019-10-22T14:05:44+00:00","breadcrumb":{"@id":"https:\/\/www.glorialerin.com\/terapias\/los-pilares-del-corazon-el-soporte-de-la-cintura-escapular-y-la-cabeza\/#breadcrumb"},"inLanguage":"es","potentialAction":[{"@type":"ReadAction","target":["https:\/\/www.glorialerin.com\/terapias\/los-pilares-del-corazon-el-soporte-de-la-cintura-escapular-y-la-cabeza\/"]}]},{"@type":"BreadcrumbList","@id":"https:\/\/www.glorialerin.com\/terapias\/los-pilares-del-corazon-el-soporte-de-la-cintura-escapular-y-la-cabeza\/#breadcrumb","itemListElement":[{"@type":"ListItem","position":1,"name":"Portada","item":"https:\/\/www.glorialerin.com\/terapias\/"},{"@type":"ListItem","position":2,"name":"\u201cLos Pilares del Coraz\u00f3n\u201d El soporte de la cintura escapular y la cabeza"}]},{"@type":"WebSite","@id":"https:\/\/www.glorialerin.com\/terapias\/#website","url":"https:\/\/www.glorialerin.com\/terapias\/","name":"Glora Lerin","description":"","potentialAction":[{"@type":"SearchAction","target":{"@type":"EntryPoint","urlTemplate":"https:\/\/www.glorialerin.com\/terapias\/?s={search_term_string}"},"query-input":{"@type":"PropertyValueSpecification","valueRequired":true,"valueName":"search_term_string"}}],"inLanguage":"es"}]}},"_links":{"self":[{"href":"https:\/\/www.glorialerin.com\/terapias\/wp-json\/wp\/v2\/pages\/1693","targetHints":{"allow":["GET"]}}],"collection":[{"href":"https:\/\/www.glorialerin.com\/terapias\/wp-json\/wp\/v2\/pages"}],"about":[{"href":"https:\/\/www.glorialerin.com\/terapias\/wp-json\/wp\/v2\/types\/page"}],"author":[{"embeddable":true,"href":"https:\/\/www.glorialerin.com\/terapias\/wp-json\/wp\/v2\/users\/1"}],"replies":[{"embeddable":true,"href":"https:\/\/www.glorialerin.com\/terapias\/wp-json\/wp\/v2\/comments?post=1693"}],"version-history":[{"count":4,"href":"https:\/\/www.glorialerin.com\/terapias\/wp-json\/wp\/v2\/pages\/1693\/revisions"}],"predecessor-version":[{"id":1758,"href":"https:\/\/www.glorialerin.com\/terapias\/wp-json\/wp\/v2\/pages\/1693\/revisions\/1758"}],"wp:attachment":[{"href":"https:\/\/www.glorialerin.com\/terapias\/wp-json\/wp\/v2\/media?parent=1693"}],"curies":[{"name":"wp","href":"https:\/\/api.w.org\/{rel}","templated":true}]}}