{"id":1507,"date":"2018-12-11T15:18:55","date_gmt":"2018-12-11T15:18:55","guid":{"rendered":"https:\/\/www.glorialerin.com\/terapias\/el-encuentro-con-nuestro-nino-interior-2\/"},"modified":"2018-12-31T10:07:13","modified_gmt":"2018-12-31T10:07:13","slug":"la-columna-vertebral-un-soporte-esencial-para-nuestra-espalda","status":"publish","type":"page","link":"https:\/\/www.glorialerin.com\/terapias\/la-columna-vertebral-un-soporte-esencial-para-nuestra-espalda\/","title":{"rendered":"La columna vertebral, un soporte esencial para nuestra espalda"},"content":{"rendered":"<p>[et_pb_section bb_built=\u00bb1&#8243; fullwidth=\u00bbon\u00bb _builder_version=\u00bb3.0.92&#8243; next_background_color=\u00bb#000000&#8243;][et_pb_fullwidth_slider _builder_version=\u00bb3.17.2&#8243; custom_padding=\u00bb|0px||0px\u00bb box_shadow_blur=\u00bb10px\u00bb box_shadow_color=\u00bbrgba(0,0,0,0.1)\u00bb button_text_size__hover_enabled=\u00bboff\u00bb button_text_size__hover=\u00bbnull\u00bb button_one_text_size__hover_enabled=\u00bboff\u00bb button_one_text_size__hover=\u00bbnull\u00bb button_two_text_size__hover_enabled=\u00bboff\u00bb button_two_text_size__hover=\u00bbnull\u00bb button_text_color__hover_enabled=\u00bboff\u00bb button_text_color__hover=\u00bbnull\u00bb button_one_text_color__hover_enabled=\u00bboff\u00bb button_one_text_color__hover=\u00bbnull\u00bb button_two_text_color__hover_enabled=\u00bboff\u00bb button_two_text_color__hover=\u00bbnull\u00bb button_border_width__hover_enabled=\u00bboff\u00bb button_border_width__hover=\u00bbnull\u00bb button_one_border_width__hover_enabled=\u00bboff\u00bb button_one_border_width__hover=\u00bbnull\u00bb button_two_border_width__hover_enabled=\u00bboff\u00bb button_two_border_width__hover=\u00bbnull\u00bb button_border_color__hover_enabled=\u00bboff\u00bb button_border_color__hover=\u00bbnull\u00bb button_one_border_color__hover_enabled=\u00bboff\u00bb button_one_border_color__hover=\u00bbnull\u00bb button_two_border_color__hover_enabled=\u00bboff\u00bb button_two_border_color__hover=\u00bbnull\u00bb button_border_radius__hover_enabled=\u00bboff\u00bb button_border_radius__hover=\u00bbnull\u00bb button_one_border_radius__hover_enabled=\u00bboff\u00bb button_one_border_radius__hover=\u00bbnull\u00bb button_two_border_radius__hover_enabled=\u00bboff\u00bb button_two_border_radius__hover=\u00bbnull\u00bb button_letter_spacing__hover_enabled=\u00bboff\u00bb button_letter_spacing__hover=\u00bbnull\u00bb button_one_letter_spacing__hover_enabled=\u00bboff\u00bb button_one_letter_spacing__hover=\u00bbnull\u00bb button_two_letter_spacing__hover_enabled=\u00bboff\u00bb button_two_letter_spacing__hover=\u00bbnull\u00bb button_bg_color__hover_enabled=\u00bboff\u00bb button_bg_color__hover=\u00bbnull\u00bb button_one_bg_color__hover_enabled=\u00bboff\u00bb button_one_bg_color__hover=\u00bbnull\u00bb button_two_bg_color__hover_enabled=\u00bboff\u00bb button_two_bg_color__hover=\u00bbnull\u00bb][et_pb_slide heading=\u00bbLA  COLUMNA VERTEBRAL, UN SOPORTE ESENCIAL PARA NUESTRA ESPALDA\u00bb use_bg_overlay=\u00bboff\u00bb use_text_overlay=\u00bboff\u00bb _builder_version=\u00bb3.17.2&#8243; header_font=\u00bbMontserrat|700|||||||\u00bb header_font_size=\u00bb50px\u00bb header_font_size_tablet=\u00bb50px\u00bb header_font_size_phone=\u00bb50px\u00bb body_font=\u00bbMontserrat||||||||\u00bb body_font_size=\u00bb20px\u00bb body_font_size_tablet=\u00bb20px\u00bb body_font_size_phone=\u00bb20px\u00bb use_background_color_gradient=\u00bbon\u00bb background_color_gradient_start=\u00bb#ffffff\u00bb background_color_gradient_end=\u00bb#ffffff\u00bb background_image=\u00bbhttps:\/\/www.glorialerin.com\/terapias\/wp-content\/uploads\/2018\/12\/la-columna-vertebral-un-soporte-esencial-para-nuestra-espalda-taller-2019-gloria-lerin-2-1.jpg\u00bb button_link=\u00bb#\u00bb url_new_window=\u00bboff\u00bb link_option_url_new_window=\u00bboff\u00bb background_color=\u00bb#f6eff9&#8243; background_color_gradient_type=\u00bblinear\u00bb background_color_gradient_direction=\u00bb180deg\u00bb background_color_gradient_direction_radial=\u00bbcenter\u00bb background_color_gradient_start_position=\u00bb0%\u00bb background_color_gradient_end_position=\u00bb100%\u00bb background_color_gradient_overlays_image=\u00bboff\u00bb parallax=\u00bboff\u00bb parallax_method=\u00bbon\u00bb background_size=\u00bbcover\u00bb background_position=\u00bbcenter\u00bb background_repeat=\u00bbno-repeat\u00bb background_blend=\u00bbnormal\u00bb allow_player_pause=\u00bboff\u00bb background_video_pause_outside_viewport=\u00bbon\u00bb text_border_radius=\u00bb3&#8243; alignment=\u00bbcenter\u00bb child_filter_hue_rotate=\u00bb0deg\u00bb child_filter_saturate=\u00bb100%\u00bb child_filter_brightness=\u00bb100%\u00bb child_filter_contrast=\u00bb100%\u00bb child_filter_invert=\u00bb0%\u00bb child_filter_sepia=\u00bb0%\u00bb child_filter_opacity=\u00bb100%\u00bb child_filter_blur=\u00bb0px\u00bb child_mix_blend_mode=\u00bbnormal\u00bb background_layout=\u00bbdark\u00bb text_shadow_style=\u00bbnone\u00bb header_text_shadow_style=\u00bbnone\u00bb body_text_shadow_style=\u00bbnone\u00bb custom_button=\u00bboff\u00bb button_bg_use_color_gradient=\u00bboff\u00bb button_bg_color_gradient_overlays_image=\u00bboff\u00bb button_use_icon=\u00bbon\u00bb button_on_hover=\u00bbon\u00bb button_text_shadow_style=\u00bbnone\u00bb box_shadow_style_button=\u00bbnone\u00bb hover_transition_duration=\u00bb300ms\u00bb hover_transition_delay=\u00bb0ms\u00bb hover_transition_speed_curve=\u00bbease\u00bb]<\/p>\n<p>TALLER ENERO<\/p>\n<p>[\/et_pb_slide][\/et_pb_fullwidth_slider][\/et_pb_section][et_pb_section bb_built=\u00bb1&#8243; _builder_version=\u00bb3.0.92&#8243; custom_padding=\u00bb54px|0px|10px|0px\u00bb prev_background_color=\u00bb#000000&#8243; next_background_color=\u00bb#000000&#8243;][et_pb_row custom_padding=\u00bb27px|0px|14px|0px\u00bb _builder_version=\u00bb3.0.92&#8243;][et_pb_column type=\u00bb1_2&#8243;][et_pb_text _builder_version=\u00bb3.17.2&#8243;]<\/p>\n<p>Nuestro eje vertical est\u00e1 representado por nuestra columna vertebral, nuestro sost\u00e9n, un soporte\u00a0 esencial en el cual podemos confiar en que nos da la fuerza necesaria para mantenernos en la vertical.<\/p>\n<p>En \u00e9ste taller vamos a explorar movimientos espec\u00edficos para:<\/p>\n<p>. Recobrar la movilidad y la estabilidad de nuestra columna vertebral.<br \/>\n. Encontrar la fuerza y la elasticidad muscular.<br \/>\n. Relajar las tensiones acumuladas en la espalda.<br \/>\n. Liberar las rigideces articulares.<br \/>\n. Crear los espacios intervertebrales necesarios para que los discos se puedan regenerar.<br \/>\n. Diferenciar la musculatura profunda de la superficial.<br \/>\n. Armonizar las curvas naturales de la C.V.<br \/>\n. Ampliar la capacidad respiratoria.<br \/>\n. Aprender a daros unos automasajes en la espalda con distintos materiales.<\/p>\n<p>La Anatom\u00eda para el movimiento creada por Blandine Calais-Germain nos dar\u00e1 una base anat\u00f3mica para la comprensi\u00f3n del funcionamiento de nuestra Columna Vertebral.<\/p>\n<p>El M\u00e9todo de liberaci\u00f3n de las corazas creado por Marie Lise Labont\u00e9 nos ayudar\u00e1 a liberar las contracturas, emociones, el estr\u00e9s\u2026.y tambi\u00e9n habr\u00e1n ense\u00f1anzas y pr\u00e1cticas\u00a0 para salir de nuestros encierros, de nuestras protecciones que provocan un malestar interior, un estado de ansiedad, una respiraci\u00f3n deficiente, un bloqueo de la circulaci\u00f3n sangu\u00ednea, inflamaci\u00f3n de los tejidos, insomnio, desajustes digestivos, pensamientos limitativos\u2026<\/p>\n<p>Este taller ayuda a mejorar la osteoporosis, a relajar las tensiones, a encontrar un alineamiento entre la cabeza y la pelvis.<\/p>\n<p>Est\u00e1 dirigido a todas las personas que quieran vivir la experiencia de c\u00f3mo tener una columna vertebral y una espalda en un buen estado de salut.<\/p>\n<p><strong><br \/>\nImpartido por Gloria Lerin<br \/>\nLugar: L\u2019eix-ample. C\/ Bruc 125 bajos. Barcelona<br \/>\nTel\u00e9fono: 93 457 61 40<br \/>\ninfo@glorialerin.com \/ www.glorialerin.com <\/strong><\/p>\n<p>[\/et_pb_text][\/et_pb_column][et_pb_column type=\u00bb1_2&#8243;][et_pb_text _builder_version=\u00bb3.17.2&#8243;]<\/p>\n<div class=\"col-md-6 col-sm-12 col-md-offset-1 sm-padding-five sm-no-padding-bottom xs-margin-eleven xs-no-margin-lr xs-no-margin-bottom\">\n<div class=\"col-md-12 no-padding\">\n<p><strong><span class=\"text-extra-large margin-eleven no-margin-lr no-margin-top display-inline-block fontDark black-text xs-margin-eleven xs-no-margin-lr xs-no-margin-top\">Fechas<\/span><\/strong><\/p>\n<p class=\"fontDark text-large width-90 xs-width-100\">S\u00e1bado 19 de enero 2019 de 10h a 14h<\/p>\n<\/div>\n<\/div>\n<p>[\/et_pb_text][et_pb_code _builder_version=\u00bb3.17.2&#8243;]&lt;iframe width=&quot;560&quot; height=&quot;315&quot; src=&quot;https:\/\/www.youtube.com\/embed\/K7rqlnkROuo&quot; frameborder=&quot;0&quot; allow=&quot;accelerometer; autoplay; encrypted-media; gyroscope; picture-in-picture&quot; allowfullscreen&gt;&lt;\/iframe&gt;[\/et_pb_code][\/et_pb_column][\/et_pb_row][\/et_pb_section][et_pb_section bb_built=\u00bb1&#8243; _builder_version=\u00bb3.0.92&#8243; custom_padding=\u00bb9px|0px|54px|0px\u00bb prev_background_color=\u00bb#000000&#8243;][et_pb_row _builder_version=\u00bb3.0.92&#8243;][et_pb_column type=\u00bb1_2&#8243;][et_pb_image src=\u00bbhttps:\/\/www.glorialerin.com\/terapias\/wp-content\/uploads\/2018\/01\/mandala-espalda-gloria-lerin.jpg\u00bb _builder_version=\u00bb3.17.2&#8243; \/][\/et_pb_column][et_pb_column type=\u00bb1_2&#8243;][et_pb_contact_form email=\u00bbinfo@glorialerin.com\u00bb title=\u00bb\u00bfTe interesa el taller %22La columna vertebral, un soporte esencial para nuestra espalda%22?\u00bb module_id=\u00bbet_pb_contact_form_0&#8243; _builder_version=\u00bb3.17.2&#8243; title_font=\u00bbMontserrat|700|||||||\u00bb title_font_size=\u00bb16px\u00bb title_line_height=\u00bb2em\u00bb form_field_font=\u00bbMontserrat||||||||\u00bb custom_button=\u00bbon\u00bb button_text_color=\u00bb#626262&#8243; button_font=\u00bbMontserrat||||||||\u00bb][et_pb_contact_field field_id=\u00bbNombre\u00bb field_title=\u00bbNombre*\u00bb fullwidth_field=\u00bbon\u00bb _builder_version=\u00bb3.0.92&#8243; \/][et_pb_contact_field field_id=\u00bbCorreo_electr\u00f3nico\u00bb field_title=\u00bbCorreo electr\u00f3nico*\u00bb fullwidth_field=\u00bbon\u00bb _builder_version=\u00bb3.0.92&#8243; \/][et_pb_contact_field field_id=\u00bbTel\u00e9fono\u00bb field_title=\u00bbTel\u00e9fono\u00bb required_mark=\u00bboff\u00bb fullwidth_field=\u00bbon\u00bb _builder_version=\u00bb3.0.92&#8243; \/][et_pb_contact_field field_id=\u00bbMensaje\u00bb field_title=\u00bbMensaje*\u00bb field_type=\u00bbtext\u00bb fullwidth_field=\u00bbon\u00bb _builder_version=\u00bb3.0.92&#8243; border_radii=\u00bbon||||\u00bb \/][et_pb_contact_field _builder_version=\u00bb3.0.92&#8243; field_id=\u00bbPol\u00edtica_de_privacidad\u00bb field_title=\u00bb \u00bb field_type=\u00bbcheckbox\u00bb checkbox_checked=\u00bboff\u00bb checkbox_options=\u00bb%91{%22value%22:%22He le\u00eddo y acepto la pol\u00edtica de privacidad.%22,%22checked%22:0}%93&#8243; radio_options=\u00bb%91{%22value%22:%22%22,%22checked%22:0}%93&#8243; select_options=\u00bb%91{%22value%22:%22%22,%22checked%22:0}%93&#8243; min_length=\u00bb0&#8243; max_length=\u00bb0&#8243; allowed_symbols=\u00bball\u00bb required_mark=\u00bbon\u00bb conditional_logic=\u00bboff\u00bb conditional_logic_relation=\u00bboff\u00bb conditional_logic_rules=\u00bb%91{%22field%22:%22nombre%22,%22condition%22:%22is%22,%22value%22:%22%22}%93&#8243; use_background_color_gradient=\u00bboff\u00bb background_color_gradient_start=\u00bb#2b87da\u00bb background_color_gradient_end=\u00bb#29c4a9&#8243; background_color_gradient_type=\u00bblinear\u00bb background_color_gradient_direction=\u00bb180deg\u00bb background_color_gradient_direction_radial=\u00bbcenter\u00bb background_color_gradient_start_position=\u00bb0%\u00bb background_color_gradient_end_position=\u00bb100%\u00bb background_color_gradient_overlays_image=\u00bboff\u00bb parallax=\u00bboff\u00bb parallax_method=\u00bbon\u00bb background_size=\u00bbcover\u00bb background_position=\u00bbcenter\u00bb background_repeat=\u00bbno-repeat\u00bb background_blend=\u00bbnormal\u00bb allow_player_pause=\u00bboff\u00bb fullwidth_field=\u00bbon\u00bb form_field_font=\u00bb||||||||\u00bb \/][\/et_pb_contact_form][\/et_pb_column][\/et_pb_row][\/et_pb_section]<\/p>\n","protected":false},"excerpt":{"rendered":"<p>TALLER ENERO Nuestro eje vertical est\u00e1 representado por nuestra columna vertebral, nuestro sost\u00e9n, un soporte\u00a0 esencial en el cual podemos confiar en que nos da la fuerza necesaria para mantenernos en la vertical. En \u00e9ste taller vamos a explorar movimientos espec\u00edficos para: . Recobrar la movilidad y la estabilidad de nuestra columna vertebral. . Encontrar [&hellip;]<\/p>\n","protected":false},"author":1,"featured_media":1505,"parent":0,"menu_order":0,"comment_status":"closed","ping_status":"closed","template":"","meta":{"_et_pb_use_builder":"on","_et_pb_old_content":"","_et_gb_content_width":"","footnotes":""},"class_list":["post-1507","page","type-page","status-publish","has-post-thumbnail","hentry"],"yoast_head":"<!-- This site is optimized with the Yoast SEO plugin v26.2 - https:\/\/yoast.com\/wordpress\/plugins\/seo\/ -->\n<title>La columna vertebral, un soporte esencial para nuestra espalda - Glora Lerin<\/title>\n<meta name=\"robots\" content=\"index, follow, max-snippet:-1, max-image-preview:large, max-video-preview:-1\" \/>\n<link rel=\"canonical\" href=\"https:\/\/www.glorialerin.com\/terapias\/la-columna-vertebral-un-soporte-esencial-para-nuestra-espalda\/\" \/>\n<meta property=\"og:locale\" content=\"es_ES\" \/>\n<meta property=\"og:type\" content=\"article\" \/>\n<meta property=\"og:title\" content=\"La columna vertebral, un soporte esencial para nuestra espalda - Glora Lerin\" \/>\n<meta property=\"og:description\" content=\"TALLER ENERO Nuestro eje vertical est\u00e1 representado por nuestra columna vertebral, nuestro sost\u00e9n, un soporte\u00a0 esencial en el cual podemos confiar en que nos da la fuerza necesaria para mantenernos en la vertical. En \u00e9ste taller vamos a explorar movimientos espec\u00edficos para: . Recobrar la movilidad y la estabilidad de nuestra columna vertebral. . Encontrar [&hellip;]\" \/>\n<meta property=\"og:url\" content=\"https:\/\/www.glorialerin.com\/terapias\/la-columna-vertebral-un-soporte-esencial-para-nuestra-espalda\/\" \/>\n<meta property=\"og:site_name\" content=\"Glora Lerin\" \/>\n<meta property=\"article:modified_time\" content=\"2018-12-31T10:07:13+00:00\" \/>\n<meta property=\"og:image\" content=\"https:\/\/www.glorialerin.com\/terapias\/wp-content\/uploads\/2018\/12\/la-columna-vertebral-un-soporte-esencial-para-nuestra-espalda-taller-2019-gloria-lerin.jpg\" \/>\n\t<meta property=\"og:image:width\" content=\"900\" \/>\n\t<meta property=\"og:image:height\" content=\"567\" \/>\n\t<meta property=\"og:image:type\" content=\"image\/jpeg\" \/>\n<meta name=\"twitter:card\" content=\"summary_large_image\" \/>\n<meta name=\"twitter:label1\" content=\"Tiempo de lectura\" \/>\n\t<meta name=\"twitter:data1\" content=\"6 minutos\" \/>\n<script type=\"application\/ld+json\" class=\"yoast-schema-graph\">{\"@context\":\"https:\/\/schema.org\",\"@graph\":[{\"@type\":\"WebPage\",\"@id\":\"https:\/\/www.glorialerin.com\/terapias\/la-columna-vertebral-un-soporte-esencial-para-nuestra-espalda\/\",\"url\":\"https:\/\/www.glorialerin.com\/terapias\/la-columna-vertebral-un-soporte-esencial-para-nuestra-espalda\/\",\"name\":\"La columna vertebral, un soporte esencial para nuestra espalda - Glora Lerin\",\"isPartOf\":{\"@id\":\"https:\/\/www.glorialerin.com\/terapias\/#website\"},\"primaryImageOfPage\":{\"@id\":\"https:\/\/www.glorialerin.com\/terapias\/la-columna-vertebral-un-soporte-esencial-para-nuestra-espalda\/#primaryimage\"},\"image\":{\"@id\":\"https:\/\/www.glorialerin.com\/terapias\/la-columna-vertebral-un-soporte-esencial-para-nuestra-espalda\/#primaryimage\"},\"thumbnailUrl\":\"https:\/\/www.glorialerin.com\/terapias\/wp-content\/uploads\/2018\/12\/la-columna-vertebral-un-soporte-esencial-para-nuestra-espalda-taller-2019-gloria-lerin.jpg\",\"datePublished\":\"2018-12-11T15:18:55+00:00\",\"dateModified\":\"2018-12-31T10:07:13+00:00\",\"breadcrumb\":{\"@id\":\"https:\/\/www.glorialerin.com\/terapias\/la-columna-vertebral-un-soporte-esencial-para-nuestra-espalda\/#breadcrumb\"},\"inLanguage\":\"es\",\"potentialAction\":[{\"@type\":\"ReadAction\",\"target\":[\"https:\/\/www.glorialerin.com\/terapias\/la-columna-vertebral-un-soporte-esencial-para-nuestra-espalda\/\"]}]},{\"@type\":\"ImageObject\",\"inLanguage\":\"es\",\"@id\":\"https:\/\/www.glorialerin.com\/terapias\/la-columna-vertebral-un-soporte-esencial-para-nuestra-espalda\/#primaryimage\",\"url\":\"https:\/\/www.glorialerin.com\/terapias\/wp-content\/uploads\/2018\/12\/la-columna-vertebral-un-soporte-esencial-para-nuestra-espalda-taller-2019-gloria-lerin.jpg\",\"contentUrl\":\"https:\/\/www.glorialerin.com\/terapias\/wp-content\/uploads\/2018\/12\/la-columna-vertebral-un-soporte-esencial-para-nuestra-espalda-taller-2019-gloria-lerin.jpg\",\"width\":900,\"height\":567},{\"@type\":\"BreadcrumbList\",\"@id\":\"https:\/\/www.glorialerin.com\/terapias\/la-columna-vertebral-un-soporte-esencial-para-nuestra-espalda\/#breadcrumb\",\"itemListElement\":[{\"@type\":\"ListItem\",\"position\":1,\"name\":\"Portada\",\"item\":\"https:\/\/www.glorialerin.com\/terapias\/\"},{\"@type\":\"ListItem\",\"position\":2,\"name\":\"La columna vertebral, un soporte esencial para nuestra espalda\"}]},{\"@type\":\"WebSite\",\"@id\":\"https:\/\/www.glorialerin.com\/terapias\/#website\",\"url\":\"https:\/\/www.glorialerin.com\/terapias\/\",\"name\":\"Glora Lerin\",\"description\":\"\",\"potentialAction\":[{\"@type\":\"SearchAction\",\"target\":{\"@type\":\"EntryPoint\",\"urlTemplate\":\"https:\/\/www.glorialerin.com\/terapias\/?s={search_term_string}\"},\"query-input\":{\"@type\":\"PropertyValueSpecification\",\"valueRequired\":true,\"valueName\":\"search_term_string\"}}],\"inLanguage\":\"es\"}]}<\/script>\n<!-- \/ Yoast SEO plugin. -->","yoast_head_json":{"title":"La columna vertebral, un soporte esencial para nuestra espalda - Glora Lerin","robots":{"index":"index","follow":"follow","max-snippet":"max-snippet:-1","max-image-preview":"max-image-preview:large","max-video-preview":"max-video-preview:-1"},"canonical":"https:\/\/www.glorialerin.com\/terapias\/la-columna-vertebral-un-soporte-esencial-para-nuestra-espalda\/","og_locale":"es_ES","og_type":"article","og_title":"La columna vertebral, un soporte esencial para nuestra espalda - Glora Lerin","og_description":"TALLER ENERO Nuestro eje vertical est\u00e1 representado por nuestra columna vertebral, nuestro sost\u00e9n, un soporte\u00a0 esencial en el cual podemos confiar en que nos da la fuerza necesaria para mantenernos en la vertical. En \u00e9ste taller vamos a explorar movimientos espec\u00edficos para: . Recobrar la movilidad y la estabilidad de nuestra columna vertebral. . Encontrar [&hellip;]","og_url":"https:\/\/www.glorialerin.com\/terapias\/la-columna-vertebral-un-soporte-esencial-para-nuestra-espalda\/","og_site_name":"Glora Lerin","article_modified_time":"2018-12-31T10:07:13+00:00","og_image":[{"width":900,"height":567,"url":"https:\/\/www.glorialerin.com\/terapias\/wp-content\/uploads\/2018\/12\/la-columna-vertebral-un-soporte-esencial-para-nuestra-espalda-taller-2019-gloria-lerin.jpg","type":"image\/jpeg"}],"twitter_card":"summary_large_image","twitter_misc":{"Tiempo de lectura":"6 minutos"},"schema":{"@context":"https:\/\/schema.org","@graph":[{"@type":"WebPage","@id":"https:\/\/www.glorialerin.com\/terapias\/la-columna-vertebral-un-soporte-esencial-para-nuestra-espalda\/","url":"https:\/\/www.glorialerin.com\/terapias\/la-columna-vertebral-un-soporte-esencial-para-nuestra-espalda\/","name":"La columna vertebral, un soporte esencial para nuestra espalda - Glora Lerin","isPartOf":{"@id":"https:\/\/www.glorialerin.com\/terapias\/#website"},"primaryImageOfPage":{"@id":"https:\/\/www.glorialerin.com\/terapias\/la-columna-vertebral-un-soporte-esencial-para-nuestra-espalda\/#primaryimage"},"image":{"@id":"https:\/\/www.glorialerin.com\/terapias\/la-columna-vertebral-un-soporte-esencial-para-nuestra-espalda\/#primaryimage"},"thumbnailUrl":"https:\/\/www.glorialerin.com\/terapias\/wp-content\/uploads\/2018\/12\/la-columna-vertebral-un-soporte-esencial-para-nuestra-espalda-taller-2019-gloria-lerin.jpg","datePublished":"2018-12-11T15:18:55+00:00","dateModified":"2018-12-31T10:07:13+00:00","breadcrumb":{"@id":"https:\/\/www.glorialerin.com\/terapias\/la-columna-vertebral-un-soporte-esencial-para-nuestra-espalda\/#breadcrumb"},"inLanguage":"es","potentialAction":[{"@type":"ReadAction","target":["https:\/\/www.glorialerin.com\/terapias\/la-columna-vertebral-un-soporte-esencial-para-nuestra-espalda\/"]}]},{"@type":"ImageObject","inLanguage":"es","@id":"https:\/\/www.glorialerin.com\/terapias\/la-columna-vertebral-un-soporte-esencial-para-nuestra-espalda\/#primaryimage","url":"https:\/\/www.glorialerin.com\/terapias\/wp-content\/uploads\/2018\/12\/la-columna-vertebral-un-soporte-esencial-para-nuestra-espalda-taller-2019-gloria-lerin.jpg","contentUrl":"https:\/\/www.glorialerin.com\/terapias\/wp-content\/uploads\/2018\/12\/la-columna-vertebral-un-soporte-esencial-para-nuestra-espalda-taller-2019-gloria-lerin.jpg","width":900,"height":567},{"@type":"BreadcrumbList","@id":"https:\/\/www.glorialerin.com\/terapias\/la-columna-vertebral-un-soporte-esencial-para-nuestra-espalda\/#breadcrumb","itemListElement":[{"@type":"ListItem","position":1,"name":"Portada","item":"https:\/\/www.glorialerin.com\/terapias\/"},{"@type":"ListItem","position":2,"name":"La columna vertebral, un soporte esencial para nuestra espalda"}]},{"@type":"WebSite","@id":"https:\/\/www.glorialerin.com\/terapias\/#website","url":"https:\/\/www.glorialerin.com\/terapias\/","name":"Glora Lerin","description":"","potentialAction":[{"@type":"SearchAction","target":{"@type":"EntryPoint","urlTemplate":"https:\/\/www.glorialerin.com\/terapias\/?s={search_term_string}"},"query-input":{"@type":"PropertyValueSpecification","valueRequired":true,"valueName":"search_term_string"}}],"inLanguage":"es"}]}},"_links":{"self":[{"href":"https:\/\/www.glorialerin.com\/terapias\/wp-json\/wp\/v2\/pages\/1507","targetHints":{"allow":["GET"]}}],"collection":[{"href":"https:\/\/www.glorialerin.com\/terapias\/wp-json\/wp\/v2\/pages"}],"about":[{"href":"https:\/\/www.glorialerin.com\/terapias\/wp-json\/wp\/v2\/types\/page"}],"author":[{"embeddable":true,"href":"https:\/\/www.glorialerin.com\/terapias\/wp-json\/wp\/v2\/users\/1"}],"replies":[{"embeddable":true,"href":"https:\/\/www.glorialerin.com\/terapias\/wp-json\/wp\/v2\/comments?post=1507"}],"version-history":[{"count":4,"href":"https:\/\/www.glorialerin.com\/terapias\/wp-json\/wp\/v2\/pages\/1507\/revisions"}],"predecessor-version":[{"id":1531,"href":"https:\/\/www.glorialerin.com\/terapias\/wp-json\/wp\/v2\/pages\/1507\/revisions\/1531"}],"wp:featuredmedia":[{"embeddable":true,"href":"https:\/\/www.glorialerin.com\/terapias\/wp-json\/wp\/v2\/media\/1505"}],"wp:attachment":[{"href":"https:\/\/www.glorialerin.com\/terapias\/wp-json\/wp\/v2\/media?parent=1507"}],"curies":[{"name":"wp","href":"https:\/\/api.w.org\/{rel}","templated":true}]}}